{"id":1040,"date":"2021-02-16T15:16:16","date_gmt":"2021-02-16T14:16:16","guid":{"rendered":"https:\/\/www.confagricoltura.org\/reggio-emilia\/?page_id=1040"},"modified":"2021-06-15T15:28:04","modified_gmt":"2021-06-15T13:28:04","slug":"servizi","status":"publish","type":"page","link":"https:\/\/www.confagricoltura.org\/reggio-emilia\/servizi\/","title":{"rendered":"Servizi"},"content":{"rendered":"\n<div class=\"row\"  id=\"row-484873140\">\n\n\n\t<div id=\"col-2065794778\" class=\"col medium-3 small-12 large-3\"  >\n\t\t\t\t<div class=\"col-inner\"  >\n\t\t\t\n\t\t\t\n\n\n\t\t<\/div>\n\t\t\t\t\t<\/div>\n\n\t\n\n\t<div id=\"col-1727556153\" class=\"col medium-9 small-12 large-9\"  >\n\t\t\t\t<div class=\"col-inner\"  >\n\t\t\t\n\t\t\t\n\n<div class=\"is-divider divider clearfix\" style=\"margin-top:0px;margin-bottom:0px;max-width:100%;height:1px;\"><\/div>\n\n\n\t\t<\/div>\n\t\t\t\t\n<style>\n#col-1727556153 > .col-inner {\n  padding: 0 0px 0px 0px;\n  margin: 0 0px 0px 0px;\n}\n<\/style>\n\t<\/div>\n\n\t\n\n<\/div>\n<div class=\"row\"  id=\"row-33093480\">\n\n\n\t<div id=\"col-1286181065\" class=\"col medium-3 small-12 large-3\"  >\n\t\t\t\t<div class=\"col-inner\"  >\n\t\t\t\n\t\t\t\n\n\n\t\t<\/div>\n\t\t\t\t\t<\/div>\n\n\t\n\n\t<div id=\"col-1675880934\" class=\"col medium-9 small-12 large-9\"  >\n\t\t\t\t<div class=\"col-inner\"  >\n\t\t\t\n\t\t\t\n\n<ul class=\"sidebar-wrapper ul-reset\"><div class=\"breadcrumbs\" itemscope itemtype=\"https:\/\/schema.org\/BreadcrumbList\"><span property=\"itemListElement\" typeof=\"ListItem\"><a property=\"item\" typeof=\"WebPage\" title=\"Vai a Confagricoltura Reggio Emilia.\" href=\"https:\/\/www.confagricoltura.org\/reggio-emilia\" class=\"home\" aria-current=\"page\"><span property=\"name\">Confagricoltura Reggio Emilia<\/span><\/a><meta property=\"position\" content=\"1\"><\/span><\/div><\/ul>\n\n<h1>I Servizi<\/h1>\n\n\t\t<\/div>\n\t\t\t\t\t<\/div>\n\n\t\n\n<\/div>\n\n  <div class=\"banner has-hover banner-pages\" id=\"banner-985137452\">\n          <div class=\"banner-inner fill\">\n        <div class=\"banner-bg fill\" >\n            <div class=\"bg fill bg-fill \"><\/div>\n                                    \n                    <\/div>\n\t\t\n        <div class=\"banner-layers container\">\n            <div class=\"fill banner-link\"><\/div>            \n\n   <div id=\"text-box-1107818867\" class=\"text-box banner-layer banner-paragraph x5 md-x5 lg-x5 y50 md-y50 lg-y50 res-text\">\n                                <div class=\"text-box-content text dark\">\n              \n              <div class=\"text-inner text-center\">\n                  \n\n\n              <\/div>\n           <\/div>\n                            \n<style>\n#text-box-1107818867 {\n  width: 60%;\n}\n#text-box-1107818867 .text-box-content {\n  font-size: 100%;\n}\n<\/style>\n    <\/div>\n \n\n        <\/div>\n      <\/div>\n\n            \n<style>\n#banner-985137452 {\n  padding-top: 280px;\n}\n#banner-985137452 .bg.bg-loaded {\n  background-image: url(https:\/\/www.confagricoltura.org\/reggio-emilia\/wp-content\/uploads\/sites\/14\/2021\/01\/dirigenti-strada.jpg);\n}\n<\/style>\n  <\/div>\n\n\n\t<section class=\"section\" id=\"section_1588832478\">\n\t\t<div class=\"bg section-bg fill bg-fill  bg-loaded\" >\n\n\t\t\t\n\t\t\t\n\t\t\t\n\n\t\t<\/div>\n\n\t\t\n\n\t\t<div class=\"section-content relative\">\n\t\t\t\n\n<div class=\"row\"  id=\"row-515252146\">\n\n\n\t<div id=\"col-52853205\" class=\"col medium-3 small-12 large-3\"  >\n\t\t\t\t<div class=\"col-inner\"  >\n\t\t\t\n\t\t\t\n\n<ul class=\"sidebar-wrapper ul-reset\"><div class=\"textwidget custom-html-widget\"><div class=\"sidebar first-el sidebar-transp\">\r\n<hr>\r\n<p><a href=\"https:\/\/www.confagricoltura.org\/reggio-emilia\/chi-siamo\/\" target=\"_self\">Confagricoltura Reggio Emilia<\/a><\/p>\r\n<hr>\r\n<p><a href=\"https:\/\/www.confagricoltura.org\/reggio-emilia\/dirigenti\/\" target=\"_self\">Dirigenza<\/a><\/p>\r\n<hr>\r\n<p><a href=\"https:\/\/www.confagricoltura.org\/reggio-emilia\/servizi\/\" target=\"_self\">Servizi<\/a><\/p>\r\n<hr>\r\n<p><a href=\"https:\/\/www.confagricoltura.org\/reggio-emilia\/organigramma\/\" target=\"_self\">Organigramma<\/a><\/p>\r\n<hr>\r\n<p><a href=\"https:\/\/www.confagricoltura.org\/reggio-emilia\/enti-collegati\/\" target=\"_self\">Enti collegati<\/a><\/p>\r\n<hr>\r\n<p><a href=\"https:\/\/www.confagricoltura.org\/reggio-emilia\/contatti\/\" target=\"_self\">Contatti<\/a><\/p>\r\n<hr>\r\n<\/div><\/div><div class=\"textwidget custom-html-widget\"><div class=\"sidebar sidebar-blu sidebar-nomenu\">\r\n<h5>Link<\/h5>\r\n<hr>\r\n<a href=\"https:\/\/www.confagricoltura.org\/reggio-emilia\/enti-associati\/caa-confagricoltura\/\" target=\"_self\"><p>CAA Confagricoltura Reggio Emilia<\/p><\/a>\r\n<hr>\r\n<a href=\"https:\/\/www.confagricoltura.org\/reggio-emilia\/enti-associati\/agriturist\/\" target=\"_self\"><p>Agriturist Reggio Emilia<\/p><\/a>\r\n<hr>\r\n<a href=\"https:\/\/www.confagricoltura.org\/reggio-emilia\/enti-associati\/anga\/\" target=\"_self\"><p>Anga Giovani Agricoltori<\/p><\/a>\r\n<hr>\r\n<a href=\"https:\/\/www.confagricoltura.org\/reggio-emilia\/enti-associati\/enapa\/\" target=\"_self\"><p>Patronato Enapa<\/p><\/a>\r\n<hr>\r\n<a href=\"https:\/\/www.confagricoltura.org\/reggio-emilia\/enti-associati\/confagricoltura-donna\/\" target=\"_self\"><p>Confagricoltura Donna<\/p><\/a>\r\n<\/div><\/div><div class=\"textwidget custom-html-widget\"><div class=\"sidebar sidebar-blu sidebar-nomenu\">\r\n<h5>Link di interesse<\/h5>\r\n<hr>\r\n<a href=\"https:\/\/www.comitatoimi.it\/\" target=\"_blank\"><p>Integrazione malattia ed infortuni<\/p><\/a>\r\n<\/div><\/div><\/ul>\n\n\n\t\t<\/div>\n\t\t\t\t\t<\/div>\n\n\t\n\n\t<div id=\"col-1709651710\" class=\"col medium-9 small-12 large-9\"  >\n\t\t\t\t<div class=\"col-inner\"  >\n\t\t\t\n\t\t\t\n\n<h2 class=\"supertitle-paragraph\">Confagricoltura Reggio Emilia svolge azioni di assistenza e consulenza in ogni campo alle aziende associate<\/h2>\n<h3>Direzione<\/h3>\n<p>La direzione di Confagricoltura si occupa degli aspetti sindacali generali e dell\u2019organizzazione dei servizi e degli uffici.<\/p>\n<h3>Ufficio sindacale<\/h3>\n<p>L\u2019Ufficio Sindacale svolge assistenza in merito ai rapporti tra datori di lavoro e dipendenti agricoli, contributivi e di diritto del lavoro; segue la contrattazione collettiva di lavoro in agricoltura. Al suo interno opera il Servizio paghe, che provvede per conto dell\u2019imprese a redigere le buste paga dei dipendenti.<\/p>\n<h3>Ufficio tributario<\/h3>\n<p>L\u2019Ufficio tributario cura le pratiche riguardanti l\u2019applicazione delle varie imposte e tasse e fornisce consulenza ed assistenza agli agricoltori in merito alla legislazione fiscale. Al suo interno opera il servizio Iva, il servizio dichiarazioni dei redditi, Irap ed Ici. Inoltre si occupa delle varie pratiche inerenti i ricorsi con gli uffici tributari, dei rapporti con la Camera di Commercio e l\u2019Agenzia delle Entrate. E\u2019 attivo lo Sportello del Caaf Confagricoltura Pensionati Srl.<\/p>\n<h3>Assistenza tecnico-economica ed ambientale<\/h3>\n<p>L\u2019Ufficio tecnico si occupa dei problemi ambientali, economici e tecnici delle aziende. In particolare le aziende vengono assistite nelle pratiche di finanziamenti comunitari, nazionali e regionali. D\u00e0 consulenza sull\u2019ammodernamento delle strutture, sulla razionalizzazione aziendale ed assiste i soci nei rapporti con Enti Pubblici ed Amministrazioni locali. Sono inoltre implementati i servizi a tutela della sicurezza e di consulenza per gli agriturismi.<\/p>\n<h3>Assistenza contrattuale<\/h3>\n<p>All\u2019interno di Confagricoltura viene fornita assistenza contrattuale alle aziende che cedono o conducono in affitto terreni e fondi rustici, attraverso i diversi Sindacati di categoria: Proprietari con beni affittati e Affittuari coltivatori diretti o in economia.<\/p>\n<h3>Area espropri e servit\u00f9 territoriali<\/h3>\n<p>Nell\u2019ambito dell\u2019assistenza contrattuale, Confagricoltura assiste i proprietari dei fondi agricoli nelle varie fasi dei procedimenti espropriativi o di pubbliche servit\u00f9, in conformit\u00e0 con leggi vigenti in materia. Confagricoltura Reggio Emilia \u00e8 presente con proprio funzionario nella Commissione Provinciale degli Espropri e dei Valori Agricoli Medi.<\/p>\n<h3>Utenza motori agricoli (Uma)<\/h3>\n<p>All\u2019interno di Confagricoltura opera un apposito Ufficio che si occupa delle pratiche inerenti il carburante agricolo agevolato. Svolge inoltre le pratiche relative alle variazioni del parco macchine aziendale e autorizzazioni alla circolazione di veicoli eccezionali.<\/p>\n<h3>Comunicazione e stampa<\/h3>\n<p>Confagricoltura si avvale di un ufficio stampa che si occupa della comunicazione esterna, dell\u2019aggiornamento di questo sito, della pagina Facebook: \u201cConfagricoltura Reggio Emilia\u201d e della pagina instragram &#8220;confagricoltura_re&#8221;.<\/p>\n\n\t\t<\/div>\n\t\t\t\t\t<\/div>\n\n\t\n\n<\/div>\n<div class=\"row text-center upper-footer\"  id=\"row-330588748\">\n\n\n\t<div id=\"col-152565586\" class=\"col small-12 large-12\"  >\n\t\t\t\t<div class=\"col-inner\"  >\n\t\t\t\n\t\t\t\n\n<hr \/>\n<h1>Ultime notizie<\/h1>\n\n\t\t<\/div>\n\t\t\t\t\t<\/div>\n\n\t\n\n<\/div>\n\n  \n    <div class=\"row blog-post footer-page-post large-columns-4 medium-columns-1 small-columns-1\" >\n  <\/div>\n\n\n\t\t<\/div>\n\n\t\t\n<style>\n#section_1588832478 {\n  padding-top: 30px;\n  padding-bottom: 30px;\n}\n<\/style>\n\t<\/section>\n\t\n<div class=\"row last-update-page\"  id=\"row-287552160\">\n\n\n\t<div id=\"col-1484358166\" class=\"col small-12 large-12\"  >\n\t\t\t\t<div class=\"col-inner\"  >\n\t\t\t\n\t\t\t\n\n<hr>\n<p style=\"text-align: center\"><span data-text-color=\"primary\">Ultima modifica: 15 Giugno 2021<\/span><\/p>\n\n\t\t<\/div>\n\t\t\t\t\t<\/div>\n\n\t\n\n<\/div>\n\n","protected":false},"excerpt":{"rendered":"","protected":false},"author":1,"featured_media":0,"parent":0,"menu_order":0,"comment_status":"closed","ping_status":"closed","template":"page-blank.php","meta":{"wp_mapbox_gl_js_media":[],"footnotes":""},"class_list":["post-1040","page","type-page","status-publish","hentry"],"yoast_head":"<!-- This site is optimized with the Yoast SEO plugin v26.8 - https:\/\/yoast.com\/product\/yoast-seo-wordpress\/ -->\n<title>Servizi - Confagricoltura Reggio Emilia<\/title>\n<meta name=\"robots\" content=\"index, follow, max-snippet:-1, max-image-preview:large, max-video-preview:-1\" \/>\n<link rel=\"canonical\" href=\"https:\/\/www.confagricoltura.org\/reggio-emilia\/servizi\/\" \/>\n<meta property=\"og:locale\" content=\"it_IT\" \/>\n<meta property=\"og:type\" content=\"article\" \/>\n<meta property=\"og:title\" content=\"Servizi - Confagricoltura Reggio Emilia\" \/>\n<meta property=\"og:url\" content=\"https:\/\/www.confagricoltura.org\/reggio-emilia\/servizi\/\" \/>\n<meta property=\"og:site_name\" content=\"Confagricoltura Reggio Emilia\" \/>\n<meta property=\"article:modified_time\" content=\"2021-06-15T13:28:04+00:00\" \/>\n<meta name=\"twitter:card\" content=\"summary_large_image\" \/>\n<meta name=\"twitter:label1\" content=\"Tempo di lettura stimato\" \/>\n\t<meta name=\"twitter:data1\" content=\"2 minuti\" \/>\n<script type=\"application\/ld+json\" class=\"yoast-schema-graph\">{\"@context\":\"https:\/\/schema.org\",\"@graph\":[{\"@type\":\"WebPage\",\"@id\":\"https:\/\/www.confagricoltura.org\/reggio-emilia\/servizi\/\",\"url\":\"https:\/\/www.confagricoltura.org\/reggio-emilia\/servizi\/\",\"name\":\"Servizi - Confagricoltura Reggio Emilia\",\"isPartOf\":{\"@id\":\"https:\/\/www.confagricoltura.org\/reggio-emilia\/#website\"},\"datePublished\":\"2021-02-16T14:16:16+00:00\",\"dateModified\":\"2021-06-15T13:28:04+00:00\",\"breadcrumb\":{\"@id\":\"https:\/\/www.confagricoltura.org\/reggio-emilia\/servizi\/#breadcrumb\"},\"inLanguage\":\"it-IT\",\"potentialAction\":[{\"@type\":\"ReadAction\",\"target\":[\"https:\/\/www.confagricoltura.org\/reggio-emilia\/servizi\/\"]}]},{\"@type\":\"BreadcrumbList\",\"@id\":\"https:\/\/www.confagricoltura.org\/reggio-emilia\/servizi\/#breadcrumb\",\"itemListElement\":[{\"@type\":\"ListItem\",\"position\":1,\"name\":\"Home\",\"item\":\"https:\/\/www.confagricoltura.org\/reggio-emilia\/\"},{\"@type\":\"ListItem\",\"position\":2,\"name\":\"Servizi\"}]},{\"@type\":\"WebSite\",\"@id\":\"https:\/\/www.confagricoltura.org\/reggio-emilia\/#website\",\"url\":\"https:\/\/www.confagricoltura.org\/reggio-emilia\/\",\"name\":\"Confagricoltura Reggio Emilia\",\"description\":\"Dalla parte degli Agricoltori\",\"potentialAction\":[{\"@type\":\"SearchAction\",\"target\":{\"@type\":\"EntryPoint\",\"urlTemplate\":\"https:\/\/www.confagricoltura.org\/reggio-emilia\/?s={search_term_string}\"},\"query-input\":{\"@type\":\"PropertyValueSpecification\",\"valueRequired\":true,\"valueName\":\"search_term_string\"}}],\"inLanguage\":\"it-IT\"}]}<\/script>\n<!-- \/ Yoast SEO plugin. -->","yoast_head_json":{"title":"Servizi - Confagricoltura Reggio Emilia","robots":{"index":"index","follow":"follow","max-snippet":"max-snippet:-1","max-image-preview":"max-image-preview:large","max-video-preview":"max-video-preview:-1"},"canonical":"https:\/\/www.confagricoltura.org\/reggio-emilia\/servizi\/","og_locale":"it_IT","og_type":"article","og_title":"Servizi - Confagricoltura Reggio Emilia","og_url":"https:\/\/www.confagricoltura.org\/reggio-emilia\/servizi\/","og_site_name":"Confagricoltura Reggio Emilia","article_modified_time":"2021-06-15T13:28:04+00:00","twitter_card":"summary_large_image","twitter_misc":{"Tempo di lettura stimato":"2 minuti"},"schema":{"@context":"https:\/\/schema.org","@graph":[{"@type":"WebPage","@id":"https:\/\/www.confagricoltura.org\/reggio-emilia\/servizi\/","url":"https:\/\/www.confagricoltura.org\/reggio-emilia\/servizi\/","name":"Servizi - Confagricoltura Reggio Emilia","isPartOf":{"@id":"https:\/\/www.confagricoltura.org\/reggio-emilia\/#website"},"datePublished":"2021-02-16T14:16:16+00:00","dateModified":"2021-06-15T13:28:04+00:00","breadcrumb":{"@id":"https:\/\/www.confagricoltura.org\/reggio-emilia\/servizi\/#breadcrumb"},"inLanguage":"it-IT","potentialAction":[{"@type":"ReadAction","target":["https:\/\/www.confagricoltura.org\/reggio-emilia\/servizi\/"]}]},{"@type":"BreadcrumbList","@id":"https:\/\/www.confagricoltura.org\/reggio-emilia\/servizi\/#breadcrumb","itemListElement":[{"@type":"ListItem","position":1,"name":"Home","item":"https:\/\/www.confagricoltura.org\/reggio-emilia\/"},{"@type":"ListItem","position":2,"name":"Servizi"}]},{"@type":"WebSite","@id":"https:\/\/www.confagricoltura.org\/reggio-emilia\/#website","url":"https:\/\/www.confagricoltura.org\/reggio-emilia\/","name":"Confagricoltura Reggio Emilia","description":"Dalla parte degli Agricoltori","potentialAction":[{"@type":"SearchAction","target":{"@type":"EntryPoint","urlTemplate":"https:\/\/www.confagricoltura.org\/reggio-emilia\/?s={search_term_string}"},"query-input":{"@type":"PropertyValueSpecification","valueRequired":true,"valueName":"search_term_string"}}],"inLanguage":"it-IT"}]}},"_links":{"self":[{"href":"https:\/\/www.confagricoltura.org\/reggio-emilia\/wp-json\/wp\/v2\/pages\/1040","targetHints":{"allow":["GET"]}}],"collection":[{"href":"https:\/\/www.confagricoltura.org\/reggio-emilia\/wp-json\/wp\/v2\/pages"}],"about":[{"href":"https:\/\/www.confagricoltura.org\/reggio-emilia\/wp-json\/wp\/v2\/types\/page"}],"author":[{"embeddable":true,"href":"https:\/\/www.confagricoltura.org\/reggio-emilia\/wp-json\/wp\/v2\/users\/1"}],"replies":[{"embeddable":true,"href":"https:\/\/www.confagricoltura.org\/reggio-emilia\/wp-json\/wp\/v2\/comments?post=1040"}],"version-history":[{"count":5,"href":"https:\/\/www.confagricoltura.org\/reggio-emilia\/wp-json\/wp\/v2\/pages\/1040\/revisions"}],"predecessor-version":[{"id":1254,"href":"https:\/\/www.confagricoltura.org\/reggio-emilia\/wp-json\/wp\/v2\/pages\/1040\/revisions\/1254"}],"wp:attachment":[{"href":"https:\/\/www.confagricoltura.org\/reggio-emilia\/wp-json\/wp\/v2\/media?parent=1040"}],"curies":[{"name":"wp","href":"https:\/\/api.w.org\/{rel}","templated":true}]}}