{"id":1121,"date":"2021-03-04T12:21:51","date_gmt":"2021-03-04T11:21:51","guid":{"rendered":"https:\/\/www.confagricoltura.org\/ravenna\/enti-associati\/agriturist\/"},"modified":"2021-03-16T14:18:44","modified_gmt":"2021-03-16T13:18:44","slug":"agriturist","status":"publish","type":"page","link":"https:\/\/www.confagricoltura.org\/ravenna\/enti-collegati\/agriturist\/","title":{"rendered":"Agriturist"},"content":{"rendered":"\n<div class=\"row\"  id=\"row-813223036\">\n\n\n\t<div id=\"col-1275688880\" class=\"col medium-3 small-12 large-3\"  >\n\t\t\t\t<div class=\"col-inner\"  >\n\t\t\t\n\t\t\t\n\n\n\t\t<\/div>\n\t\t\t\t\t<\/div>\n\n\t\n\n\t<div id=\"col-1183163458\" class=\"col medium-9 small-12 large-9\"  >\n\t\t\t\t<div class=\"col-inner\"  >\n\t\t\t\n\t\t\t\n\n<div class=\"is-divider divider clearfix\" style=\"margin-top:0px;margin-bottom:0px;max-width:100%;height:1px;\"><\/div>\n\n\n\t\t<\/div>\n\t\t\t\t\t<\/div>\n\n\t\n\n<\/div>\n<div class=\"row generic-page\"  id=\"row-1624846931\">\n\n\n\t<div id=\"col-340197437\" class=\"col medium-3 small-12 large-3\"  >\n\t\t\t\t<div class=\"col-inner\"  >\n\t\t\t\n\t\t\t\n\n<ul class=\"sidebar-wrapper ul-reset\"><div class=\"textwidget custom-html-widget\"><div class=\"sidebar first-el sidebar-transp\">\r\n<hr>\r\n<p><a href=\"https:\/\/www.confagricoltura.org\/ravenna\/chi-siamo\/\" target=\"_self\">Confagricoltura Ravenna<\/a><\/p>\r\n<hr>\r\n<p><a href=\"https:\/\/www.confagricoltura.org\/ravenna\/dirigenti\/\" target=\"_self\">Dirigenza<\/a><\/p>\r\n<hr>\r\n<p><a href=\"https:\/\/www.confagricoltura.org\/ravenna\/servizi\/\" target=\"_self\">Servizi<\/a><\/p>\r\n<hr>\r\n<p><a href=\"https:\/\/www.confagricoltura.org\/ravenna\/organigramma\/\" target=\"_self\">Organigramma<\/a><\/p>\r\n<hr>\r\n<p><a href=\"https:\/\/www.confagricoltura.org\/ravenna\/enti-collegati\/\" target=\"_self\">Enti collegati<\/a><\/p>\r\n<hr>\r\n<p><a href=\"https:\/\/www.confagricoltura.org\/ravenna\/contatti\/\" target=\"_self\">Contatti<\/a><\/p>\r\n<hr>\r\n<\/div><\/div><div class=\"textwidget custom-html-widget\"><div class=\"sidebar sidebar-blu sidebar-nomenu\">\r\n<h5>Link<\/h5>\r\n<hr>\r\n<a href=\"https:\/\/www.confagricoltura.org\/ravenna\/enti-associati\/agriturist\/\" target=\"_self\"><p>Agriturist Ravenna<\/p><\/a>\r\n<hr>\r\n<a href=\"https:\/\/www.confagricoltura.org\/ravenna\/enti-associati\/anga\/\" target=\"_self\"><p>Anga Giovani Agricoltori<\/p><\/a>\r\n<hr>\r\n<a href=\"https:\/\/www.confagricoltura.org\/ravenna\/enti-associati\/confagricoltura-donna\/\" target=\"_self\"><p>Confagricoltura Donna<\/p><\/a>\r\n<\/div><\/div><div class=\"textwidget custom-html-widget\"><div class=\"sidebar sidebar-blu sidebar-nomenu\">\r\n<h5>Link di interesse<\/h5>\r\n<hr>\r\n<a href=\"https:\/\/www.agerborsamerci.it\/\" target=\"_blank\"><p>Borsa Merci Bologna<\/p><\/a>\r\n\t<hr>\r\n<a href=\"https:\/\/www.mo.camcom.it\/tutela-del-mercato\/borsa-merci\" target=\"_blank\"><p>Borsa Merci Modena<\/p><\/a>\r\n<\/div><\/div><\/ul>\n\n\n\t\t<\/div>\n\t\t\t\t\t<\/div>\n\n\t\n\n\t<div id=\"col-764279702\" class=\"col medium-9 small-12 large-9\"  >\n\t\t\t\t<div class=\"col-inner\"  >\n\t\t\t\n\t\t\t\n\n<ul class=\"sidebar-wrapper ul-reset\"><div class=\"breadcrumbs\" itemscope itemtype=\"https:\/\/schema.org\/BreadcrumbList\"><span property=\"itemListElement\" typeof=\"ListItem\"><a property=\"item\" typeof=\"WebPage\" title=\"Vai a Confagricoltura Ravenna.\" href=\"https:\/\/www.confagricoltura.org\/ravenna\" class=\"home\" aria-current=\"page\"><span property=\"name\">Confagricoltura Ravenna<\/span><\/a><meta property=\"position\" content=\"1\"><\/span><\/div><\/ul>\n\n<h1>Agriturist<\/h1>\n\t<div id=\"gap-812094533\" class=\"gap-element clearfix\" style=\"display:block; height:auto;\">\n\t\t\n<style>\n#gap-812094533 {\n  padding-top: 21px;\n}\n<\/style>\n\t<\/div>\n\t\n\n<h2>Agriturist \u00e8 l&#8217;Associazione Nazionale per l&#8217;Agriturismo, l&#8217;Ambiente e il Territorio, una confederazione di Associazioni Regionali e Sezioni Provinciali.<\/h2>\n\t<div id=\"gap-1318369192\" class=\"gap-element clearfix\" style=\"display:block; height:auto;\">\n\t\t\n<style>\n#gap-1318369192 {\n  padding-top: 44px;\n}\n<\/style>\n\t<\/div>\n\t\n\n<div class=\"row\"  id=\"row-2099130567\">\n\n\n\t<div id=\"col-1417014498\" class=\"col medium-5 small-12 large-5\"  >\n\t\t\t\t<div class=\"col-inner\"  >\n\t\t\t\n\t\t\t\n\n\t<div class=\"img has-hover x md-x lg-x y md-y lg-y\" id=\"image_248373860\">\n\t\t\t\t\t\t\t\t<div class=\"img-inner dark\" >\n\t\t\t<img loading=\"lazy\" decoding=\"async\" width=\"591\" height=\"159\" src=\"https:\/\/www.confagricoltura.org\/ravenna\/wp-content\/uploads\/sites\/15\/2021\/03\/agriturist-logo.svg\" class=\"attachment-large size-large\" alt=\"\" \/>\t\t\t\t\t\t\n\t\t\t\t\t<\/div>\n\t\t\t\t\t\t\t\t\n<style>\n#image_248373860 {\n  width: 100%;\n}\n<\/style>\n\t<\/div>\n\t\n\n\n\t\t<\/div>\n\t\t\t\t\t<\/div>\n\n\t\n\n\t<div id=\"col-1387694076\" class=\"col medium-7 small-12 large-7\"  >\n\t\t\t\t<div class=\"col-inner\"  >\n\t\t\t\n\t\t\t\n\n\t<div id=\"text-3536460175\" class=\"text contacts\">\n\t\t\n\n<p>Costituita dalla Confagricoltura nel 1965, \u00e8 stata la prima associazione agrituristica in Italia, nata per promuovere e tutelare l&#8217;agriturismo, i prodotti nazionali dell&#8217;enogastronomia regionale, l&#8217;ambiente (ha ottenuto per questo, nel 1987, il riconoscimento ministeriale di Associazione ambientalista), il paesaggio, la cultura rurale.<\/p>\n\t\t\t<\/div>\n\t\n\n\t\t<\/div>\n\t\t\t\t\t<\/div>\n\n\t\n\n<\/div>\n<h3>I soci<\/h3>\n<p>Attualmente l&#8217;Agriturist associa circa<strong> 5.000 aziende agricole<\/strong> (soci &#8220;ordinari&#8221;) che svolgono o intendono svolgere attivit\u00e0 agrituristica, assistendole sotto il profilo normativo, organizzativo e promozionale. Un sistema informativo &#8220;online&#8221; diffonde in tempo reale notizie ed aggiornamenti sui principali aspetti della gestione agrituristica.<\/p>\n<p>L&#8217;Agriturist associa anche <strong>12.000 appassionati di agriturismo<\/strong>, da questi soci \u201caderenti\u201d. L\u2019Associazione riceve sistematicamente giudizi sulla qualit\u00e0 delle aziende visitate, avendo cos\u00ec preziose informazioni per migliorare l\u2019offerta.<\/p>\n\t<div id=\"gap-225557521\" class=\"gap-element clearfix\" style=\"display:block; height:auto;\">\n\t\t\n<style>\n#gap-225557521 {\n  padding-top: 20px;\n}\n<\/style>\n\t<\/div>\n\t\n\n<h3>L&#8217;Associazione<\/h3>\n<p>La parola \u201cagriturismo\u201d \u00e8 nata insieme al nome dell\u2019Associazione, e i costituenti dell\u2019epoca (in particolare il \u201cpresidente fondatore\u201d Simone Velluti Zati, rimasto in carica dal 1965 al 1998) si sono fatti promotori del fenomeno prendendo spunto soprattutto da esperienze francesi e britanniche.<br \/>Dal 1998, presidente di Agriturist \u00e8 stato Riccardo Ricci Curbastro, viticoltore e produttore di vini, nonch\u00e9 operatore di agriturismo, in Franciacorta. Il 21 giugno 2007 \u00e8 stata eletta presidente Vittoria Brancaccio, che conduce una azienda olivicola e frutticola nella Penisola Sorrentina.<\/p>\n<p>Da giugno 2013, presidente di Agriturist \u00e8 Cosimo Melacca, titolare di un\u2019azienda agrituristica in provincia di Savona. Agriturist ha dato un contributo essenziale alla emanazione della legge-quadro statale che disciplina attualmente l\u2019agriturismo (Legge 20 febbraio 2006, n. 96) e delle leggi regionali che dettano le norme specifiche.<\/p>\n<p>Il 17 settembre 2019 Augusto Congionti, imprenditore agricolo biologico e operatore agrituristico in provincia di Macerata dal 1987, viene eletto nuovo presidente nazionale di Agriturist.<\/p>\n\t<div id=\"gap-482391843\" class=\"gap-element clearfix\" style=\"display:block; height:auto;\">\n\t\t\n<style>\n#gap-482391843 {\n  padding-top: 20px;\n}\n<\/style>\n\t<\/div>\n\t\n\n\t<div id=\"text-2917739990\" class=\"text contacts\">\n\t\t\n\n<h3>Contatti<\/h3>\n<h4>&#8211;<\/h4>\n<h2>Referente Agriturist<\/h2>\n<p>Via\u00a0<br \/>Tel. +39\u00a0<br \/>E-mail:\u00a0<\/p>\n\t\t\t<\/div>\n\t\n<div class=\"social-icons share-icons share-row relative full-width text-right icon-style-outline\" style=\"font-size:101%\"><a href=\"whatsapp:\/\/send?text=Agriturist - https:\/\/www.confagricoltura.org\/ravenna\/enti-collegati\/agriturist\/\" data-action=\"share\/whatsapp\/share\" class=\"icon button circle is-outline tooltip whatsapp show-for-medium\" title=\"Condividi su WhatsApp\" aria-label=\"Condividi su WhatsApp\" ><i class=\"icon-whatsapp\" ><\/i><\/a><a href=\"https:\/\/www.facebook.com\/sharer.php?u=https:\/\/www.confagricoltura.org\/ravenna\/enti-collegati\/agriturist\/\" data-label=\"Facebook\" onclick=\"window.open(this.href,this.title,'width=500,height=500,top=300px,left=300px'); return false;\" target=\"_blank\" class=\"icon button circle is-outline tooltip facebook\" title=\"Condividi su Facebook\" aria-label=\"Condividi su Facebook\" rel=\"noopener nofollow\" ><i class=\"icon-facebook\" ><\/i><\/a><a href=\"https:\/\/twitter.com\/share?url=https:\/\/www.confagricoltura.org\/ravenna\/enti-collegati\/agriturist\/\" onclick=\"window.open(this.href,this.title,'width=500,height=500,top=300px,left=300px'); return false;\" target=\"_blank\" class=\"icon button circle is-outline tooltip twitter\" title=\"Condividi su Twitter\" aria-label=\"Condividi su Twitter\" rel=\"noopener nofollow\" ><i class=\"icon-twitter\" ><\/i><\/a><a href=\"mailto:?subject=Agriturist&body=Dai%20un%26%23039%3Bocchiata%3A%20https%3A%2F%2Fwww.confagricoltura.org%2Fravenna%2Fenti-collegati%2Fagriturist%2F\" class=\"icon button circle is-outline tooltip email\" title=\"Invia per email ad un Amico\" aria-label=\"Invia per email ad un Amico\" rel=\"nofollow\" ><i class=\"icon-envelop\" ><\/i><\/a><a href=\"https:\/\/www.linkedin.com\/shareArticle?mini=true&url=https:\/\/www.confagricoltura.org\/ravenna\/enti-collegati\/agriturist\/&title=Agriturist\" onclick=\"window.open(this.href,this.title,'width=500,height=500,top=300px,left=300px'); return false;\" target=\"_blank\" class=\"icon button circle is-outline tooltip linkedin\" title=\"Condividi su LinkedIn\" aria-label=\"Condividi su LinkedIn\" rel=\"noopener nofollow\" ><i class=\"icon-linkedin\" ><\/i><\/a><\/div>\n\n\n\t\t<\/div>\n\t\t\t\t\t<\/div>\n\n\t\n\n<\/div>\n<div class=\"row last-update-page\"  id=\"row-653074879\">\n\n\n\t<div id=\"col-2050376381\" class=\"col small-12 large-12\"  >\n\t\t\t\t<div class=\"col-inner\"  >\n\t\t\t\n\t\t\t\n\n<hr>\n<p style=\"text-align: center\"><span data-text-color=\"primary\">Ultima modifica: 16 Marzo 2021<\/span><\/p>\n\n\t\t<\/div>\n\t\t\t\t\t<\/div>\n\n\t\n\n<\/div>\n\n","protected":false},"excerpt":{"rendered":"","protected":false},"author":1,"featured_media":0,"parent":1115,"menu_order":0,"comment_status":"closed","ping_status":"closed","template":"page-blank.php","meta":{"wp_mapbox_gl_js_media":[],"footnotes":""},"class_list":["post-1121","page","type-page","status-publish","hentry"],"yoast_head":"<!-- This site is optimized with the Yoast SEO plugin v26.8 - https:\/\/yoast.com\/product\/yoast-seo-wordpress\/ -->\n<title>Agriturist - Confagricoltura Ravenna<\/title>\n<meta name=\"robots\" content=\"index, follow, max-snippet:-1, max-image-preview:large, max-video-preview:-1\" \/>\n<link rel=\"canonical\" href=\"https:\/\/www.confagricoltura.org\/ravenna\/enti-collegati\/agriturist\/\" \/>\n<meta property=\"og:locale\" content=\"it_IT\" \/>\n<meta property=\"og:type\" content=\"article\" \/>\n<meta property=\"og:title\" content=\"Agriturist - Confagricoltura Ravenna\" \/>\n<meta property=\"og:url\" content=\"https:\/\/www.confagricoltura.org\/ravenna\/enti-collegati\/agriturist\/\" \/>\n<meta property=\"og:site_name\" content=\"Confagricoltura Ravenna\" \/>\n<meta property=\"article:modified_time\" content=\"2021-03-16T13:18:44+00:00\" \/>\n<meta name=\"twitter:card\" content=\"summary_large_image\" \/>\n<meta name=\"twitter:label1\" content=\"Tempo di lettura stimato\" \/>\n\t<meta name=\"twitter:data1\" content=\"2 minuti\" \/>\n<script type=\"application\/ld+json\" class=\"yoast-schema-graph\">{\"@context\":\"https:\/\/schema.org\",\"@graph\":[{\"@type\":\"WebPage\",\"@id\":\"https:\/\/www.confagricoltura.org\/ravenna\/enti-collegati\/agriturist\/\",\"url\":\"https:\/\/www.confagricoltura.org\/ravenna\/enti-collegati\/agriturist\/\",\"name\":\"Agriturist - Confagricoltura Ravenna\",\"isPartOf\":{\"@id\":\"https:\/\/www.confagricoltura.org\/ravenna\/#website\"},\"datePublished\":\"2021-03-04T11:21:51+00:00\",\"dateModified\":\"2021-03-16T13:18:44+00:00\",\"breadcrumb\":{\"@id\":\"https:\/\/www.confagricoltura.org\/ravenna\/enti-collegati\/agriturist\/#breadcrumb\"},\"inLanguage\":\"it-IT\",\"potentialAction\":[{\"@type\":\"ReadAction\",\"target\":[\"https:\/\/www.confagricoltura.org\/ravenna\/enti-collegati\/agriturist\/\"]}]},{\"@type\":\"BreadcrumbList\",\"@id\":\"https:\/\/www.confagricoltura.org\/ravenna\/enti-collegati\/agriturist\/#breadcrumb\",\"itemListElement\":[{\"@type\":\"ListItem\",\"position\":1,\"name\":\"Home\",\"item\":\"https:\/\/www.confagricoltura.org\/ravenna\/\"},{\"@type\":\"ListItem\",\"position\":2,\"name\":\"Enti collegati\",\"item\":\"https:\/\/www.confagricoltura.org\/ravenna\/enti-collegati\/\"},{\"@type\":\"ListItem\",\"position\":3,\"name\":\"Agriturist\"}]},{\"@type\":\"WebSite\",\"@id\":\"https:\/\/www.confagricoltura.org\/ravenna\/#website\",\"url\":\"https:\/\/www.confagricoltura.org\/ravenna\/\",\"name\":\"Confagricoltura Ravenna\",\"description\":\"Dalla parte degli Agricoltori\",\"potentialAction\":[{\"@type\":\"SearchAction\",\"target\":{\"@type\":\"EntryPoint\",\"urlTemplate\":\"https:\/\/www.confagricoltura.org\/ravenna\/?s={search_term_string}\"},\"query-input\":{\"@type\":\"PropertyValueSpecification\",\"valueRequired\":true,\"valueName\":\"search_term_string\"}}],\"inLanguage\":\"it-IT\"}]}<\/script>\n<!-- \/ Yoast SEO plugin. -->","yoast_head_json":{"title":"Agriturist - Confagricoltura Ravenna","robots":{"index":"index","follow":"follow","max-snippet":"max-snippet:-1","max-image-preview":"max-image-preview:large","max-video-preview":"max-video-preview:-1"},"canonical":"https:\/\/www.confagricoltura.org\/ravenna\/enti-collegati\/agriturist\/","og_locale":"it_IT","og_type":"article","og_title":"Agriturist - Confagricoltura Ravenna","og_url":"https:\/\/www.confagricoltura.org\/ravenna\/enti-collegati\/agriturist\/","og_site_name":"Confagricoltura Ravenna","article_modified_time":"2021-03-16T13:18:44+00:00","twitter_card":"summary_large_image","twitter_misc":{"Tempo di lettura stimato":"2 minuti"},"schema":{"@context":"https:\/\/schema.org","@graph":[{"@type":"WebPage","@id":"https:\/\/www.confagricoltura.org\/ravenna\/enti-collegati\/agriturist\/","url":"https:\/\/www.confagricoltura.org\/ravenna\/enti-collegati\/agriturist\/","name":"Agriturist - Confagricoltura Ravenna","isPartOf":{"@id":"https:\/\/www.confagricoltura.org\/ravenna\/#website"},"datePublished":"2021-03-04T11:21:51+00:00","dateModified":"2021-03-16T13:18:44+00:00","breadcrumb":{"@id":"https:\/\/www.confagricoltura.org\/ravenna\/enti-collegati\/agriturist\/#breadcrumb"},"inLanguage":"it-IT","potentialAction":[{"@type":"ReadAction","target":["https:\/\/www.confagricoltura.org\/ravenna\/enti-collegati\/agriturist\/"]}]},{"@type":"BreadcrumbList","@id":"https:\/\/www.confagricoltura.org\/ravenna\/enti-collegati\/agriturist\/#breadcrumb","itemListElement":[{"@type":"ListItem","position":1,"name":"Home","item":"https:\/\/www.confagricoltura.org\/ravenna\/"},{"@type":"ListItem","position":2,"name":"Enti collegati","item":"https:\/\/www.confagricoltura.org\/ravenna\/enti-collegati\/"},{"@type":"ListItem","position":3,"name":"Agriturist"}]},{"@type":"WebSite","@id":"https:\/\/www.confagricoltura.org\/ravenna\/#website","url":"https:\/\/www.confagricoltura.org\/ravenna\/","name":"Confagricoltura Ravenna","description":"Dalla parte degli Agricoltori","potentialAction":[{"@type":"SearchAction","target":{"@type":"EntryPoint","urlTemplate":"https:\/\/www.confagricoltura.org\/ravenna\/?s={search_term_string}"},"query-input":{"@type":"PropertyValueSpecification","valueRequired":true,"valueName":"search_term_string"}}],"inLanguage":"it-IT"}]}},"_links":{"self":[{"href":"https:\/\/www.confagricoltura.org\/ravenna\/wp-json\/wp\/v2\/pages\/1121","targetHints":{"allow":["GET"]}}],"collection":[{"href":"https:\/\/www.confagricoltura.org\/ravenna\/wp-json\/wp\/v2\/pages"}],"about":[{"href":"https:\/\/www.confagricoltura.org\/ravenna\/wp-json\/wp\/v2\/types\/page"}],"author":[{"embeddable":true,"href":"https:\/\/www.confagricoltura.org\/ravenna\/wp-json\/wp\/v2\/users\/1"}],"replies":[{"embeddable":true,"href":"https:\/\/www.confagricoltura.org\/ravenna\/wp-json\/wp\/v2\/comments?post=1121"}],"version-history":[{"count":2,"href":"https:\/\/www.confagricoltura.org\/ravenna\/wp-json\/wp\/v2\/pages\/1121\/revisions"}],"predecessor-version":[{"id":1179,"href":"https:\/\/www.confagricoltura.org\/ravenna\/wp-json\/wp\/v2\/pages\/1121\/revisions\/1179"}],"up":[{"embeddable":true,"href":"https:\/\/www.confagricoltura.org\/ravenna\/wp-json\/wp\/v2\/pages\/1115"}],"wp:attachment":[{"href":"https:\/\/www.confagricoltura.org\/ravenna\/wp-json\/wp\/v2\/media?parent=1121"}],"curies":[{"name":"wp","href":"https:\/\/api.w.org\/{rel}","templated":true}]}}