{"id":3043,"date":"2021-03-04T12:27:59","date_gmt":"2021-03-04T11:27:59","guid":{"rendered":"https:\/\/www.confagricoltura.org\/piacenza\/enti-associati\/confagricoltura-donna\/"},"modified":"2021-03-12T12:25:20","modified_gmt":"2021-03-12T11:25:20","slug":"confagricoltura-donna","status":"publish","type":"page","link":"https:\/\/www.confagricoltura.org\/piacenza\/enti-collegati\/confagricoltura-donna\/","title":{"rendered":"Confagricoltura Donna"},"content":{"rendered":"\n<div class=\"row\"  id=\"row-247375711\">\n\n\n\t<div id=\"col-1523727722\" class=\"col medium-3 small-12 large-3\"  >\n\t\t\t\t<div class=\"col-inner\"  >\n\t\t\t\n\t\t\t\n\n\n\t\t<\/div>\n\t\t\t\t\t<\/div>\n\n\t\n\n\t<div id=\"col-861488709\" class=\"col medium-9 small-12 large-9\"  >\n\t\t\t\t<div class=\"col-inner\"  >\n\t\t\t\n\t\t\t\n\n<div class=\"is-divider divider clearfix\" style=\"margin-top:0px;margin-bottom:0px;max-width:100%;height:1px;\"><\/div>\n\n\n\t\t<\/div>\n\t\t\t\t\t<\/div>\n\n\t\n\n<\/div>\n<div class=\"row generic-page\"  id=\"row-1902227953\">\n\n\n\t<div id=\"col-69592270\" class=\"col medium-3 small-12 large-3\"  >\n\t\t\t\t<div class=\"col-inner\"  >\n\t\t\t\n\t\t\t\n\n<ul class=\"sidebar-wrapper ul-reset\"><div class=\"textwidget custom-html-widget\"><div class=\"sidebar first-el sidebar-transp\">\r\n<hr>\r\n<p><a href=\"https:\/\/www.confagricoltura.org\/piacenza\/chi-siamo\/\" target=\"_self\">Confagricoltura Piacenza<\/a><\/p>\r\n<hr>\r\n<p><a href=\"https:\/\/www.confagricoltura.org\/piacenza\/dirigenti\/\" target=\"_self\">Dirigenza<\/a><\/p>\r\n<hr>\r\n<p><a href=\"https:\/\/www.confagricoltura.org\/piacenza\/servizi\/\" target=\"_self\">Servizi<\/a><\/p>\r\n<hr>\r\n<p><a href=\"https:\/\/www.confagricoltura.org\/piacenza\/category\/piacenza-agricola\/\" target=\"_self\">Piacenza Agricola<\/a><\/p>\r\n<hr>\r\n<p><a href=\"https:\/\/www.confagricoltura.org\/piacenza\/organigramma\/\" target=\"_self\">Organigramma<\/a><\/p>\r\n<hr>\r\n<p><a href=\"https:\/\/www.confagricoltura.org\/piacenza\/contatti\/\" target=\"_self\">Contatti<\/a><\/p>\r\n<hr>\r\n<\/div><\/div><div class=\"textwidget custom-html-widget\"><div class=\"sidebar sidebar-blu sidebar-nomenu\">\r\n<h5>Link<\/h5>\r\n<hr>\r\n<a href=\"https:\/\/www.confagricoltura.org\/piacenza\/enti-associati\/agriturist\/\" target=\"_self\"><p>Agriturist Piacenza<\/p><\/a>\r\n<hr>\r\n<a href=\"https:\/\/www.confagricoltura.org\/piacenza\/enti-associati\/anga\/\" target=\"_self\"><p>Anga Giovani Agricoltori<\/p><\/a>\r\n<hr>\r\n<a href=\"https:\/\/www.confagricoltura.org\/piacenza\/enti-associati\/enapa\/\" target=\"_self\"><p>Patronato Enapa<\/p><\/a>\r\n<hr>\r\n<a href=\"https:\/\/www.confagricoltura.org\/piacenza\/enti-associati\/anpa\/\" target=\"_self\"><p>Anpa Pensionati<\/p><\/a>\r\n<\/div><\/div><div class=\"textwidget custom-html-widget\"><div class=\"sidebar sidebar-blu sidebar-nomenu\">\r\n<h5>Link di interesse<\/h5>\r\n<hr>\r\n<a href=\"http:\/\/www.granariamilano.org\/pagina.php?id_sottomenu=8&id_menu=2\" target=\"_blank\"><p>Associazione granaria di Milano<\/p><\/a>\r\n<hr>\r\n<a href=\"http:\/\/www.agerborsamerci.it\/listino\/listino.html\" target=\"_blank\"><p>Borsa Merci Bologna<\/p><\/a>\r\n<hr>\r\n<a href=\"https:\/\/www.mo.camcom.it\/tutela-del-mercato\/borsa-merci\/listini\" target=\"_blank\"><p>Borsa Merci Modena<\/p><\/a>\r\n<hr>\r\n<a href=\"https:\/\/www.bmti.it\/prezzi\/\" target=\"_blank\"><p>Borsa merci telematica italiana<\/p><\/a>\r\n<\/div><\/div><\/ul>\n\n\n\t\t<\/div>\n\t\t\t\t\t<\/div>\n\n\t\n\n\t<div id=\"col-1063046001\" class=\"col medium-9 small-12 large-9\"  >\n\t\t\t\t<div class=\"col-inner\"  >\n\t\t\t\n\t\t\t\n\n<ul class=\"sidebar-wrapper ul-reset\"><div class=\"breadcrumbs\" itemscope itemtype=\"https:\/\/schema.org\/BreadcrumbList\"><span property=\"itemListElement\" typeof=\"ListItem\"><a property=\"item\" typeof=\"WebPage\" title=\"Vai a Confagricoltura Piacenza.\" href=\"https:\/\/www.confagricoltura.org\/piacenza\" class=\"home\" aria-current=\"page\"><span property=\"name\">Confagricoltura Piacenza<\/span><\/a><meta property=\"position\" content=\"1\"><\/span><\/div><\/ul>\n\n<h1>Confagricoltura Donna<\/h1>\n\t<div id=\"gap-801934332\" class=\"gap-element clearfix\" style=\"display:block; height:auto;\">\n\t\t\n<style>\n#gap-801934332 {\n  padding-top: 21px;\n}\n<\/style>\n\t<\/div>\n\t\n\n<h2>L\u2019associazione promuove la cultura d\u2019impresa e valorizza il ruolo etico, economico e sociale delle imprese condotte da donne.<\/h2>\n\t<div id=\"gap-433717837\" class=\"gap-element clearfix\" style=\"display:block; height:auto;\">\n\t\t\n<style>\n#gap-433717837 {\n  padding-top: 44px;\n}\n<\/style>\n\t<\/div>\n\t\n\n<div class=\"row\"  id=\"row-613561126\">\n\n\n\t<div id=\"col-1402058003\" class=\"col medium-5 small-12 large-5\"  >\n\t\t\t\t<div class=\"col-inner\"  >\n\t\t\t\n\t\t\t\n\n\t<div class=\"img has-hover x md-x lg-x y md-y lg-y\" id=\"image_1778701176\">\n\t\t\t\t\t\t\t\t<div class=\"img-inner dark\" >\n\t\t\t<img loading=\"lazy\" decoding=\"async\" width=\"345\" height=\"70\" src=\"https:\/\/www.confagricoltura.org\/piacenza\/wp-content\/uploads\/sites\/11\/2021\/03\/confagricoltura-donna-logo.svg\" class=\"attachment-large size-large\" alt=\"\" \/>\t\t\t\t\t\t\n\t\t\t\t\t<\/div>\n\t\t\t\t\t\t\t\t\n<style>\n#image_1778701176 {\n  width: 100%;\n}\n<\/style>\n\t<\/div>\n\t\n\n\n\t\t<\/div>\n\t\t\t\t\t<\/div>\n\n\t\n\n\t<div id=\"col-1142885106\" class=\"col medium-7 small-12 large-7\"  >\n\t\t\t\t<div class=\"col-inner\"  >\n\t\t\t\n\t\t\t\n\n\t<div id=\"text-2796885730\" class=\"text contacts\">\n\t\t\n\n<p>Confagricoltura Donna \u00e8 l\u2019associazione che riunisce le imprenditrici del sistema confederale con l\u2019obiettivo di favorire lo sviluppo dell\u2019imprenditoria femminile e delle pari opportunit\u00e0 nel settore agricolo e, pi\u00f9 in generale, nella societ\u00e0 ed in economia.<\/p>\n\t\t\t<\/div>\n\t\n\n\t\t<\/div>\n\t\t\t\t\t<\/div>\n\n\t\n\n<\/div>\n\t<div id=\"gap-1888498214\" class=\"gap-element clearfix\" style=\"display:block; height:auto;\">\n\t\t\n<style>\n#gap-1888498214 {\n  padding-top: 20px;\n}\n<\/style>\n\t<\/div>\n\t\n\n<h3>L&#8217;associazione<\/h3>\n<p>Confagricoltura Donna \u00e8 stata costituita nel 2012 da cinque imprenditrici, ciascuna rappresentativa della propria regione: Marina Di Muzio per l\u2019Emilia Romagna, Paola Granata per la Calabria, Gabriella Poli per la Lombardia, Silvia Parodi per la Liguria, Maria Teresa Melchior per il Piemonte.<\/p>\n\t<div id=\"gap-481514132\" class=\"gap-element clearfix\" style=\"display:block; height:auto;\">\n\t\t\n<style>\n#gap-481514132 {\n  padding-top: 20px;\n}\n<\/style>\n\t<\/div>\n\t\n\n<h3>Obiettivi<\/h3>\n<ul>\n<li>promuovere le produzioni tipiche e la valorizzazione dei prodotti agro-alimentari del territorio;<\/li>\n<li>favorire lo sviluppo dell\u2019imprenditoria femminile e delle pari opportunit\u00e0 nel settore agricolo e, pi\u00f9 in generale, nella societ\u00e0 e nell\u2019economia nazionale e regionale;<\/li>\n<li>sostenere la diretta partecipazione delle donne che lavorano in imprese agricole e delle associate all&#8217;attivit\u00e0 sindacale, economica e sociale del settore primario;<\/li>\n<li>favorire lo scambio di informazioni, conoscenze ed esperienze tra le associate;<\/li>\n<li>promuovere iniziative di informazione e formazione professionale delle associate al fine di rispondere ai fabbisogni specifici delle imprenditrici e delle aspiranti imprenditrici e di approfondire la loro conoscenza delle politiche delle pari opportunit\u00e0;<\/li>\n<li>promuovere la cultura d\u2019impresa e valorizzare il ruolo etico, economico e sociale delle imprese condotte da donne;<\/li>\n<li>assistere e fornire consulenza alle donne, imprenditrici o aspiranti tali, che hanno bisogno di orientarsi nel mondo dell\u2019imprenditoria, di conoscere le opportunit\u00e0 di inserimento e\/o crescita della loro attivit\u00e0 e professionalit\u00e0;<\/li>\n<li>assistere e fornire consulenza relativamente alla partecipazione a bandi e progetti pubblici;<\/li>\n<li>adottare ogni altra iniziativa diretta alla realizzazione delle finalit\u00e0 di cui al presente articolo.<\/li>\n<\/ul>\n\t<div id=\"gap-317474507\" class=\"gap-element clearfix\" style=\"display:block; height:auto;\">\n\t\t\n<style>\n#gap-317474507 {\n  padding-top: 20px;\n}\n<\/style>\n\t<\/div>\n\t\n\n\t<div id=\"text-3549367386\" class=\"text contacts\">\n\t\t\n\n<h3>Contatti<\/h3>\n<h4>&#8211;<\/h4>\n<h2>Referente Confagricoltura Donna<\/h2>\n<p>Via del Monte, 10 \u2013 40126, Bologna (Italy)<br \/>Tel. +39 051 251866 \u2013 051 253880<br \/>E-mail:<\/p>\n\t\t\t<\/div>\n\t\n<div class=\"social-icons share-icons share-row relative full-width text-right icon-style-outline\" style=\"font-size:101%\"><a href=\"whatsapp:\/\/send?text=Confagricoltura%20Donna - https:\/\/www.confagricoltura.org\/piacenza\/enti-collegati\/confagricoltura-donna\/\" data-action=\"share\/whatsapp\/share\" class=\"icon button circle is-outline tooltip whatsapp show-for-medium\" title=\"Condividi su WhatsApp\" aria-label=\"Condividi su WhatsApp\" ><i class=\"icon-whatsapp\" ><\/i><\/a><a href=\"https:\/\/www.facebook.com\/sharer.php?u=https:\/\/www.confagricoltura.org\/piacenza\/enti-collegati\/confagricoltura-donna\/\" data-label=\"Facebook\" onclick=\"window.open(this.href,this.title,'width=500,height=500,top=300px,left=300px'); return false;\" target=\"_blank\" class=\"icon button circle is-outline tooltip facebook\" title=\"Condividi su Facebook\" aria-label=\"Condividi su Facebook\" rel=\"noopener nofollow\" ><i class=\"icon-facebook\" ><\/i><\/a><a href=\"https:\/\/twitter.com\/share?url=https:\/\/www.confagricoltura.org\/piacenza\/enti-collegati\/confagricoltura-donna\/\" onclick=\"window.open(this.href,this.title,'width=500,height=500,top=300px,left=300px'); return false;\" target=\"_blank\" class=\"icon button circle is-outline tooltip twitter\" title=\"Condividi su Twitter\" aria-label=\"Condividi su Twitter\" rel=\"noopener nofollow\" ><i class=\"icon-twitter\" ><\/i><\/a><a href=\"mailto:?subject=Confagricoltura%20Donna&body=Dai%20un%26%23039%3Bocchiata%3A%20https%3A%2F%2Fwww.confagricoltura.org%2Fpiacenza%2Fenti-collegati%2Fconfagricoltura-donna%2F\" class=\"icon button circle is-outline tooltip email\" title=\"Invia per email ad un Amico\" aria-label=\"Invia per email ad un Amico\" rel=\"nofollow\" ><i class=\"icon-envelop\" ><\/i><\/a><a href=\"https:\/\/www.linkedin.com\/shareArticle?mini=true&url=https:\/\/www.confagricoltura.org\/piacenza\/enti-collegati\/confagricoltura-donna\/&title=Confagricoltura%20Donna\" onclick=\"window.open(this.href,this.title,'width=500,height=500,top=300px,left=300px'); return false;\" target=\"_blank\" class=\"icon button circle is-outline tooltip linkedin\" title=\"Condividi su LinkedIn\" aria-label=\"Condividi su LinkedIn\" rel=\"noopener nofollow\" ><i class=\"icon-linkedin\" ><\/i><\/a><\/div>\n\n\n\t\t<\/div>\n\t\t\t\t\t<\/div>\n\n\t\n\n<\/div>\n<div class=\"row last-update-page\"  id=\"row-1035102206\">\n\n\n\t<div id=\"col-1946570487\" class=\"col small-12 large-12\"  >\n\t\t\t\t<div class=\"col-inner\"  >\n\t\t\t\n\t\t\t\n\n<hr>\n<p style=\"text-align: center\"><span data-text-color=\"primary\">Ultima modifica: 12 Marzo 2021<\/span><\/p>\n\n\t\t<\/div>\n\t\t\t\t\t<\/div>\n\n\t\n\n<\/div>\n\n","protected":false},"excerpt":{"rendered":"","protected":false},"author":1,"featured_media":0,"parent":3039,"menu_order":0,"comment_status":"closed","ping_status":"closed","template":"page-blank.php","meta":{"wp_mapbox_gl_js_media":[],"footnotes":""},"class_list":["post-3043","page","type-page","status-publish","hentry"],"yoast_head":"<!-- This site is optimized with the Yoast SEO plugin v26.8 - https:\/\/yoast.com\/product\/yoast-seo-wordpress\/ -->\n<title>Confagricoltura Donna - Confagricoltura Piacenza<\/title>\n<meta name=\"robots\" content=\"index, follow, max-snippet:-1, max-image-preview:large, max-video-preview:-1\" \/>\n<link rel=\"canonical\" href=\"https:\/\/www.confagricoltura.org\/piacenza\/enti-collegati\/confagricoltura-donna\/\" \/>\n<meta property=\"og:locale\" content=\"it_IT\" \/>\n<meta property=\"og:type\" content=\"article\" \/>\n<meta property=\"og:title\" content=\"Confagricoltura Donna - Confagricoltura Piacenza\" \/>\n<meta property=\"og:url\" content=\"https:\/\/www.confagricoltura.org\/piacenza\/enti-collegati\/confagricoltura-donna\/\" \/>\n<meta property=\"og:site_name\" content=\"Confagricoltura Piacenza\" \/>\n<meta property=\"article:modified_time\" content=\"2021-03-12T11:25:20+00:00\" \/>\n<meta name=\"twitter:card\" content=\"summary_large_image\" \/>\n<meta name=\"twitter:label1\" content=\"Tempo di lettura stimato\" \/>\n\t<meta name=\"twitter:data1\" content=\"2 minuti\" \/>\n<script type=\"application\/ld+json\" class=\"yoast-schema-graph\">{\"@context\":\"https:\/\/schema.org\",\"@graph\":[{\"@type\":\"WebPage\",\"@id\":\"https:\/\/www.confagricoltura.org\/piacenza\/enti-collegati\/confagricoltura-donna\/\",\"url\":\"https:\/\/www.confagricoltura.org\/piacenza\/enti-collegati\/confagricoltura-donna\/\",\"name\":\"Confagricoltura Donna - Confagricoltura Piacenza\",\"isPartOf\":{\"@id\":\"https:\/\/www.confagricoltura.org\/piacenza\/#website\"},\"datePublished\":\"2021-03-04T11:27:59+00:00\",\"dateModified\":\"2021-03-12T11:25:20+00:00\",\"breadcrumb\":{\"@id\":\"https:\/\/www.confagricoltura.org\/piacenza\/enti-collegati\/confagricoltura-donna\/#breadcrumb\"},\"inLanguage\":\"it-IT\",\"potentialAction\":[{\"@type\":\"ReadAction\",\"target\":[\"https:\/\/www.confagricoltura.org\/piacenza\/enti-collegati\/confagricoltura-donna\/\"]}]},{\"@type\":\"BreadcrumbList\",\"@id\":\"https:\/\/www.confagricoltura.org\/piacenza\/enti-collegati\/confagricoltura-donna\/#breadcrumb\",\"itemListElement\":[{\"@type\":\"ListItem\",\"position\":1,\"name\":\"Home\",\"item\":\"https:\/\/www.confagricoltura.org\/piacenza\/\"},{\"@type\":\"ListItem\",\"position\":2,\"name\":\"Enti collegati\",\"item\":\"https:\/\/www.confagricoltura.org\/piacenza\/enti-collegati\/\"},{\"@type\":\"ListItem\",\"position\":3,\"name\":\"Confagricoltura Donna\"}]},{\"@type\":\"WebSite\",\"@id\":\"https:\/\/www.confagricoltura.org\/piacenza\/#website\",\"url\":\"https:\/\/www.confagricoltura.org\/piacenza\/\",\"name\":\"Confagricoltura Piacenza\",\"description\":\"Dalla parte degli Agricoltori\",\"potentialAction\":[{\"@type\":\"SearchAction\",\"target\":{\"@type\":\"EntryPoint\",\"urlTemplate\":\"https:\/\/www.confagricoltura.org\/piacenza\/?s={search_term_string}\"},\"query-input\":{\"@type\":\"PropertyValueSpecification\",\"valueRequired\":true,\"valueName\":\"search_term_string\"}}],\"inLanguage\":\"it-IT\"}]}<\/script>\n<!-- \/ Yoast SEO plugin. -->","yoast_head_json":{"title":"Confagricoltura Donna - Confagricoltura Piacenza","robots":{"index":"index","follow":"follow","max-snippet":"max-snippet:-1","max-image-preview":"max-image-preview:large","max-video-preview":"max-video-preview:-1"},"canonical":"https:\/\/www.confagricoltura.org\/piacenza\/enti-collegati\/confagricoltura-donna\/","og_locale":"it_IT","og_type":"article","og_title":"Confagricoltura Donna - Confagricoltura Piacenza","og_url":"https:\/\/www.confagricoltura.org\/piacenza\/enti-collegati\/confagricoltura-donna\/","og_site_name":"Confagricoltura Piacenza","article_modified_time":"2021-03-12T11:25:20+00:00","twitter_card":"summary_large_image","twitter_misc":{"Tempo di lettura stimato":"2 minuti"},"schema":{"@context":"https:\/\/schema.org","@graph":[{"@type":"WebPage","@id":"https:\/\/www.confagricoltura.org\/piacenza\/enti-collegati\/confagricoltura-donna\/","url":"https:\/\/www.confagricoltura.org\/piacenza\/enti-collegati\/confagricoltura-donna\/","name":"Confagricoltura Donna - Confagricoltura Piacenza","isPartOf":{"@id":"https:\/\/www.confagricoltura.org\/piacenza\/#website"},"datePublished":"2021-03-04T11:27:59+00:00","dateModified":"2021-03-12T11:25:20+00:00","breadcrumb":{"@id":"https:\/\/www.confagricoltura.org\/piacenza\/enti-collegati\/confagricoltura-donna\/#breadcrumb"},"inLanguage":"it-IT","potentialAction":[{"@type":"ReadAction","target":["https:\/\/www.confagricoltura.org\/piacenza\/enti-collegati\/confagricoltura-donna\/"]}]},{"@type":"BreadcrumbList","@id":"https:\/\/www.confagricoltura.org\/piacenza\/enti-collegati\/confagricoltura-donna\/#breadcrumb","itemListElement":[{"@type":"ListItem","position":1,"name":"Home","item":"https:\/\/www.confagricoltura.org\/piacenza\/"},{"@type":"ListItem","position":2,"name":"Enti collegati","item":"https:\/\/www.confagricoltura.org\/piacenza\/enti-collegati\/"},{"@type":"ListItem","position":3,"name":"Confagricoltura Donna"}]},{"@type":"WebSite","@id":"https:\/\/www.confagricoltura.org\/piacenza\/#website","url":"https:\/\/www.confagricoltura.org\/piacenza\/","name":"Confagricoltura Piacenza","description":"Dalla parte degli Agricoltori","potentialAction":[{"@type":"SearchAction","target":{"@type":"EntryPoint","urlTemplate":"https:\/\/www.confagricoltura.org\/piacenza\/?s={search_term_string}"},"query-input":{"@type":"PropertyValueSpecification","valueRequired":true,"valueName":"search_term_string"}}],"inLanguage":"it-IT"}]}},"_links":{"self":[{"href":"https:\/\/www.confagricoltura.org\/piacenza\/wp-json\/wp\/v2\/pages\/3043","targetHints":{"allow":["GET"]}}],"collection":[{"href":"https:\/\/www.confagricoltura.org\/piacenza\/wp-json\/wp\/v2\/pages"}],"about":[{"href":"https:\/\/www.confagricoltura.org\/piacenza\/wp-json\/wp\/v2\/types\/page"}],"author":[{"embeddable":true,"href":"https:\/\/www.confagricoltura.org\/piacenza\/wp-json\/wp\/v2\/users\/1"}],"replies":[{"embeddable":true,"href":"https:\/\/www.confagricoltura.org\/piacenza\/wp-json\/wp\/v2\/comments?post=3043"}],"version-history":[{"count":1,"href":"https:\/\/www.confagricoltura.org\/piacenza\/wp-json\/wp\/v2\/pages\/3043\/revisions"}],"predecessor-version":[{"id":3127,"href":"https:\/\/www.confagricoltura.org\/piacenza\/wp-json\/wp\/v2\/pages\/3043\/revisions\/3127"}],"up":[{"embeddable":true,"href":"https:\/\/www.confagricoltura.org\/piacenza\/wp-json\/wp\/v2\/pages\/3039"}],"wp:attachment":[{"href":"https:\/\/www.confagricoltura.org\/piacenza\/wp-json\/wp\/v2\/media?parent=3043"}],"curies":[{"name":"wp","href":"https:\/\/api.w.org\/{rel}","templated":true}]}}