{"id":58,"date":"2020-11-13T11:44:02","date_gmt":"2020-11-13T10:44:02","guid":{"rendered":"https:\/\/www.confagricoltura.org\/modena\/?page_id=58"},"modified":"2023-01-18T10:39:46","modified_gmt":"2023-01-18T09:39:46","slug":"chi-siamo","status":"publish","type":"page","link":"https:\/\/www.confagricoltura.org\/modena\/chi-siamo\/","title":{"rendered":"Siamo Confagricoltura"},"content":{"rendered":"\n<div class=\"row\"  id=\"row-715705685\">\n\n\n\t<div id=\"col-643906180\" class=\"col medium-3 small-12 large-3\"  >\n\t\t\t\t<div class=\"col-inner\"  >\n\t\t\t\n\t\t\t\n\n\n\t\t<\/div>\n\t\t\t\t\t<\/div>\n\n\t\n\n\t<div id=\"col-1670488735\" class=\"col medium-9 small-12 large-9\"  >\n\t\t\t\t<div class=\"col-inner\"  >\n\t\t\t\n\t\t\t\n\n<div class=\"is-divider divider clearfix\" style=\"margin-top:0px;margin-bottom:0px;max-width:100%;height:1px;\"><\/div>\n\n\n\t\t<\/div>\n\t\t\t\t\n<style>\n#col-1670488735 > .col-inner {\n  padding: 0px 0px 0 0px;\n  margin: 0px 0px 0 0px;\n}\n<\/style>\n\t<\/div>\n\n\t\n\n<\/div>\n<div class=\"row\"  id=\"row-1565570201\">\n\n\n\t<div id=\"col-2088677377\" class=\"col medium-3 small-12 large-3\"  >\n\t\t\t\t<div class=\"col-inner\"  >\n\t\t\t\n\t\t\t\n\n\n\t\t<\/div>\n\t\t\t\t\t<\/div>\n\n\t\n\n\t<div id=\"col-353811747\" class=\"col medium-9 small-12 large-9\"  >\n\t\t\t\t<div class=\"col-inner\"  >\n\t\t\t\n\t\t\t\n\n<ul class=\"sidebar-wrapper ul-reset\"><div class=\"breadcrumbs\" itemscope itemtype=\"https:\/\/schema.org\/BreadcrumbList\"><span property=\"itemListElement\" typeof=\"ListItem\"><a property=\"item\" typeof=\"WebPage\" title=\"Vai a Confagricoltura Modena.\" href=\"https:\/\/www.confagricoltura.org\/modena\" class=\"home\" aria-current=\"page\"><span property=\"name\">Confagricoltura Modena<\/span><\/a><meta property=\"position\" content=\"1\"><\/span><\/div><\/ul>\n\n<h1>Chi siamo<\/h1>\n\n\t\t<\/div>\n\t\t\t\t\t<\/div>\n\n\t\n\n<\/div>\n\n  <div class=\"banner has-hover banner-pages\" id=\"banner-2115583151\">\n          <div class=\"banner-inner fill\">\n        <div class=\"banner-bg fill\" >\n            <div class=\"bg fill bg-fill \"><\/div>\n                                    \n                    <\/div>\n\t\t\n        <div class=\"banner-layers container\">\n            <div class=\"fill banner-link\"><\/div>            \n\n   <div id=\"text-box-724169630\" class=\"text-box banner-layer banner-paragraph x5 md-x5 lg-x5 y50 md-y50 lg-y50 res-text\">\n                                <div class=\"text-box-content text dark\">\n              \n              <div class=\"text-inner text-center\">\n                  \n\n\n              <\/div>\n           <\/div>\n                            \n<style>\n#text-box-724169630 {\n  width: 60%;\n}\n#text-box-724169630 .text-box-content {\n  font-size: 100%;\n}\n<\/style>\n    <\/div>\n \n\n        <\/div>\n      <\/div>\n\n            \n<style>\n#banner-2115583151 {\n  padding-top: 280px;\n}\n#banner-2115583151 .bg.bg-loaded {\n  background-image: url(https:\/\/www.confagricoltura.org\/modena\/wp-content\/uploads\/sites\/16\/2021\/01\/siamo-confagricoltura.jpg);\n}\n<\/style>\n  <\/div>\n\n\n\t<section class=\"section\" id=\"section_1920909979\">\n\t\t<div class=\"bg section-bg fill bg-fill  bg-loaded\" >\n\n\t\t\t\n\t\t\t\n\t\t\t\n\n\t\t<\/div>\n\n\t\t\n\n\t\t<div class=\"section-content relative\">\n\t\t\t\n\n<div class=\"row\"  id=\"row-1147431918\">\n\n\n\t<div id=\"col-497706087\" class=\"col medium-3 small-12 large-3\"  >\n\t\t\t\t<div class=\"col-inner\"  >\n\t\t\t\n\t\t\t\n\n<ul class=\"sidebar-wrapper ul-reset\"><div class=\"textwidget custom-html-widget\"><div class=\"sidebar first-el sidebar-transp\">\r\n<hr>\r\n<p><a href=\"https:\/\/www.confagricoltura.org\/modena\/chi-siamo\/\" target=\"_self\">Confagricoltura Modena<\/a><\/p>\r\n<hr>\r\n<p><a href=\"https:\/\/www.confagricoltura.org\/modena\/dirigenti\/\" target=\"_self\">Dirigenza<\/a><\/p>\r\n<hr>\r\n<p><a href=\"https:\/\/www.confagricoltura.org\/modena\/servizi\/\" target=\"_self\">Servizi<\/a><\/p>\r\n<hr>\r\n<p><a href=\"https:\/\/www.confagricoltura.org\/modena\/organigramma\/\" target=\"_self\">Organigramma<\/a><\/p>\r\n<hr>\r\n<p><a href=\"https:\/\/www.confagricoltura.org\/modena\/enti-collegati\/\" target=\"_self\">Enti collegati<\/a><\/p>\r\n<hr>\r\n<p><a href=\"https:\/\/www.confagricoltura.org\/modena\/contatti\/\" target=\"_self\">Contatti<\/a><\/p>\r\n<hr>\r\n<\/div><\/div>\n<div id=\"rpwwt-recent-posts-widget-with-thumbnails-6\" class=\"rpwwt-widget\">\r\nUltime notizie\n\t<ul>\r\n\t\t<li class=\"rpwwt-sticky\"><a href=\"https:\/\/www.confagricoltura.org\/modena\/aiutiamo-le-aziende-agricole-della-romagna\/\"><img loading=\"lazy\" decoding=\"async\" width=\"75\" height=\"75\" src=\"https:\/\/www.confagricoltura.org\/modena\/wp-content\/uploads\/sites\/16\/2023\/05\/confagriXlaromagna-150x150.jpg\" class=\"attachment-75x75 size-75x75 wp-post-image\" alt=\"\" \/><span class=\"rpwwt-post-title\">Aiutiamo le aziende agricole d&hellip;<\/span><\/a><div class=\"rpwwt-post-date\">22 Maggio 2023<\/div><\/li>\r\n\t\t<li><a href=\"https:\/\/www.confagricoltura.org\/modena\/assemblea-generale-dei-soci\/\"><img loading=\"lazy\" decoding=\"async\" width=\"75\" height=\"75\" src=\"https:\/\/www.confagricoltura.org\/modena\/wp-content\/uploads\/sites\/16\/2023\/05\/VENERDI-26-MAGGIO-ore-10-150x150.png\" class=\"attachment-75x75 size-75x75 wp-post-image\" alt=\"\" \/><span class=\"rpwwt-post-title\">Assemblea Generale dei Soci<\/span><\/a><div class=\"rpwwt-post-date\">17 Maggio 2023<\/div><\/li>\r\n\t\t<li><a href=\"https:\/\/www.confagricoltura.org\/modena\/pac-2023-2027\/\"><img loading=\"lazy\" decoding=\"async\" width=\"75\" height=\"75\" src=\"https:\/\/www.confagricoltura.org\/modena\/wp-content\/uploads\/sites\/16\/2023\/02\/PAC-per-FB-2-150x150.jpg\" class=\"attachment-75x75 size-75x75 wp-post-image\" alt=\"\" \/><span class=\"rpwwt-post-title\">PAC 2023-2027<\/span><\/a><div class=\"rpwwt-post-date\">8 Febbraio 2023<\/div><\/li>\r\n\t<\/ul>\r\n<\/div><!-- .rpwwt-widget -->\r\n<div class=\"textwidget custom-html-widget\"><div class=\"sidebar sidebar-blu sidebar-nomenu\">\r\n<h5>Link<\/h5>\r\n<hr>\r\n<a href=\"https:\/\/www.confagricoltura.org\/modena\/enti-associati\/agriturist\/\" target=\"_self\"><p>Agriturist Modena<\/p><\/a>\r\n<hr>\r\n<a href=\"https:\/\/www.confagricoltura.org\/modena\/enti-associati\/anga\/\" target=\"_self\"><p>Anga Modena<\/p><\/a>\r\n<hr>\r\n<a href=\"https:\/\/www.confagricoltura.org\/modena\/enti-associati\/enapa\/\" target=\"_self\"><p>Patronato Enapa<\/p><\/a>\r\n<hr>\r\n<a href=\"https:\/\/www.confagricoltura.org\/modena\/enti-collegati\/caaf-confagricoltura\/\" target=\"_self\"><p>CAAF Confagricoltura Modena<\/p><\/a>\r\n<hr>\r\n<a href=\"https:\/\/www.confagricoltura.org\/modena\/enti-collegati\/anpa\/\" target=\"_self\"><p>ANPA Confagricoltura Modena<\/p><\/a>\r\n<\/div><\/div><div class=\"textwidget custom-html-widget\"><div class=\"sidebar sidebar-blu sidebar-nomenu\">\r\n<h5>Link di interesse<\/h5>\r\n<hr>\r\n<a href=\"https:\/\/www.mo.camcom.it\/\" target=\"_blank\"><p>Camera di Commercio di Modena<\/p><\/a>\r\n<hr>\r\n<a href=\"https:\/\/www.fitosanitario.mo.it\/\" target=\"_blank\"><p>Consorzio Fitosanitario di Modena<\/p><\/a>\r\n<hr>\r\n<a href=\"http:\/\/www.unionefrignano.mo.it\/\" target=\"_blank\"><p>Unione dei Comuni del Frignano<\/p><\/a>\r\n<\/div><\/div><\/ul>\n\n\n\t\t<\/div>\n\t\t\t\t\t<\/div>\n\n\t\n\n\t<div id=\"col-917446296\" class=\"col medium-9 small-12 large-9\"  >\n\t\t\t\t<div class=\"col-inner\"  >\n\t\t\t\n\t\t\t\n\n<h2 class=\"supertitle-paragraph\">Confagricoltura Modena \u00e8 un\u2019organizzazione libera ed apartitica tra produttori agricoli. I suoi oltre 2.300 iscritti rappresentano circa il 50% della superficie agricola provinciale.<\/h2>\n<p>L\u2019associazione rappresenta e tutela gli interessi generali e particolari degli imprenditori agricoli, singoli ed associati, anche ai fini della tutela e dell\u2019incremento dell\u2019agricoltura. Inoltre promuove, rappresenta e tutela anche le attivit\u00e0 e gli interessi di quegli imprenditori, singoli ed associati, che svolgono attivit\u00e0 direttamente od indirettamente connesse, collegate od affini a quella agricola.<\/p>\n\t<div id=\"gap-644018527\" class=\"gap-element clearfix\" style=\"display:block; height:auto;\">\n\t\t\n<style>\n#gap-644018527 {\n  padding-top: 30px;\n}\n<\/style>\n\t<\/div>\n\t\n\n\n  <div class=\"banner has-hover\" id=\"banner-943560253\">\n          <div class=\"banner-inner fill\">\n        <div class=\"banner-bg fill\" >\n            <div class=\"bg fill bg-fill \"><\/div>\n                                    \n                    <\/div>\n\t\t\n        <div class=\"banner-layers container\">\n            <div class=\"fill banner-link\"><\/div>            \n\n\n        <\/div>\n      <\/div>\n\n            \n<style>\n#banner-943560253 {\n  padding-top: 400px;\n}\n#banner-943560253 .bg.bg-loaded {\n  background-image: url(https:\/\/www.confagricoltura.org\/modena\/wp-content\/uploads\/sites\/16\/2021\/03\/ConfagricolturaModena_Sede.jpg);\n}\n#banner-943560253 .bg {\n  background-position: 11% 75%;\n}\n<\/style>\n  <\/div>\n\n\n<p class=\"caption\">La sede di Confagricoltura Modena \u00e8 in via Diena 7 Modena<\/p>\n<h3>Gli scopi<\/h3>\n<p>La peculiarit\u00e0 di&nbsp;Confagricoltura Modena&nbsp;\u00e8 la centralit\u00e0 del ruolo dell\u2019imprenditore e dell\u2019azienda agricola, nonch\u00e9 la presenza attiva di coltivatori diretti. L\u2019Associazione Agricoltori, conscia di questo suo ruolo primario, s\u2019impegna per indurre le&nbsp;istituzioni e l\u2019opinione pubblica ad occuparsi di agricoltura, tema troppe volte trattato con incompetenza, disinformazione od eccessiva emotivit\u00e0.<\/p>\n<p>Pi\u00f9 nello specifico, l\u2019associazione intende promuovere azioni a favore dei prodotti che pi\u00f9 di altri caratterizzano la nostra terra (l\u2019aceto balsamico di Modena, le pere, le ciliegie, le susine, tutte le altre produzioni ortofrutticole, il Parmigiano Reggiano, i prodotti della trasformazione come i salumi, i vini Lambrusco e Pignoletto, etc.) e delle forme di agricoltura multifunzionale come l\u2019agriturismo, la vendita diretta al consumatore, le produzioni non alimentari.<\/p>\n<h3>Le attivit\u00e0<\/h3>\n<p>Confagricoltura Modena&nbsp;porta avanti inoltre&nbsp;politiche agricole per lo sviluppo di produzioni certificate (biologiche) e di sistemi di tracciabilit\u00e0 che permettano al consumatore di verificare il proprio rapporto con gli elementi di base della vita, tutto questo senza dimenticare che le problematiche agricole locali si collocano nel quadro pi\u00f9 ampio delle dinamiche internazionali, caratterizzate da aspetti fortemente problematici.<\/p>\n<p>Sul fronte dei servizi, l\u2019associazione sviluppa sistemi di comunicazione verso le imprese associate, basati sulle nuove tecnologie, per innovare sia i processi produttivi che i prodotti ed i servizi offerti al mercato.<\/p>\n\n\t\t<\/div>\n\t\t\t\t\t<\/div>\n\n\t\n\n<\/div>\n<div class=\"row text-center upper-footer\"  id=\"row-339625349\">\n\n\n\t<div id=\"col-2121026562\" class=\"col small-12 large-12\"  >\n\t\t\t\t<div class=\"col-inner\"  >\n\t\t\t\n\t\t\t\n\n<hr>\n<h1>Ultime notizie<\/h1>\n\n\t\t<\/div>\n\t\t\t\t\t<\/div>\n\n\t\n\n<\/div>\n\n  \n    <div class=\"row blog-post footer-page-post large-columns-4 medium-columns-1 small-columns-1\" >\n  <div class=\"col post-item\" data-animate=\"fadeInUp\">\n\t\t\t<div class=\"col-inner\">\n\t\t\t\t<div class=\"box box-default box-text-bottom box-blog-post has-hover\">\n            \t\t\t\t\t<div class=\"box-image\" >\n  \t\t\t\t\t\t<div class=\"image-zoom-fade image-cover\" style=\"padding-top:70%;\">\n\t\t\t\t\t\t\t<a href=\"https:\/\/www.confagricoltura.org\/modena\/aiutiamo-le-aziende-agricole-della-romagna\/\" class=\"plain\" aria-label=\"Aiutiamo le aziende agricole dell&#8217;Emilia-Romagna\">\n\t\t\t\t\t\t\t\t<img loading=\"lazy\" decoding=\"async\" width=\"526\" height=\"503\" src=\"https:\/\/www.confagricoltura.org\/modena\/wp-content\/uploads\/sites\/16\/2023\/05\/confagriXlaromagna.jpg\" class=\"attachment-medium size-medium wp-post-image\" alt=\"\" srcset=\"https:\/\/www.confagricoltura.org\/modena\/wp-content\/uploads\/sites\/16\/2023\/05\/confagriXlaromagna.jpg 526w, https:\/\/www.confagricoltura.org\/modena\/wp-content\/uploads\/sites\/16\/2023\/05\/confagriXlaromagna-100x96.jpg 100w\" sizes=\"auto, (max-width: 526px) 100vw, 526px\" \/>\t\t\t\t\t\t\t<\/a>\n  \t\t\t\t\t\t\t  \t\t\t\t\t\t\t  \t\t\t\t\t\t<\/div>\n  \t\t\t\t\t\t  \t\t\t\t\t<\/div>\n          \t\t\t\t\t<div class=\"box-text text-center\" >\n\t\t\t\t\t<div class=\"box-text-inner blog-post-inner\">\n\n\t\t\t\t\t\n\t\t\t\t\t\t\t\t\t\t<h5 class=\"post-title is-large \">\n\t\t\t\t\t\t<a href=\"https:\/\/www.confagricoltura.org\/modena\/aiutiamo-le-aziende-agricole-della-romagna\/\" class=\"plain\">Aiutiamo le aziende agricole dell&#8217;Emilia-Romagna<\/a>\n\t\t\t\t\t<\/h5>\n\t\t\t\t\t\t\t\t\t\t<div class=\"is-divider\"><\/div>\n\t\t\t\t\t                    \n\t\t\t\t\t\n\t\t\t\t\t\n\t\t\t\t\t<\/div>\n\t\t\t\t\t<\/div>\n\t\t\t\t\t\t\t\t\t<\/div>\n\t\t\t<\/div>\n\t\t<\/div><div class=\"col post-item\" data-animate=\"fadeInUp\">\n\t\t\t<div class=\"col-inner\">\n\t\t\t\t<div class=\"box box-default box-text-bottom box-blog-post has-hover\">\n            \t\t\t\t\t<div class=\"box-image\" >\n  \t\t\t\t\t\t<div class=\"image-zoom-fade image-cover\" style=\"padding-top:70%;\">\n\t\t\t\t\t\t\t<a href=\"https:\/\/www.confagricoltura.org\/modena\/assemblea-generale-dei-soci\/\" class=\"plain\" aria-label=\"Assemblea Generale dei Soci\">\n\t\t\t\t\t\t\t\t<img loading=\"lazy\" decoding=\"async\" width=\"940\" height=\"788\" src=\"https:\/\/www.confagricoltura.org\/modena\/wp-content\/uploads\/sites\/16\/2023\/05\/VENERDI-26-MAGGIO-ore-10.png\" class=\"attachment-medium size-medium wp-post-image\" alt=\"\" srcset=\"https:\/\/www.confagricoltura.org\/modena\/wp-content\/uploads\/sites\/16\/2023\/05\/VENERDI-26-MAGGIO-ore-10.png 940w, https:\/\/www.confagricoltura.org\/modena\/wp-content\/uploads\/sites\/16\/2023\/05\/VENERDI-26-MAGGIO-ore-10-768x644.png 768w, https:\/\/www.confagricoltura.org\/modena\/wp-content\/uploads\/sites\/16\/2023\/05\/VENERDI-26-MAGGIO-ore-10-100x84.png 100w\" sizes=\"auto, (max-width: 940px) 100vw, 940px\" \/>\t\t\t\t\t\t\t<\/a>\n  \t\t\t\t\t\t\t  \t\t\t\t\t\t\t  \t\t\t\t\t\t<\/div>\n  \t\t\t\t\t\t  \t\t\t\t\t<\/div>\n          \t\t\t\t\t<div class=\"box-text text-center\" >\n\t\t\t\t\t<div class=\"box-text-inner blog-post-inner\">\n\n\t\t\t\t\t\n\t\t\t\t\t\t\t\t\t\t<h5 class=\"post-title is-large \">\n\t\t\t\t\t\t<a href=\"https:\/\/www.confagricoltura.org\/modena\/assemblea-generale-dei-soci\/\" class=\"plain\">Assemblea Generale dei Soci<\/a>\n\t\t\t\t\t<\/h5>\n\t\t\t\t\t\t\t\t\t\t<div class=\"is-divider\"><\/div>\n\t\t\t\t\t                    \n\t\t\t\t\t\n\t\t\t\t\t\n\t\t\t\t\t<\/div>\n\t\t\t\t\t<\/div>\n\t\t\t\t\t\t\t\t\t<\/div>\n\t\t\t<\/div>\n\t\t<\/div><div class=\"col post-item\" data-animate=\"fadeInUp\">\n\t\t\t<div class=\"col-inner\">\n\t\t\t\t<div class=\"box box-default box-text-bottom box-blog-post has-hover\">\n            \t\t\t\t\t<div class=\"box-image\" >\n  \t\t\t\t\t\t<div class=\"image-zoom-fade image-cover\" style=\"padding-top:70%;\">\n\t\t\t\t\t\t\t<a href=\"https:\/\/www.confagricoltura.org\/modena\/pac-2023-2027\/\" class=\"plain\" aria-label=\"PAC 2023-2027\">\n\t\t\t\t\t\t\t\t<img loading=\"lazy\" decoding=\"async\" width=\"940\" height=\"788\" src=\"https:\/\/www.confagricoltura.org\/modena\/wp-content\/uploads\/sites\/16\/2023\/02\/PAC-per-FB-2.jpg\" class=\"attachment-medium size-medium wp-post-image\" alt=\"\" srcset=\"https:\/\/www.confagricoltura.org\/modena\/wp-content\/uploads\/sites\/16\/2023\/02\/PAC-per-FB-2.jpg 940w, https:\/\/www.confagricoltura.org\/modena\/wp-content\/uploads\/sites\/16\/2023\/02\/PAC-per-FB-2-768x644.jpg 768w, https:\/\/www.confagricoltura.org\/modena\/wp-content\/uploads\/sites\/16\/2023\/02\/PAC-per-FB-2-100x84.jpg 100w\" sizes=\"auto, (max-width: 940px) 100vw, 940px\" \/>\t\t\t\t\t\t\t<\/a>\n  \t\t\t\t\t\t\t  \t\t\t\t\t\t\t  \t\t\t\t\t\t<\/div>\n  \t\t\t\t\t\t  \t\t\t\t\t<\/div>\n          \t\t\t\t\t<div class=\"box-text text-center\" >\n\t\t\t\t\t<div class=\"box-text-inner blog-post-inner\">\n\n\t\t\t\t\t\n\t\t\t\t\t\t\t\t\t\t<h5 class=\"post-title is-large \">\n\t\t\t\t\t\t<a href=\"https:\/\/www.confagricoltura.org\/modena\/pac-2023-2027\/\" class=\"plain\">PAC 2023-2027<\/a>\n\t\t\t\t\t<\/h5>\n\t\t\t\t\t\t\t\t\t\t<div class=\"is-divider\"><\/div>\n\t\t\t\t\t                    \n\t\t\t\t\t\n\t\t\t\t\t\n\t\t\t\t\t<\/div>\n\t\t\t\t\t<\/div>\n\t\t\t\t\t\t\t\t\t<\/div>\n\t\t\t<\/div>\n\t\t<\/div><div class=\"col post-item\" data-animate=\"fadeInUp\">\n\t\t\t<div class=\"col-inner\">\n\t\t\t\t<div class=\"box box-default box-text-bottom box-blog-post has-hover\">\n            \t\t\t\t\t<div class=\"box-image\" >\n  \t\t\t\t\t\t<div class=\"image-zoom-fade image-cover\" style=\"padding-top:70%;\">\n\t\t\t\t\t\t\t<a href=\"https:\/\/www.confagricoltura.org\/modena\/facciamo-il-punto\/\" class=\"plain\" aria-label=\"Facciamo il Punto\">\n\t\t\t\t\t\t\t\t<img loading=\"lazy\" decoding=\"async\" width=\"682\" height=\"980\" src=\"https:\/\/www.confagricoltura.org\/modena\/wp-content\/uploads\/sites\/16\/2022\/12\/locandina_ser-002-682x980.jpg\" class=\"attachment-medium size-medium wp-post-image\" alt=\"\" srcset=\"https:\/\/www.confagricoltura.org\/modena\/wp-content\/uploads\/sites\/16\/2022\/12\/locandina_ser-002-682x980.jpg 682w, https:\/\/www.confagricoltura.org\/modena\/wp-content\/uploads\/sites\/16\/2022\/12\/locandina_ser-002-768x1104.jpg 768w, https:\/\/www.confagricoltura.org\/modena\/wp-content\/uploads\/sites\/16\/2022\/12\/locandina_ser-002-1069x1536.jpg 1069w, https:\/\/www.confagricoltura.org\/modena\/wp-content\/uploads\/sites\/16\/2022\/12\/locandina_ser-002-1425x2048.jpg 1425w, https:\/\/www.confagricoltura.org\/modena\/wp-content\/uploads\/sites\/16\/2022\/12\/locandina_ser-002-100x144.jpg 100w, https:\/\/www.confagricoltura.org\/modena\/wp-content\/uploads\/sites\/16\/2022\/12\/locandina_ser-002-scaled.jpg 1781w\" sizes=\"auto, (max-width: 682px) 100vw, 682px\" \/>\t\t\t\t\t\t\t<\/a>\n  \t\t\t\t\t\t\t  \t\t\t\t\t\t\t  \t\t\t\t\t\t<\/div>\n  \t\t\t\t\t\t  \t\t\t\t\t<\/div>\n          \t\t\t\t\t<div class=\"box-text text-center\" >\n\t\t\t\t\t<div class=\"box-text-inner blog-post-inner\">\n\n\t\t\t\t\t\n\t\t\t\t\t\t\t\t\t\t<h5 class=\"post-title is-large \">\n\t\t\t\t\t\t<a href=\"https:\/\/www.confagricoltura.org\/modena\/facciamo-il-punto\/\" class=\"plain\">Facciamo il Punto<\/a>\n\t\t\t\t\t<\/h5>\n\t\t\t\t\t\t\t\t\t\t<div class=\"is-divider\"><\/div>\n\t\t\t\t\t                    \n\t\t\t\t\t\n\t\t\t\t\t\n\t\t\t\t\t<\/div>\n\t\t\t\t\t<\/div>\n\t\t\t\t\t\t\t\t\t<\/div>\n\t\t\t<\/div>\n\t\t<\/div><\/div>\n\n\n\t\t<\/div>\n\n\t\t\n<style>\n#section_1920909979 {\n  padding-top: 30px;\n  padding-bottom: 30px;\n}\n<\/style>\n\t<\/section>\n\t\n<div class=\"row last-update-page\"  id=\"row-1701690485\">\n\n\n\t<div id=\"col-810655299\" class=\"col small-12 large-12\"  >\n\t\t\t\t<div class=\"col-inner\"  >\n\t\t\t\n\t\t\t\n\n<hr>\n<p style=\"text-align: center\"><span data-text-color=\"primary\">Ultima modifica: 23 Maggio 2023<\/span><\/p>\n\n\t\t<\/div>\n\t\t\t\t\t<\/div>\n\n\t\n\n<\/div>\n","protected":false},"excerpt":{"rendered":"","protected":false},"author":1,"featured_media":0,"parent":0,"menu_order":0,"comment_status":"closed","ping_status":"closed","template":"page-blank.php","meta":{"wp_mapbox_gl_js_media":[],"footnotes":""},"class_list":["post-58","page","type-page","status-publish","hentry"],"yoast_head":"<!-- This site is optimized with the Yoast SEO plugin v26.8 - https:\/\/yoast.com\/product\/yoast-seo-wordpress\/ -->\n<title>Siamo Confagricoltura - Confagricoltura Modena<\/title>\n<meta name=\"robots\" content=\"index, follow, max-snippet:-1, max-image-preview:large, max-video-preview:-1\" \/>\n<link rel=\"canonical\" href=\"https:\/\/www.confagricoltura.org\/modena\/chi-siamo\/\" \/>\n<meta property=\"og:locale\" content=\"it_IT\" \/>\n<meta property=\"og:type\" content=\"article\" \/>\n<meta property=\"og:title\" content=\"Siamo Confagricoltura - Confagricoltura Modena\" \/>\n<meta property=\"og:url\" content=\"https:\/\/www.confagricoltura.org\/modena\/chi-siamo\/\" \/>\n<meta property=\"og:site_name\" content=\"Confagricoltura Modena\" \/>\n<meta property=\"article:modified_time\" content=\"2023-01-18T09:39:46+00:00\" \/>\n<meta name=\"twitter:card\" content=\"summary_large_image\" \/>\n<meta name=\"twitter:label1\" content=\"Tempo di lettura stimato\" \/>\n\t<meta name=\"twitter:data1\" content=\"2 minuti\" \/>\n<script type=\"application\/ld+json\" class=\"yoast-schema-graph\">{\"@context\":\"https:\/\/schema.org\",\"@graph\":[{\"@type\":\"WebPage\",\"@id\":\"https:\/\/www.confagricoltura.org\/modena\/chi-siamo\/\",\"url\":\"https:\/\/www.confagricoltura.org\/modena\/chi-siamo\/\",\"name\":\"Siamo Confagricoltura - Confagricoltura Modena\",\"isPartOf\":{\"@id\":\"https:\/\/www.confagricoltura.org\/modena\/#website\"},\"datePublished\":\"2020-11-13T10:44:02+00:00\",\"dateModified\":\"2023-01-18T09:39:46+00:00\",\"breadcrumb\":{\"@id\":\"https:\/\/www.confagricoltura.org\/modena\/chi-siamo\/#breadcrumb\"},\"inLanguage\":\"it-IT\",\"potentialAction\":[{\"@type\":\"ReadAction\",\"target\":[\"https:\/\/www.confagricoltura.org\/modena\/chi-siamo\/\"]}]},{\"@type\":\"BreadcrumbList\",\"@id\":\"https:\/\/www.confagricoltura.org\/modena\/chi-siamo\/#breadcrumb\",\"itemListElement\":[{\"@type\":\"ListItem\",\"position\":1,\"name\":\"Home\",\"item\":\"https:\/\/www.confagricoltura.org\/modena\/\"},{\"@type\":\"ListItem\",\"position\":2,\"name\":\"Siamo Confagricoltura\"}]},{\"@type\":\"WebSite\",\"@id\":\"https:\/\/www.confagricoltura.org\/modena\/#website\",\"url\":\"https:\/\/www.confagricoltura.org\/modena\/\",\"name\":\"Confagricoltura Modena\",\"description\":\"Dalla parte degli Agricoltori\",\"potentialAction\":[{\"@type\":\"SearchAction\",\"target\":{\"@type\":\"EntryPoint\",\"urlTemplate\":\"https:\/\/www.confagricoltura.org\/modena\/?s={search_term_string}\"},\"query-input\":{\"@type\":\"PropertyValueSpecification\",\"valueRequired\":true,\"valueName\":\"search_term_string\"}}],\"inLanguage\":\"it-IT\"}]}<\/script>\n<!-- \/ Yoast SEO plugin. -->","yoast_head_json":{"title":"Siamo Confagricoltura - Confagricoltura Modena","robots":{"index":"index","follow":"follow","max-snippet":"max-snippet:-1","max-image-preview":"max-image-preview:large","max-video-preview":"max-video-preview:-1"},"canonical":"https:\/\/www.confagricoltura.org\/modena\/chi-siamo\/","og_locale":"it_IT","og_type":"article","og_title":"Siamo Confagricoltura - Confagricoltura Modena","og_url":"https:\/\/www.confagricoltura.org\/modena\/chi-siamo\/","og_site_name":"Confagricoltura Modena","article_modified_time":"2023-01-18T09:39:46+00:00","twitter_card":"summary_large_image","twitter_misc":{"Tempo di lettura stimato":"2 minuti"},"schema":{"@context":"https:\/\/schema.org","@graph":[{"@type":"WebPage","@id":"https:\/\/www.confagricoltura.org\/modena\/chi-siamo\/","url":"https:\/\/www.confagricoltura.org\/modena\/chi-siamo\/","name":"Siamo Confagricoltura - Confagricoltura Modena","isPartOf":{"@id":"https:\/\/www.confagricoltura.org\/modena\/#website"},"datePublished":"2020-11-13T10:44:02+00:00","dateModified":"2023-01-18T09:39:46+00:00","breadcrumb":{"@id":"https:\/\/www.confagricoltura.org\/modena\/chi-siamo\/#breadcrumb"},"inLanguage":"it-IT","potentialAction":[{"@type":"ReadAction","target":["https:\/\/www.confagricoltura.org\/modena\/chi-siamo\/"]}]},{"@type":"BreadcrumbList","@id":"https:\/\/www.confagricoltura.org\/modena\/chi-siamo\/#breadcrumb","itemListElement":[{"@type":"ListItem","position":1,"name":"Home","item":"https:\/\/www.confagricoltura.org\/modena\/"},{"@type":"ListItem","position":2,"name":"Siamo Confagricoltura"}]},{"@type":"WebSite","@id":"https:\/\/www.confagricoltura.org\/modena\/#website","url":"https:\/\/www.confagricoltura.org\/modena\/","name":"Confagricoltura Modena","description":"Dalla parte degli Agricoltori","potentialAction":[{"@type":"SearchAction","target":{"@type":"EntryPoint","urlTemplate":"https:\/\/www.confagricoltura.org\/modena\/?s={search_term_string}"},"query-input":{"@type":"PropertyValueSpecification","valueRequired":true,"valueName":"search_term_string"}}],"inLanguage":"it-IT"}]}},"_links":{"self":[{"href":"https:\/\/www.confagricoltura.org\/modena\/wp-json\/wp\/v2\/pages\/58","targetHints":{"allow":["GET"]}}],"collection":[{"href":"https:\/\/www.confagricoltura.org\/modena\/wp-json\/wp\/v2\/pages"}],"about":[{"href":"https:\/\/www.confagricoltura.org\/modena\/wp-json\/wp\/v2\/types\/page"}],"author":[{"embeddable":true,"href":"https:\/\/www.confagricoltura.org\/modena\/wp-json\/wp\/v2\/users\/1"}],"replies":[{"embeddable":true,"href":"https:\/\/www.confagricoltura.org\/modena\/wp-json\/wp\/v2\/comments?post=58"}],"version-history":[{"count":75,"href":"https:\/\/www.confagricoltura.org\/modena\/wp-json\/wp\/v2\/pages\/58\/revisions"}],"predecessor-version":[{"id":1567,"href":"https:\/\/www.confagricoltura.org\/modena\/wp-json\/wp\/v2\/pages\/58\/revisions\/1567"}],"wp:attachment":[{"href":"https:\/\/www.confagricoltura.org\/modena\/wp-json\/wp\/v2\/media?parent=58"}],"curies":[{"name":"wp","href":"https:\/\/api.w.org\/{rel}","templated":true}]}}