{"id":3,"date":"2020-09-21T14:30:57","date_gmt":"2020-09-21T14:30:57","guid":{"rendered":"https:\/\/www.confagricoltura.org\/ferrara\/?page_id=3"},"modified":"2021-02-14T23:32:04","modified_gmt":"2021-02-14T22:32:04","slug":"privacy-policy","status":"publish","type":"page","link":"https:\/\/www.confagricoltura.org\/ferrara\/privacy-policy\/","title":{"rendered":"Privacy Policy"},"content":{"rendered":"\n<div class=\"row\"  id=\"row-472647896\">\n\n\n\t<div id=\"col-1793433543\" class=\"col medium-3 small-12 large-3\"  >\n\t\t\t\t<div class=\"col-inner\"  >\n\t\t\t\n\t\t\t\n\n\n\t\t<\/div>\n\t\t\t\t\t<\/div>\n\n\t\n\n\t<div id=\"col-1071594234\" class=\"col medium-9 small-12 large-9\"  >\n\t\t\t\t<div class=\"col-inner\"  >\n\t\t\t\n\t\t\t\n\n<div class=\"is-divider divider clearfix\" style=\"margin-top:0px;margin-bottom:0px;max-width:100%;height:1px;\"><\/div>\n\n\n\t\t<\/div>\n\t\t\t\t\t<\/div>\n\n\t\n\n<\/div>\n<div class=\"row generic-page\"  id=\"row-1277613783\">\n\n\n\t<div id=\"col-1297507436\" class=\"col medium-3 small-12 large-3\"  >\n\t\t\t\t<div class=\"col-inner\"  >\n\t\t\t\n\t\t\t\n\n<ul class=\"sidebar-wrapper ul-reset\"><div class=\"textwidget custom-html-widget\"><div class=\"sidebar first-el sidebar-transp\">\r\n<hr>\r\n<p><a href=\"https:\/\/www.confagricoltura.org\/ferrara\/chi-siamo\/\" target=\"_self\">Confagricoltura Ferrara<\/a><\/p>\r\n<hr>\r\n<p><a href=\"https:\/\/www.confagricoltura.org\/ferrara\/dirigenti\/\" target=\"_self\">La Dirigenza<\/a><\/p>\r\n<hr>\r\n<p><a href=\"https:\/\/www.confagricoltura.org\/ferrara\/category\/news\/\" target=\"_self\">Notizie<\/a><\/p>\r\n<hr>\r\n<p><a href=\"https:\/\/www.confagricoltura.org\/ferrara\/organigramma\/\" target=\"_self\">Organigramma<\/a><\/p>\r\n<hr>\r\n<p><a href=\"https:\/\/www.confagricoltura.org\/ferrara\/contatti\/\" target=\"_self\">Contatti<\/a><\/p>\r\n<hr>\r\n<p><a href=\"https:\/\/www.confagricoltura.org\/ferrara\/whistleblowing\/\" target=\"_self\">Whistleblowing<\/a><\/p>\r\n<hr>\t\r\n<\/div><\/div><div class=\"textwidget custom-html-widget\"><div class=\"sidebar sidebar-blu sidebar-nomenu\">\r\n<h5>Link<\/h5>\r\n<hr>\r\n<a href=\"https:\/\/www.confagricoltura.org\/ferrara\/enti-associati\/agriturist\/\" target=\"_self\"><p>Agriturist Ferrara<\/p><\/a>\r\n<hr>\r\n<a href=\"https:\/\/www.confagricoltura.org\/ferrara\/enti-associati\/anga\/\" target=\"_self\"><p>Anga Giovani Agricoltori<\/p><\/a>\r\n<hr>\r\n<a href=\"https:\/\/www.confagricoltura.org\/ferrara\/enti-associati\/enapa\/\" target=\"_self\"><p>Patronato Enapa<\/p><\/a>\r\n<hr>\r\n<a href=\"https:\/\/www.confagricoltura.org\/ferrara\/enti-associati\/anpa\/\" target=\"_self\"><p>Anpa Pensionati<\/p><\/a>\r\n\t<hr>\r\n<a href=\"https:\/\/www.confagricoltura.org\/ferrara\/enti-associati\/confagricoltura-donna\/\"><p>Confagricoltura Donna<\/p><\/a>\r\n<\/div><\/div><\/ul>\n\n\n\t\t<\/div>\n\t\t\t\t\t<\/div>\n\n\t\n\n\t<div id=\"col-764470576\" class=\"col medium-9 small-12 large-9\"  >\n\t\t\t\t<div class=\"col-inner\"  >\n\t\t\t\n\t\t\t\n\n<ul class=\"sidebar-wrapper ul-reset\"><div class=\"breadcrumbs\" itemscope itemtype=\"https:\/\/schema.org\/BreadcrumbList\"><span property=\"itemListElement\" typeof=\"ListItem\"><a property=\"item\" typeof=\"WebPage\" title=\"Vai a Confagricoltura Ferrara.\" href=\"https:\/\/www.confagricoltura.org\/ferrara\" class=\"home\" aria-current=\"page\"><span property=\"name\">Confagricoltura Ferrara<\/span><\/a><meta property=\"position\" content=\"1\"><\/span><\/div><\/ul>\n\n<h1>Informativa Privacy<\/h1>\n\t<div id=\"gap-398174770\" class=\"gap-element clearfix\" style=\"display:block; height:auto;\">\n\t\t\n<style>\n#gap-398174770 {\n  padding-top: 21px;\n}\n<\/style>\n\t<\/div>\n\t\n\n<h2>INFORMATIVA PRIVACY (Art.13 del D.lgs.30 giugno 2003 n. 196)<\/h2>\n\t<div id=\"gap-527402939\" class=\"gap-element clearfix\" style=\"display:block; height:auto;\">\n\t\t\n<style>\n#gap-527402939 {\n  padding-top: 44px;\n}\n<\/style>\n\t<\/div>\n\t\n\n<h3>Introduzione all&#8217;informativa<\/h3>\n<p>Gentile Interessato,\u00a0<strong>CAA Confagricoltura Emilia Romagna S.r.l.<\/strong>\u00a0ha grande rispetto per la privacy degli Utenti. I dati che saranno eventualmente comunicati dall\u2019Utente attraverso il Sito saranno trattati con la massima attenzione e con tutti gli strumenti atti a garantirne la sicurezza, nel pieno rispetto della normativa vigente posta a tutela della riservatezza dei dati. Desideriamo informarLa che il \u201c<em>Regolamento Europeo 2016\/679 relativo alla protezione delle persone fisiche con riguardo al Trattamento dei Dati Personali, nonch\u00e9 alla libera circolazione di tali dati<\/em>\u201d (da ora in poi \u201cGDPR\u201d) prevede la protezione delle persone fisiche con riguardo al trattamento dei dati di carattere personale come diritto fondamentale. Ai sensi dell\u2019articolo 13 del GDPR, pertanto, La informiamo che:<\/p>\n\t<div id=\"text-1535766462\" class=\"text block-text-gap30\">\n\t\t\n\n<h3>Categorie di dati<\/h3>\n<p>Oggetto del trattamento possono essere i suoi dati personali quali:<\/p>\n<ol>\n<li><strong>Dati raccolti in automatico.<\/strong>\u00a0I sistemi informatici e gli applicativi dedicati al funzionamento di questo sito web rilevano, nel corso del loro normale funzionamento, alcuni dati (la cui trasmissione \u00e8 implicita nell\u2019uso dei protocolli di comunicazione di Internet) potenzialmente associati ad utenti identificabili. Tra i dati raccolti sono compresi gli indirizzi IP e i nomi di dominio dei computer utilizzati dagli utenti che si connettono al sito, gli indirizzi in notazione URI (Uniform Resource Identifier) delle risorse richieste, il metodo utilizzato nel sottoporre la richiesta al server, la dimensione del file ottenuto in risposta, il codice numerico indicante lo stato della risposta data dal server (buon fine, errore, ecc.) ed altri parametri riguardanti il sistema operativo, il browser e l\u2019ambiente informatico utilizzato dall\u2019utente, nome dell\u2019internet service provider (ISP), data e orario di visita, pagina web di provenienza del visitatore (referral) e di uscita.<\/li>\n<li><strong>Dati forniti volontariamente dall\u2019utente.<\/strong>\u00a0L\u2019invio volontario ed esplicito di posta elettronica agli indirizzi indicati nei differenti canali di accesso di questo sito non comporta richiesta di consenso e comporta l\u2019acquisizione dell\u2019indirizzo e dei dati del mittente, necessario per rispondere alle richieste, nonch\u00e9 degli eventuali altri dati personali inseriti nella missiva. Tali dati si intendono volontariamente forniti dall\u2019utente al momento della richiesta di erogazione del servizio. Inserendo un commento o altra informazione l\u2019utente accetta espressamente l\u2019informativa privacy, e in particolare acconsente che i contenuti inseriti siano liberamente diffusi anche a terzi. Al contrario, specifiche informative di sintesi saranno riportate o visualizzate nelle pagine del sito predisposte per particolari servizi a richiesta (form). L\u2019utente dovr\u00e0 pertanto acconsentire esplicitamente all\u2019utilizzo dei dati riportati in questi form per poter inviare la richiesta.<\/li>\n<li><strong>Cookies.<\/strong>\u00a0Il sito utilizza cookie. I dati raccolti grazie ai cookie possono servire per accedere a delle parti del sito o per fini statistici o per rendere l\u2019esperienza di navigazione pi\u00f9 piacevole e pi\u00f9 efficiente in futuro, cercando di valutare il comportamento degli utenti e di modificare la proposizione di offerta dei contenuti in funzione del loro comportamento. Per maggiori informazioni \u00e8 disponibile una apposita cookie policy.<\/li>\n<li><strong>Plug-in.<\/strong>\u00a0Il sito incorpora anche plugin e\/o bottoni per i social network, al fine di consentire una facile condivisione dei contenuti sui vostri social network preferiti. Tali plug-in sono programmati in modo da non impostare alcun cookie all\u2019accesso della pagina, per salvaguardare la privacy degli utenti. Eventualmente i cookie vengono impostati, se cos\u00ec previsto dai social network, solo quando l\u2019utente fa effettivo e volontario uso del plug-in. Si tenga presente che se l\u2019utente naviga essendo loggato nel social network allora ha gi\u00e0 acconsentito all\u2019uso dei cookie veicolati tramite questo sito al momento dell\u2019iscrizione al social network. La raccolta e l\u2019uso delle informazioni ottenute a mezzo del plug-in sono regolati dalle rispettive informative privacy dei social network, alle quali si prega di fare riferimento.<\/li>\n<\/ol>\n\t\t\t<\/div>\n\t\n\t<div id=\"text-2107741575\" class=\"text block-text-gap30\">\n\t\t\n\n<h3>Titolare del trattamento<\/h3>\n<p>Il titolare del trattamento <strong>CAA Confagricoltura Emilia Romagna S.r.l.,<\/strong>\u00a0Via del Monte, 10 \u2013 40126 Bologna, Partita IVA 02317021208, contattabile telefonicamente allo\u00a0<strong>051. 251866<\/strong><\/p>\n\t\t\t<\/div>\n\t\n\t<div id=\"text-3985098839\" class=\"text block-text-gap30\">\n\t\t\n\n<h3>Fonte dei dati personali<\/h3>\n<p>I dati personali in possesso del Titolare sono raccolti direttamente presso l\u2019interessato.<\/p>\n\t\t\t<\/div>\n\t\n\t<div id=\"text-978020331\" class=\"text block-text-gap30\">\n\t\t\n\n<h3>\u00a0Finalit\u00e0 di trattamento dei dati e base giuridica<\/h3>\n<p>Il trattamento dei Suoi dati ha come finalit\u00e0 e base giuridica:<\/p>\n<ol>\n<li>Per i dati raccolti in automatico, la base giuridica \u00e8 il legittimo interesse del titolare e la finalit\u00e0 \u00e8 garantire e migliorare l\u2019esperienza di navigazione web.<\/li>\n<li>Per i dati forniti volontariamente dall\u2019utente, la base giuridica \u00e8 il consenso e, per l\u2019invio di mail ai nostri indirizzi, la finalit\u00e0 \u00e8 poter inviare risposte alle richieste specifiche effettuate dall\u2019utente; per i form la finalit\u00e0 \u00e8 indicata nella specifica informativa.<\/li>\n<li>Per i cookies ed i plug-in: confronta la specifica cookies policy.<\/li>\n<\/ol>\n\t\t\t<\/div>\n\t\n\t<div id=\"text-813920743\" class=\"text block-text-gap30\">\n\t\t\n\n<h3>Dati di contatto del D.P.O.<\/h3>\n<p>Il titolare ha provveduto alla nomina del D.P.O., contattabile via mail all\u2019indirizzo:\u00a0<strong>caaconfagricolturaer@segnalazionidpo.it<\/strong><\/p>\n\t\t\t<\/div>\n\t\n\t<div id=\"text-4034555868\" class=\"text block-text-gap30\">\n\t\t\n\n<h3>Trasferimento dei dati verso un paese terzo<\/h3>\n<p>Non \u00e8 previsto il trasferimento dei vostri dati verso un paese terzo.<\/p>\n\t\t\t<\/div>\n\t\n\t<div id=\"text-1991957682\" class=\"text block-text-gap30\">\n\t\t\n\n<h3>Periodo di conservazione<\/h3>\n<p>In base al principio di limitazione della conservazione (art.5, GDPR), a verifica sulla obsolescenza dei dati conservati in relazione alle finalit\u00e0 per cui sono stati raccolti viene effettuata periodicamente. In particolare:<\/p>\n<p>a)\u00a0\u00a0 i dati raccolti in automatico vengono trattati, per il tempo strettamente necessario, al solo fine di ricavare informazioni statistiche sull\u2019uso del sito e per controllarne il regolare funzionamento, anche a fini di sicurezza o in base alle scadenze previste dalle norme di legge.<\/p>\n<p>b)\u00a0\u00a0 I dati forniti volontariamente dall\u2019utente verranno conservati per un arco di tempo non superiore al conseguimento delle finalit\u00e0 per le quali sono trattati o in base alle scadenze previste dalle norme di legge.<\/p>\n\t\t\t<\/div>\n\t\n\t<div id=\"text-2930343614\" class=\"text block-text-gap30\">\n\t\t\n\n<h3>Diritti dell&#8217;interessato<\/h3>\n<p>L\u2019interessato ha sempre diritto a richiedere al Titolare l\u2019accesso ai Suoi dati, la rettifica o la cancellazione degli stessi, la limitazione del trattamento o la possibilit\u00e0 di opporsi al trattamento, di richiedere la portabilit\u00e0 dei dati, di revocare il consenso al trattamento facendo valere questi e gli altri diritti previsti dal GDPR tramite semplice comunicazione al Titolare. L\u2018interessato pu\u00f2 proporre reclamo anche a un\u2019autorit\u00e0 di controllo.<\/p>\n\t\t\t<\/div>\n\t\n\t<div id=\"text-3032696526\" class=\"text block-text-gap30\">\n\t\t\n\n<h3>Obbligatoriet\u00e0 o meno del consenso<\/h3>\n<p>Il conferimento dei Suoi dati \u00e8 obbligatorio durante la navigazione del nostro sito web per quanto riguarda i punti D.1 e D.2 delle finalit\u00e0 sopracitate, per permettere la corretta erogazione del servizio. Il conferimento del consenso dei suoi dati per i punti D.3 \u00e8 invece facoltativo e non comprometter\u00e0 in alcun modo l\u2019erogazione del servizio.<\/p>\n\t\t\t<\/div>\n\t\n\t<div id=\"text-590859317\" class=\"text block-text-gap30\">\n\t\t\n\n<h3>Modalit\u00e0 di trattamento dei dati<\/h3>\n<p>I dati personali da Lei forniti, formeranno oggetto di operazioni di trattamento nel rispetto della normativa sopracitata e degli obblighi di riservatezza cui \u00e8 ispirata l\u2019attivit\u00e0 del Titolare. I dati verranno trattati sia con strumenti informatici sia su supporti cartacei sia su ogni altro tipo di supporto idoneo, nel rispetto delle misure adeguate di sicurezza ai sensi dell\u2019art 5 par. 1 lett. F del GDPR.<\/p>\n\t\t\t<\/div>\n\t\n\t<div id=\"text-1027287558\" class=\"text block-text-gap30\">\n\t\t\n\n<h3>Note finali e modalit\u00e0 di aggiornamento<\/h3>\n<p>L\u2019informativa \u00e8 resa solo per il presente sito internet e non anche per altri siti web eventualmente consultati dall\u2019utente tramite link contenuti nel presente sito. L\u2019informativa pu\u00f2 subire modifiche a causa dell\u2019introduzione di nuove norme al riguardo, si invita pertanto l\u2019utente a controllare periodicamente la presente pagina per essere sempre aggiornati sulle ultime novit\u00e0 legislative. Le versioni precedenti della presente informativa potranno sempre\u00a0essere richieste al Titolare del trattamento.<\/p>\n\t\t\t<\/div>\n\t\n<div class=\"is-divider divider clearfix\" style=\"margin-top:0px;margin-bottom:0px;max-width:100%;height:1px;\"><\/div>\n\n\t<div id=\"text-3564187775\" class=\"text same_top-margin\">\n\t\t\n\n<p>Per le attivit\u00e0 di\u00a0<strong>DPO<\/strong> Confagricoltura Emilia Romagna, potete contattare la mail a voi dedicata: <a href=\"mailto:federazioneagricoltorier@segnalazionidpo.it\">federazioneagricoltorier@segnalazionidpo.it<\/a><\/p>\n\t\t\t<\/div>\n\t\n<div class=\"is-divider divider clearfix\" style=\"margin-top:0px;margin-bottom:0px;max-width:100%;height:1px;\"><\/div>\n\n\t<div id=\"text-3486144166\" class=\"text same_top-margin\">\n\t\t\n\n<p>Per le attivit\u00e0 di\u00a0<strong>DPO<\/strong> CAA Confagricoltura, potete contattare la mail a voi dedicata: <a href=\"mailto:caaconfagricolturaer@segnalazionidpo.it\">caaconfagricolturaer@segnalazionidpo.it<\/a><\/p>\n\t\t\t<\/div>\n\t\n<div class=\"is-divider divider clearfix\" style=\"margin-top:0px;margin-bottom:0px;max-width:100%;height:1px;\"><\/div>\n\n\t<div id=\"text-2522972524\" class=\"text block-text-gap30\">\n\t\t\n\n<h3>Titolare del trattamento<\/h3>\n<p><strong>CAA Confagricoltura Emilia Romagna srl<\/strong><br \/>Via del Monte 10<br \/>40126 Bologna<br \/>Tel. 051 233515<br \/>Fax 051 247679<br \/>P.IVA 02317021208<br \/>E-mail:\u00a0<a href=\"mailto:caa@caaconfagricoltura.com\">caa@caaconfagricoltura.com<br \/><\/a>PEC: caa@pec.confagricoltura.com<\/p>\n\t\t\t<\/div>\n\t\n\t<div id=\"gap-1249915824\" class=\"gap-element clearfix\" style=\"display:block; height:auto;\">\n\t\t\n<style>\n#gap-1249915824 {\n  padding-top: 38px;\n}\n<\/style>\n\t<\/div>\n\t\n\n<div class=\"social-icons share-icons share-row relative full-width text-right icon-style-outline\" style=\"font-size:101%\"><a href=\"whatsapp:\/\/send?text=Privacy%20Policy - https:\/\/www.confagricoltura.org\/ferrara\/privacy-policy\/\" data-action=\"share\/whatsapp\/share\" class=\"icon button circle is-outline tooltip whatsapp show-for-medium\" title=\"Condividi su WhatsApp\" aria-label=\"Condividi su WhatsApp\" ><i class=\"icon-whatsapp\" ><\/i><\/a><a href=\"https:\/\/www.facebook.com\/sharer.php?u=https:\/\/www.confagricoltura.org\/ferrara\/privacy-policy\/\" data-label=\"Facebook\" onclick=\"window.open(this.href,this.title,'width=500,height=500,top=300px,left=300px'); return false;\" target=\"_blank\" class=\"icon button circle is-outline tooltip facebook\" title=\"Condividi su Facebook\" aria-label=\"Condividi su Facebook\" rel=\"noopener nofollow\" ><i class=\"icon-facebook\" ><\/i><\/a><a href=\"https:\/\/twitter.com\/share?url=https:\/\/www.confagricoltura.org\/ferrara\/privacy-policy\/\" onclick=\"window.open(this.href,this.title,'width=500,height=500,top=300px,left=300px'); return false;\" target=\"_blank\" class=\"icon button circle is-outline tooltip twitter\" title=\"Condividi su Twitter\" aria-label=\"Condividi su Twitter\" rel=\"noopener nofollow\" ><i class=\"icon-twitter\" ><\/i><\/a><a href=\"mailto:?subject=Privacy%20Policy&body=Dai%20un%26%23039%3Bocchiata%3A%20https%3A%2F%2Fwww.confagricoltura.org%2Fferrara%2Fprivacy-policy%2F\" class=\"icon button circle is-outline tooltip email\" title=\"Invia per email ad un Amico\" aria-label=\"Invia per email ad un Amico\" rel=\"nofollow\" ><i class=\"icon-envelop\" ><\/i><\/a><a href=\"https:\/\/www.linkedin.com\/shareArticle?mini=true&url=https:\/\/www.confagricoltura.org\/ferrara\/privacy-policy\/&title=Privacy%20Policy\" onclick=\"window.open(this.href,this.title,'width=500,height=500,top=300px,left=300px'); return false;\" target=\"_blank\" class=\"icon button circle is-outline tooltip linkedin\" title=\"Condividi su LinkedIn\" aria-label=\"Condividi su LinkedIn\" rel=\"noopener nofollow\" ><i class=\"icon-linkedin\" ><\/i><\/a><\/div>\n\n\n\t\t<\/div>\n\t\t\t\t\t<\/div>\n\n\t\n\n<\/div>\n<div class=\"row row-collapse\"  id=\"row-1570913277\">\n\n\n\t<div id=\"col-225990398\" class=\"col small-12 large-12\"  >\n\t\t\t\t<div class=\"col-inner\"  >\n\t\t\t\n\t\t\t\n\n<hr>\n<p style=\"text-align: center;\"><span data-text-color=\"primary\">Ultima modifica: 14 Febbraio 2021<\/span><\/p>\n\n\t\t<\/div>\n\t\t\t\t\t<\/div>\n\n\t\n\n<\/div>\n<\/p>\n<p>\n\n\n<p><\/p>\n<p><!-- \/wp:flatsome\/uxbuilder --><\/p>","protected":false},"excerpt":{"rendered":"","protected":false},"author":1,"featured_media":0,"parent":0,"menu_order":0,"comment_status":"closed","ping_status":"open","template":"","meta":{"wp_mapbox_gl_js_media":[],"footnotes":""},"class_list":["post-3","page","type-page","status-publish","hentry"],"yoast_head":"<!-- This site is optimized with the Yoast SEO plugin v26.8 - https:\/\/yoast.com\/product\/yoast-seo-wordpress\/ -->\n<title>Privacy Policy - Confagricoltura Ferrara<\/title>\n<meta name=\"robots\" content=\"index, follow, max-snippet:-1, max-image-preview:large, max-video-preview:-1\" \/>\n<link rel=\"canonical\" href=\"https:\/\/www.confagricoltura.org\/ferrara\/privacy-policy\/\" \/>\n<meta property=\"og:locale\" content=\"it_IT\" \/>\n<meta property=\"og:type\" content=\"article\" \/>\n<meta property=\"og:title\" content=\"Privacy Policy - Confagricoltura Ferrara\" \/>\n<meta property=\"og:url\" content=\"https:\/\/www.confagricoltura.org\/ferrara\/privacy-policy\/\" \/>\n<meta property=\"og:site_name\" content=\"Confagricoltura Ferrara\" \/>\n<meta property=\"article:modified_time\" content=\"2021-02-14T22:32:04+00:00\" \/>\n<meta name=\"twitter:card\" content=\"summary_large_image\" \/>\n<meta name=\"twitter:label1\" content=\"Tempo di lettura stimato\" \/>\n\t<meta name=\"twitter:data1\" content=\"6 minuti\" \/>\n<script type=\"application\/ld+json\" class=\"yoast-schema-graph\">{\"@context\":\"https:\/\/schema.org\",\"@graph\":[{\"@type\":\"WebPage\",\"@id\":\"https:\/\/www.confagricoltura.org\/ferrara\/privacy-policy\/\",\"url\":\"https:\/\/www.confagricoltura.org\/ferrara\/privacy-policy\/\",\"name\":\"Privacy Policy - Confagricoltura Ferrara\",\"isPartOf\":{\"@id\":\"https:\/\/www.confagricoltura.org\/ferrara\/#website\"},\"datePublished\":\"2020-09-21T14:30:57+00:00\",\"dateModified\":\"2021-02-14T22:32:04+00:00\",\"breadcrumb\":{\"@id\":\"https:\/\/www.confagricoltura.org\/ferrara\/privacy-policy\/#breadcrumb\"},\"inLanguage\":\"it-IT\",\"potentialAction\":[{\"@type\":\"ReadAction\",\"target\":[\"https:\/\/www.confagricoltura.org\/ferrara\/privacy-policy\/\"]}]},{\"@type\":\"BreadcrumbList\",\"@id\":\"https:\/\/www.confagricoltura.org\/ferrara\/privacy-policy\/#breadcrumb\",\"itemListElement\":[{\"@type\":\"ListItem\",\"position\":1,\"name\":\"Home\",\"item\":\"https:\/\/www.confagricoltura.org\/ferrara\/\"},{\"@type\":\"ListItem\",\"position\":2,\"name\":\"Privacy Policy\"}]},{\"@type\":\"WebSite\",\"@id\":\"https:\/\/www.confagricoltura.org\/ferrara\/#website\",\"url\":\"https:\/\/www.confagricoltura.org\/ferrara\/\",\"name\":\"Confagricoltura Ferrara\",\"description\":\"Dalla parte degli Agricoltori\",\"potentialAction\":[{\"@type\":\"SearchAction\",\"target\":{\"@type\":\"EntryPoint\",\"urlTemplate\":\"https:\/\/www.confagricoltura.org\/ferrara\/?s={search_term_string}\"},\"query-input\":{\"@type\":\"PropertyValueSpecification\",\"valueRequired\":true,\"valueName\":\"search_term_string\"}}],\"inLanguage\":\"it-IT\"}]}<\/script>\n<!-- \/ Yoast SEO plugin. -->","yoast_head_json":{"title":"Privacy Policy - Confagricoltura Ferrara","robots":{"index":"index","follow":"follow","max-snippet":"max-snippet:-1","max-image-preview":"max-image-preview:large","max-video-preview":"max-video-preview:-1"},"canonical":"https:\/\/www.confagricoltura.org\/ferrara\/privacy-policy\/","og_locale":"it_IT","og_type":"article","og_title":"Privacy Policy - Confagricoltura Ferrara","og_url":"https:\/\/www.confagricoltura.org\/ferrara\/privacy-policy\/","og_site_name":"Confagricoltura Ferrara","article_modified_time":"2021-02-14T22:32:04+00:00","twitter_card":"summary_large_image","twitter_misc":{"Tempo di lettura stimato":"6 minuti"},"schema":{"@context":"https:\/\/schema.org","@graph":[{"@type":"WebPage","@id":"https:\/\/www.confagricoltura.org\/ferrara\/privacy-policy\/","url":"https:\/\/www.confagricoltura.org\/ferrara\/privacy-policy\/","name":"Privacy Policy - Confagricoltura Ferrara","isPartOf":{"@id":"https:\/\/www.confagricoltura.org\/ferrara\/#website"},"datePublished":"2020-09-21T14:30:57+00:00","dateModified":"2021-02-14T22:32:04+00:00","breadcrumb":{"@id":"https:\/\/www.confagricoltura.org\/ferrara\/privacy-policy\/#breadcrumb"},"inLanguage":"it-IT","potentialAction":[{"@type":"ReadAction","target":["https:\/\/www.confagricoltura.org\/ferrara\/privacy-policy\/"]}]},{"@type":"BreadcrumbList","@id":"https:\/\/www.confagricoltura.org\/ferrara\/privacy-policy\/#breadcrumb","itemListElement":[{"@type":"ListItem","position":1,"name":"Home","item":"https:\/\/www.confagricoltura.org\/ferrara\/"},{"@type":"ListItem","position":2,"name":"Privacy Policy"}]},{"@type":"WebSite","@id":"https:\/\/www.confagricoltura.org\/ferrara\/#website","url":"https:\/\/www.confagricoltura.org\/ferrara\/","name":"Confagricoltura Ferrara","description":"Dalla parte degli Agricoltori","potentialAction":[{"@type":"SearchAction","target":{"@type":"EntryPoint","urlTemplate":"https:\/\/www.confagricoltura.org\/ferrara\/?s={search_term_string}"},"query-input":{"@type":"PropertyValueSpecification","valueRequired":true,"valueName":"search_term_string"}}],"inLanguage":"it-IT"}]}},"_links":{"self":[{"href":"https:\/\/www.confagricoltura.org\/ferrara\/wp-json\/wp\/v2\/pages\/3","targetHints":{"allow":["GET"]}}],"collection":[{"href":"https:\/\/www.confagricoltura.org\/ferrara\/wp-json\/wp\/v2\/pages"}],"about":[{"href":"https:\/\/www.confagricoltura.org\/ferrara\/wp-json\/wp\/v2\/types\/page"}],"author":[{"embeddable":true,"href":"https:\/\/www.confagricoltura.org\/ferrara\/wp-json\/wp\/v2\/users\/1"}],"replies":[{"embeddable":true,"href":"https:\/\/www.confagricoltura.org\/ferrara\/wp-json\/wp\/v2\/comments?post=3"}],"version-history":[{"count":3,"href":"https:\/\/www.confagricoltura.org\/ferrara\/wp-json\/wp\/v2\/pages\/3\/revisions"}],"predecessor-version":[{"id":999,"href":"https:\/\/www.confagricoltura.org\/ferrara\/wp-json\/wp\/v2\/pages\/3\/revisions\/999"}],"wp:attachment":[{"href":"https:\/\/www.confagricoltura.org\/ferrara\/wp-json\/wp\/v2\/media?parent=3"}],"curies":[{"name":"wp","href":"https:\/\/api.w.org\/{rel}","templated":true}]}}