{"id":253,"date":"2020-11-30T00:21:01","date_gmt":"2020-11-29T23:21:01","guid":{"rendered":"https:\/\/www.confagricoltura.org\/bologna\/?page_id=253"},"modified":"2021-03-12T15:29:53","modified_gmt":"2021-03-12T14:29:53","slug":"cookie-policy","status":"publish","type":"page","link":"https:\/\/www.confagricoltura.org\/bologna\/cookie-policy\/","title":{"rendered":"Cookie Policy"},"content":{"rendered":"\n<div class=\"row\"  id=\"row-1479243988\">\n\n\n\t<div id=\"col-1140393856\" class=\"col medium-3 small-12 large-3\"  >\n\t\t\t\t<div class=\"col-inner\"  >\n\t\t\t\n\t\t\t\n\n\n\t\t<\/div>\n\t\t\t\t\t<\/div>\n\n\t\n\n\t<div id=\"col-1420509811\" class=\"col medium-9 small-12 large-9\"  >\n\t\t\t\t<div class=\"col-inner\"  >\n\t\t\t\n\t\t\t\n\n<div class=\"is-divider divider clearfix\" style=\"margin-top:0px;margin-bottom:0px;max-width:100%;height:1px;\"><\/div>\n\n\n\t\t<\/div>\n\t\t\t\t\t<\/div>\n\n\t\n\n<\/div>\n<div class=\"row generic-page\"  id=\"row-1369557309\">\n\n\n\t<div id=\"col-475917217\" class=\"col medium-3 small-12 large-3\"  >\n\t\t\t\t<div class=\"col-inner\"  >\n\t\t\t\n\t\t\t\n\n<ul class=\"sidebar-wrapper ul-reset\"><div class=\"textwidget custom-html-widget\"><div class=\"sidebar first-el sidebar-transp\">\r\n<hr>\r\n<p><a href=\"https:\/\/www.confagricoltura.org\/bologna\/chi-siamo\/\" target=\"_self\">Confagricoltura Bologna<\/a><\/p>\r\n<hr>\r\n<p><a href=\"https:\/\/www.confagricoltura.org\/bologna\/dirigenti\/\" target=\"_self\">Dirigenza<\/a><\/p>\r\n<hr>\r\n<p><a href=\"https:\/\/www.confagricoltura.org\/bologna\/servizi\/\" target=\"_self\">Servizi<\/a><\/p>\r\n<hr>\r\n<p><a href=\"https:\/\/www.confagricoltura.org\/bologna\/attivita-sindacali\/\" target=\"_self\">Attivit\u00e0 sindacali<\/a><\/p>\r\n<hr>\r\n<p><a href=\"https:\/\/www.confagricoltura.org\/bologna\/organigramma\/\" target=\"_self\">Organigramma<\/a><\/p>\r\n<hr>\r\n<p><a href=\"https:\/\/www.confagricoltura.org\/bologna\/enti-collegati\/\" target=\"_self\">Enti collegati<\/a><\/p>\r\n<hr>\r\n<p><a href=\"https:\/\/www.confagricoltura.org\/bologna\/contatti\/\" target=\"_self\">Contatti<\/a><\/p>\r\n<hr>\r\n\t<p><a href=\"https:\/\/www.confagricoltura.org\/bologna\/link-di-interesse\/\" target=\"_self\">Link di interesse<\/a><\/p>\r\n<hr>\r\n<p><a href=\"https:\/\/www.confagricoltura.org\/bologna\/whistleblowing\/\" target=\"_self\">Whistleblowing<\/a><\/p>\r\n<hr>\r\n<\/div><\/div><div class=\"textwidget custom-html-widget\"><div class=\"sidebar sidebar-blu sidebar-nomenu\">\r\n<h5>Link<\/h5>\r\n<hr>\r\n<a href=\"https:\/\/www.confagricoltura.org\/bologna\/enti-associati\/caa-confagricoltura\/\" target=\"_self\"><p>CAA Confagricoltura Emilia Romagna<\/p><\/a>\r\n<hr>\r\n<a href=\"https:\/\/www.confagricoltura.org\/bologna\/enti-associati\/agriturist\/\" target=\"_self\"><p>Agriturist Bologna<\/p><\/a>\r\n<hr>\r\n<a href=\"https:\/\/www.confagricoltura.org\/bologna\/enti-associati\/anga\/\" target=\"_self\"><p>Anga Giovani Agricoltori<\/p><\/a>\r\n<hr>\r\n<a href=\"https:\/\/www.confagricoltura.org\/bologna\/enti-associati\/enapa\/\" target=\"_self\"><p>Patronato Enapa<\/p><\/a>\r\n<hr>\r\n<a href=\"https:\/\/www.confagricoltura.org\/bologna\/enti-associati\/confagricoltura-donna\/\" target=\"_self\"><p>Confagricoltura Donna<\/p><\/a>\r\n<\/div><\/div><div class=\"textwidget custom-html-widget\"><div class=\"sidebar sidebar-blu sidebar-nomenu\">\r\n<h5>Link di interesse<\/h5>\r\n<hr>\r\n<a href=\"http:\/\/www.terredibologna.it\/\" target=\"_blank\"><p>Terre di Bologna<\/p><\/a>\r\n<hr>\r\n<a href=\"http:\/\/www.agrifidi.it\/\" target=\"_blank\"><p>Agrifidi<\/p><\/a>\r\n<hr>\r\n<a href=\"http:\/\/www.bo.camcom.it\/\" target=\"_blank\"><p>Camera di Commercio di Bologna<\/p><\/a>\r\n<hr>\r\n<a href=\"http:\/\/www.enterisi.it\/\" target=\"_blank\"><p>Ente Nazionale Risi<\/p><\/a>\r\n<hr>\r\n<a href=\"http:\/\/www.anb.it\/\" target=\"_blank\"><p>ANB Associazione Nazionale Bieticoltori<\/p><\/a>\r\n<hr>\r\n<a href=\"http:\/\/www.coprob.com\/\" target=\"_blank\"><p>COPROB Zuccherificio cooperativo<\/p><\/a>\r\n<\/div><\/div><\/ul>\n\n\n\t\t<\/div>\n\t\t\t\t\t<\/div>\n\n\t\n\n\t<div id=\"col-1176490260\" class=\"col medium-9 small-12 large-9\"  >\n\t\t\t\t<div class=\"col-inner\"  >\n\t\t\t\n\t\t\t\n\n<ul class=\"sidebar-wrapper ul-reset\"><div class=\"breadcrumbs\" itemscope itemtype=\"https:\/\/schema.org\/BreadcrumbList\"><span property=\"itemListElement\" typeof=\"ListItem\"><a property=\"item\" typeof=\"WebPage\" title=\"Vai a Confagricoltura Bologna.\" href=\"https:\/\/www.confagricoltura.org\/bologna\" class=\"home\" aria-current=\"page\"><span property=\"name\">Confagricoltura Bologna<\/span><\/a><meta property=\"position\" content=\"1\"><\/span><\/div><\/ul>\n\n<h1>Cookie Policy<\/h1>\n\t<div id=\"gap-117799073\" class=\"gap-element clearfix\" style=\"display:block; height:auto;\">\n\t\t\n<style>\n#gap-117799073 {\n  padding-top: 21px;\n}\n<\/style>\n\t<\/div>\n\t\n\n<h2>INFORMATIVA SUI COOKIES &#8211; di prima o di terza parte<\/h2>\n\t<div id=\"gap-109042669\" class=\"gap-element clearfix\" style=\"display:block; height:auto;\">\n\t\t\n<style>\n#gap-109042669 {\n  padding-top: 44px;\n}\n<\/style>\n\t<\/div>\n\t\n\n<h3>Cosa sono i Cookies?<\/h3>\n<p>I cookie sono piccoli file di testo inviati dal sito al terminale dell\u2019interessato (solitamente al browser), dove vengono memorizzati per essere poi ritrasmessi al sito alla successiva visita del medesimo utente. Un cookie non pu\u00f2 richiamare nessun altro dato dal disco fisso dell\u2019utente n\u00e9 trasmettere virus informatici o acquisire indirizzi email. Ogni cookie \u00e8 unico per il web browser dell\u2019utente. Alcune delle funzioni dei cookie possono essere demandate ad altre tecnologie. Nel presente documento con il termine \u2018cookie\u2019 si vuol far riferimento sia ai cookie, propriamente detti, sia a tutte le tecnologie similari.<\/p>\n<p>Mediante i cookie \u00e8 possibile registrare informazioni relative alle sue preferenze, come le pagine navigate o il download di file dal ns. sito o altre azioni similari effettuate navigando il nostro sito.<\/p>\n\t<div id=\"text-938036572\" class=\"text block-text-gap30\">\n\t\t\n\n<h3>Cookies di prima o di terza parte<\/h3>\n<p>\u00a0I cookie possono essere di prima o di terza parte, dove per \u201cprima parte\u201d si intendono i cookie sviluppati dal Titolare del sito stesso, mentre per \u201cterza parte\u201d si intendono i cookie sviluppati da Terzi rispetto il Titolare del sito.<\/p>\n\t\t\t<\/div>\n\t\n\t<div id=\"text-2895830201\" class=\"text block-text-gap30\">\n\t\t\n\n<h3>Natura dei Cookies<\/h3>\n<p>Relativamente alla natura dei cookie, ne esistono di diversi tipi:<\/p>\n<h4>Cookie tecnici\u00a0<\/h4>\n<p>I cookie tecnici sono quelli utilizzati al solo fine di \u201ceffettuare la trasmissione di una comunicazione su una rete di comunicazione elettronica, o nella misura strettamente necessaria al fornitore di un servizio della societ\u00e0 dell\u2019informazione esplicitamente richiesto dall\u2019abbonato o dall\u2019utente a erogare tale servizio\u201d (cfr. art. 122, comma 1, del Codice).<\/p>\n<p>Essi non vengono utilizzati per scopi ulteriori e sono normalmente installati direttamente dal titolare o gestore del sito web. Possono essere suddivisi in:<\/p>\n<ul>\n<li>cookie di navigazione o di sessione, che garantiscono la normale navigazione e fruizione del sito web (permettendo, ad esempio, di realizzare un acquisto o autenticarsi per accedere ad aree riservate); essi sono di fatto necessari per il corretto funzionamento del sito;<\/li>\n<li>cookie analytics, assimilati ai cookie tecnici laddove utilizzati direttamente dal gestore del sito per raccogliere informazioni, in forma aggregata, sul numero degli utenti e su come questi visitano il sito stesso, al fine di migliorare le performance del sito;<\/li>\n<li>cookie di funzionalit\u00e0, che permettono all\u2019utente la navigazione in funzione di una serie di criteri selezionati (ad esempio, la lingua, i prodotti selezionati per l\u2019acquisto) al fine di migliorare il servizio reso allo stesso. Per l\u2019installazione di tali cookie non \u00e8 richiesto il preventivo consenso degli utenti (pi\u00f9 informazioni nel paragrafo Gestione dei cookie in basso).<\/li>\n<\/ul>\n<h4>Cookie di profilazione\u00a0<\/h4>\n<p>I cookie di profilazione sono volti a creare profili relativi all\u2019utente e vengono utilizzati al fine di inviare messaggi pubblicitari in linea con le preferenze manifestate dallo stesso nell\u2019ambito della navigazione in rete.<\/p>\n<p>Per l\u2019utilizzo dei cookie di profilazione \u00e8 richiesto il consenso dell\u2019interessato. Secondo il provvedimento n. 229 dell\u20198 maggio 2014 l\u2019utente deve poter autorizzare o negare il consenso all\u2019installazione dei cookie di profilazione qualora essi siano presenti.<\/p>\n<p>In caso di cookie di terze parti, il sito non ha un controllo diretto dei singoli cookie e non pu\u00f2 controllarli (non pu\u00f2 n\u00e9 installarli direttamente n\u00e9 cancellarli). Puoi comunque gestire questi cookie attraverso le impostazioni del browser (segui le istruzioni riportate pi\u00f9 avanti), o i siti indicati nella sezione \u201cGestione dei cookie\u201d.<\/p>\n<p>L\u2019Utente \u00e8 pertanto invitato a verificare sul sito della terza parte indicato di seguito.<\/p>\n<ol>\n<li>lang\n<ul>\n<li>ricorda la versione linguistica di un sito web selezionata dall\u2019utente<\/li>\n<li>preferenze<\/li>\n<li>twitter: cdn.syndication.twimg.com<\/li>\n<\/ul>\n<\/li>\n<li>_ga\n<ul>\n<li>registra un id univoco utilizzato per generare dati statistici su come il visitatore utilizza il sito<\/li>\n<li>internet<\/li>\n<li>statistiche<\/li>\n<li>google: http:\/\/www.google-analytics.com\/analytics.js<\/li>\n<\/ul>\n<\/li>\n<li>_gat\n<ul>\n<li>utilizzato da Google Analytics per limitare la frequenza delle richieste<\/li>\n<li>statistiche<\/li>\n<li>google: http:\/\/www.google-analytics.com\/analytics.js<\/li>\n<\/ul>\n<\/li>\n<li>_gid\n<ul>\n<li>Registra un ID univoco utilizzato per generare dati statistici su come il visitatore utilizza il sito<\/li>\n<li>internet<\/li>\n<li>statistiche<\/li>\n<li>google: http:\/\/www.google-analytics.com\/analytics.js<\/li>\n<\/ul>\n<\/li>\n<li>collect\n<ul>\n<li>Utilizzato per inviare dati a Google Analytics in merito al dispositivo e al comportamento dell\u2019utente. Tiene traccia dell\u2019utente su dispositivi e canali di marketing.<\/li>\n<li>statistiche<\/li>\n<li>google: http:\/\/www.google-analytics.com\/analytics.js<\/li>\n<\/ul>\n<\/li>\n<li>_widgetsettings\n<ul>\n<li>creazione del widget di twitter nel footer<\/li>\n<li>profilazione\/marketing<\/li>\n<li>twitter: http:\/\/platform.twitter.com\/widgets.js<\/li>\n<\/ul>\n<\/li>\n<li>i\/jot\/syndication\n<ul>\n<li>recupera e salva la lingua di navigazione utente ( come lang ma associato al widget)<\/li>\n<li>profilazione\/marketing<\/li>\n<li>twitter: http:\/\/platform.twitter.com\/widgets.js<\/li>\n<\/ul>\n<\/li>\n<li>local_storage_support_test\n<ul>\n<li>Il cookie viene utilizzato contestualmente alla funzione di archiviazione locale nel browser. Questa funzione consente al sito di caricarsi piu\u0300 velocemente pre-caricando determinate procedure.<\/li>\n<li>profilazione\/marketing<\/li>\n<li>twitter: http:\/\/platform.twitter.com\/widgets.js<\/li>\n<\/ul>\n<\/li>\n<li>country\n<ul>\n<li>salvataggio country utente<\/li>\n<li>funzionale<\/li>\n<li>iubenda: www.iubenda.com<\/li>\n<\/ul>\n<\/li>\n<li>locale\n<ul>\n<li>salvataggio lingua utente<\/li>\n<li>funzionale<\/li>\n<li>iubenda: www.iubenda.com<\/li>\n<\/ul>\n<\/li>\n<li>__veroc4\n<ul>\n<li>dato funzionale di iubenda<\/li>\n<li>sessione<\/li>\n<li>iubenda: www.iubenda.com<\/li>\n<\/ul>\n<\/li>\n<li>_iub_cs-7792531\n<ul>\n<li>dato funzionale di iubenda che certifica la licenza privacy<\/li>\n<li>sessione<\/li>\n<li>iubenda: www.iubenda.com<\/li>\n<\/ul>\n<\/li>\n<\/ol>\n\t\t\t<\/div>\n\t\n\t<div id=\"text-681753067\" class=\"text block-text-gap30\">\n\t\t\n\n<h3>Durata dei Cookies<\/h3>\n<p>I cookie hanno una durata dettata dalla data di scadenza (o da un\u2019azione specifica come la chiusura del browser) impostata al momento dell\u2019installazione. I cookie possono essere:<\/p>\n<ul>\n<li>consentono di collegare le azioni eseguite durante una sessione specifica e vengono rimossi dal computer alla chiusura del browser;<\/li>\n<li>permanenti (persistent cookie): sono utilizzati per archiviare informazioni, ad esempio il nome e la password di accesso, in modo da evitare che l\u2019utente debba digitarli nuovamente ogni volta che visita un sito specifico. Questi rimangono memorizzati nel computer anche dopo aver chiuso il browser.<\/li>\n<\/ul>\n<p>I c.d. cookies di sessione, una volta terminata la connessione al presente sito web, non vengono conservati. I sistemi informatici utilizzati per il presente sito utilizzano cookie permanenti.<\/p>\n\t\t\t<\/div>\n\t\n\t<div id=\"text-1826764713\" class=\"text block-text-gap30\">\n\t\t\n\n<h3>Gestione dei Cookies<\/h3>\n<p>Puoi disattivare i cookies presenti sui siti web scaricando appositi software quali Ghostery (https:\/\/www.ghostery.com)\u00a0 per il tuo browser e disabilitando l\u2019utilizzo dei singoli cookies. Oppure puoi attivare la modalit\u00e0 di \u201cnavigazione anonima\u201d \u2013 si tratta di una funzione che consente di navigare senza lasciare traccia nel browser dei dati di navigazione. Tale funzione consente unicamente di non mantenere i dati di navigazione nel browser.<\/p>\n<p>In alternativa, puoi disabilitare\/cancellare i cookie mediante l\u2019accesso al pannello di configurazione del tuo browser.<\/p>\n\t\t\t<\/div>\n\t\n\t<div id=\"text-2421601292\" class=\"text block-text-gap30\">\n\t\t\n\n<h3>Accettazione e rinuncia dei Cookies<\/h3>\n<p>Proseguendo nella navigazione su questo sito, chiudendo la fascetta informativa o facendo click in una qualsiasi parte della pagina o scorrendola per evidenziare ulteriore contenuto, si accetta la Cookie Policy e verranno impostati e raccolti i cookie. In caso di mancata accettazione dei cookie mediante abbandono della navigazione, eventuali cookie gi\u00e0 registrati localmente nel Suo browser rimarranno ivi registrati ma non saranno pi\u00f9 letti n\u00e9 utilizzati da noi fino ad una successiva ed eventuale accettazione della Policy. Lei avr\u00e0 sempre la possibilit\u00e0 di rimuovere tali cookie in qualsiasi momento attraverso le modalit\u00e0 citate.<\/p>\n\t\t\t<\/div>\n\t\n\t<div id=\"gap-1377787034\" class=\"gap-element clearfix\" style=\"display:block; height:auto;\">\n\t\t\n<style>\n#gap-1377787034 {\n  padding-top: 38px;\n}\n<\/style>\n\t<\/div>\n\t\n\n<div class=\"social-icons share-icons share-row relative full-width text-right icon-style-outline\" style=\"font-size:101%\"><a href=\"whatsapp:\/\/send?text=Cookie%20Policy - https:\/\/www.confagricoltura.org\/bologna\/cookie-policy\/\" data-action=\"share\/whatsapp\/share\" class=\"icon button circle is-outline tooltip whatsapp show-for-medium\" title=\"Condividi su WhatsApp\" aria-label=\"Condividi su WhatsApp\" ><i class=\"icon-whatsapp\" ><\/i><\/a><a href=\"https:\/\/www.facebook.com\/sharer.php?u=https:\/\/www.confagricoltura.org\/bologna\/cookie-policy\/\" data-label=\"Facebook\" onclick=\"window.open(this.href,this.title,'width=500,height=500,top=300px,left=300px'); return false;\" target=\"_blank\" class=\"icon button circle is-outline tooltip facebook\" title=\"Condividi su Facebook\" aria-label=\"Condividi su Facebook\" rel=\"noopener nofollow\" ><i class=\"icon-facebook\" ><\/i><\/a><a href=\"https:\/\/twitter.com\/share?url=https:\/\/www.confagricoltura.org\/bologna\/cookie-policy\/\" onclick=\"window.open(this.href,this.title,'width=500,height=500,top=300px,left=300px'); return false;\" target=\"_blank\" class=\"icon button circle is-outline tooltip twitter\" title=\"Condividi su Twitter\" aria-label=\"Condividi su Twitter\" rel=\"noopener nofollow\" ><i class=\"icon-twitter\" ><\/i><\/a><a href=\"mailto:?subject=Cookie%20Policy&body=Dai%20un%26%23039%3Bocchiata%3A%20https%3A%2F%2Fwww.confagricoltura.org%2Fbologna%2Fcookie-policy%2F\" class=\"icon button circle is-outline tooltip email\" title=\"Invia per email ad un Amico\" aria-label=\"Invia per email ad un Amico\" rel=\"nofollow\" ><i class=\"icon-envelop\" ><\/i><\/a><a href=\"https:\/\/www.linkedin.com\/shareArticle?mini=true&url=https:\/\/www.confagricoltura.org\/bologna\/cookie-policy\/&title=Cookie%20Policy\" onclick=\"window.open(this.href,this.title,'width=500,height=500,top=300px,left=300px'); return false;\" target=\"_blank\" class=\"icon button circle is-outline tooltip linkedin\" title=\"Condividi su LinkedIn\" aria-label=\"Condividi su LinkedIn\" rel=\"noopener nofollow\" ><i class=\"icon-linkedin\" ><\/i><\/a><\/div>\n\n\n\t\t<\/div>\n\t\t\t\t\t<\/div>\n\n\t\n\n<\/div>\n<div class=\"row row-collapse last-update-page\"  id=\"row-1576855295\">\n\n\n\t<div id=\"col-1153427021\" class=\"col small-12 large-12\"  >\n\t\t\t\t<div class=\"col-inner\"  >\n\t\t\t\n\t\t\t\n\n<hr>\n<p style=\"text-align: center\"><span data-text-color=\"primary\">Ultima modifica: 12 Marzo 2021<\/span><\/p>\n\n\t\t<\/div>\n\t\t\t\t\t<\/div>\n\n\t\n\n<\/div>\n\n","protected":false},"excerpt":{"rendered":"","protected":false},"author":1,"featured_media":0,"parent":0,"menu_order":0,"comment_status":"closed","ping_status":"closed","template":"","meta":{"wp_mapbox_gl_js_media":[],"footnotes":""},"class_list":["post-253","page","type-page","status-publish","hentry"],"yoast_head":"<!-- This site is optimized with the Yoast SEO plugin v26.8 - https:\/\/yoast.com\/product\/yoast-seo-wordpress\/ -->\n<title>Cookie Policy - Confagricoltura Bologna<\/title>\n<meta name=\"robots\" content=\"index, follow, max-snippet:-1, max-image-preview:large, max-video-preview:-1\" \/>\n<link rel=\"canonical\" href=\"https:\/\/www.confagricoltura.org\/bologna\/cookie-policy\/\" \/>\n<meta property=\"og:locale\" content=\"it_IT\" \/>\n<meta property=\"og:type\" content=\"article\" \/>\n<meta property=\"og:title\" content=\"Cookie Policy - Confagricoltura Bologna\" \/>\n<meta property=\"og:url\" content=\"https:\/\/www.confagricoltura.org\/bologna\/cookie-policy\/\" \/>\n<meta property=\"og:site_name\" content=\"Confagricoltura Bologna\" \/>\n<meta property=\"article:modified_time\" content=\"2021-03-12T14:29:53+00:00\" \/>\n<meta name=\"twitter:card\" content=\"summary_large_image\" \/>\n<meta name=\"twitter:label1\" content=\"Tempo di lettura stimato\" \/>\n\t<meta name=\"twitter:data1\" content=\"5 minuti\" \/>\n<script type=\"application\/ld+json\" class=\"yoast-schema-graph\">{\"@context\":\"https:\/\/schema.org\",\"@graph\":[{\"@type\":\"WebPage\",\"@id\":\"https:\/\/www.confagricoltura.org\/bologna\/cookie-policy\/\",\"url\":\"https:\/\/www.confagricoltura.org\/bologna\/cookie-policy\/\",\"name\":\"Cookie Policy - Confagricoltura Bologna\",\"isPartOf\":{\"@id\":\"https:\/\/www.confagricoltura.org\/bologna\/#website\"},\"datePublished\":\"2020-11-29T23:21:01+00:00\",\"dateModified\":\"2021-03-12T14:29:53+00:00\",\"breadcrumb\":{\"@id\":\"https:\/\/www.confagricoltura.org\/bologna\/cookie-policy\/#breadcrumb\"},\"inLanguage\":\"it-IT\",\"potentialAction\":[{\"@type\":\"ReadAction\",\"target\":[\"https:\/\/www.confagricoltura.org\/bologna\/cookie-policy\/\"]}]},{\"@type\":\"BreadcrumbList\",\"@id\":\"https:\/\/www.confagricoltura.org\/bologna\/cookie-policy\/#breadcrumb\",\"itemListElement\":[{\"@type\":\"ListItem\",\"position\":1,\"name\":\"Home\",\"item\":\"https:\/\/www.confagricoltura.org\/bologna\/\"},{\"@type\":\"ListItem\",\"position\":2,\"name\":\"Cookie Policy\"}]},{\"@type\":\"WebSite\",\"@id\":\"https:\/\/www.confagricoltura.org\/bologna\/#website\",\"url\":\"https:\/\/www.confagricoltura.org\/bologna\/\",\"name\":\"Confagricoltura Bologna\",\"description\":\"Dalla parte degli Agricoltori\",\"potentialAction\":[{\"@type\":\"SearchAction\",\"target\":{\"@type\":\"EntryPoint\",\"urlTemplate\":\"https:\/\/www.confagricoltura.org\/bologna\/?s={search_term_string}\"},\"query-input\":{\"@type\":\"PropertyValueSpecification\",\"valueRequired\":true,\"valueName\":\"search_term_string\"}}],\"inLanguage\":\"it-IT\"}]}<\/script>\n<!-- \/ Yoast SEO plugin. -->","yoast_head_json":{"title":"Cookie Policy - Confagricoltura Bologna","robots":{"index":"index","follow":"follow","max-snippet":"max-snippet:-1","max-image-preview":"max-image-preview:large","max-video-preview":"max-video-preview:-1"},"canonical":"https:\/\/www.confagricoltura.org\/bologna\/cookie-policy\/","og_locale":"it_IT","og_type":"article","og_title":"Cookie Policy - Confagricoltura Bologna","og_url":"https:\/\/www.confagricoltura.org\/bologna\/cookie-policy\/","og_site_name":"Confagricoltura Bologna","article_modified_time":"2021-03-12T14:29:53+00:00","twitter_card":"summary_large_image","twitter_misc":{"Tempo di lettura stimato":"5 minuti"},"schema":{"@context":"https:\/\/schema.org","@graph":[{"@type":"WebPage","@id":"https:\/\/www.confagricoltura.org\/bologna\/cookie-policy\/","url":"https:\/\/www.confagricoltura.org\/bologna\/cookie-policy\/","name":"Cookie Policy - Confagricoltura Bologna","isPartOf":{"@id":"https:\/\/www.confagricoltura.org\/bologna\/#website"},"datePublished":"2020-11-29T23:21:01+00:00","dateModified":"2021-03-12T14:29:53+00:00","breadcrumb":{"@id":"https:\/\/www.confagricoltura.org\/bologna\/cookie-policy\/#breadcrumb"},"inLanguage":"it-IT","potentialAction":[{"@type":"ReadAction","target":["https:\/\/www.confagricoltura.org\/bologna\/cookie-policy\/"]}]},{"@type":"BreadcrumbList","@id":"https:\/\/www.confagricoltura.org\/bologna\/cookie-policy\/#breadcrumb","itemListElement":[{"@type":"ListItem","position":1,"name":"Home","item":"https:\/\/www.confagricoltura.org\/bologna\/"},{"@type":"ListItem","position":2,"name":"Cookie Policy"}]},{"@type":"WebSite","@id":"https:\/\/www.confagricoltura.org\/bologna\/#website","url":"https:\/\/www.confagricoltura.org\/bologna\/","name":"Confagricoltura Bologna","description":"Dalla parte degli Agricoltori","potentialAction":[{"@type":"SearchAction","target":{"@type":"EntryPoint","urlTemplate":"https:\/\/www.confagricoltura.org\/bologna\/?s={search_term_string}"},"query-input":{"@type":"PropertyValueSpecification","valueRequired":true,"valueName":"search_term_string"}}],"inLanguage":"it-IT"}]}},"_links":{"self":[{"href":"https:\/\/www.confagricoltura.org\/bologna\/wp-json\/wp\/v2\/pages\/253","targetHints":{"allow":["GET"]}}],"collection":[{"href":"https:\/\/www.confagricoltura.org\/bologna\/wp-json\/wp\/v2\/pages"}],"about":[{"href":"https:\/\/www.confagricoltura.org\/bologna\/wp-json\/wp\/v2\/types\/page"}],"author":[{"embeddable":true,"href":"https:\/\/www.confagricoltura.org\/bologna\/wp-json\/wp\/v2\/users\/1"}],"replies":[{"embeddable":true,"href":"https:\/\/www.confagricoltura.org\/bologna\/wp-json\/wp\/v2\/comments?post=253"}],"version-history":[{"count":3,"href":"https:\/\/www.confagricoltura.org\/bologna\/wp-json\/wp\/v2\/pages\/253\/revisions"}],"predecessor-version":[{"id":5098,"href":"https:\/\/www.confagricoltura.org\/bologna\/wp-json\/wp\/v2\/pages\/253\/revisions\/5098"}],"wp:attachment":[{"href":"https:\/\/www.confagricoltura.org\/bologna\/wp-json\/wp\/v2\/media?parent=253"}],"curies":[{"name":"wp","href":"https:\/\/api.w.org\/{rel}","templated":true}]}}