{"id":1123,"date":"2021-03-03T13:00:02","date_gmt":"2021-03-03T12:00:02","guid":{"rendered":"https:\/\/www.confagricoltura.org\/bologna\/?page_id=1123"},"modified":"2021-03-15T16:43:21","modified_gmt":"2021-03-15T15:43:21","slug":"miglioramento-genetico-nbt","status":"publish","type":"page","link":"https:\/\/www.confagricoltura.org\/bologna\/politiche-sindacali\/miglioramento-genetico-nbt\/","title":{"rendered":"Miglioramento genetico NBT"},"content":{"rendered":"\n<div class=\"row\"  id=\"row-1060128356\">\n\n\n\t<div id=\"col-2068663190\" class=\"col medium-3 small-12 large-3\"  >\n\t\t\t\t<div class=\"col-inner\"  >\n\t\t\t\n\t\t\t\n\n\n\t\t<\/div>\n\t\t\t\t\t<\/div>\n\n\t\n\n\t<div id=\"col-1849868503\" class=\"col medium-9 small-12 large-9\"  >\n\t\t\t\t<div class=\"col-inner\"  >\n\t\t\t\n\t\t\t\n\n<div class=\"is-divider divider clearfix\" style=\"margin-top:0px;margin-bottom:0px;max-width:100%;height:1px;\"><\/div>\n\n\n\t\t<\/div>\n\t\t\t\t\t<\/div>\n\n\t\n\n<\/div>\n<div class=\"row generic-page\"  id=\"row-1928562180\">\n\n\n\t<div id=\"col-425292539\" class=\"col medium-3 small-12 large-3\"  >\n\t\t\t\t<div class=\"col-inner\"  >\n\t\t\t\n\t\t\t\n\n<ul class=\"sidebar-wrapper ul-reset\"><div class=\"textwidget custom-html-widget\"><div class=\"sidebar first-el sidebar-transp\">\r\n<hr>\r\n<p><a href=\"https:\/\/www.confagricoltura.org\/bologna\/chi-siamo\/\" target=\"_self\">Confagricoltura Bologna<\/a><\/p>\r\n<hr>\r\n<p><a href=\"https:\/\/www.confagricoltura.org\/bologna\/dirigenti\/\" target=\"_self\">Dirigenza<\/a><\/p>\r\n<hr>\r\n<p><a href=\"https:\/\/www.confagricoltura.org\/bologna\/servizi\/\" target=\"_self\">Servizi<\/a><\/p>\r\n<hr>\r\n<p><a href=\"https:\/\/www.confagricoltura.org\/bologna\/attivita-sindacali\/\" target=\"_self\">Attivit\u00e0 sindacali<\/a><\/p>\r\n<hr>\r\n<p><a href=\"https:\/\/www.confagricoltura.org\/bologna\/organigramma\/\" target=\"_self\">Organigramma<\/a><\/p>\r\n<hr>\r\n<p><a href=\"https:\/\/www.confagricoltura.org\/bologna\/enti-collegati\/\" target=\"_self\">Enti collegati<\/a><\/p>\r\n<hr>\r\n<p><a href=\"https:\/\/www.confagricoltura.org\/bologna\/contatti\/\" target=\"_self\">Contatti<\/a><\/p>\r\n<hr>\r\n\t<p><a href=\"https:\/\/www.confagricoltura.org\/bologna\/link-di-interesse\/\" target=\"_self\">Link di interesse<\/a><\/p>\r\n<hr>\r\n<p><a href=\"https:\/\/www.confagricoltura.org\/bologna\/whistleblowing\/\" target=\"_self\">Whistleblowing<\/a><\/p>\r\n<hr>\r\n<\/div><\/div><div class=\"textwidget custom-html-widget\"><div class=\"sidebar sidebar-blu sidebar-nomenu\">\r\n<h5>Link<\/h5>\r\n<hr>\r\n<a href=\"https:\/\/www.confagricoltura.org\/bologna\/enti-associati\/caa-confagricoltura\/\" target=\"_self\"><p>CAA Confagricoltura Emilia Romagna<\/p><\/a>\r\n<hr>\r\n<a href=\"https:\/\/www.confagricoltura.org\/bologna\/enti-associati\/agriturist\/\" target=\"_self\"><p>Agriturist Bologna<\/p><\/a>\r\n<hr>\r\n<a href=\"https:\/\/www.confagricoltura.org\/bologna\/enti-associati\/anga\/\" target=\"_self\"><p>Anga Giovani Agricoltori<\/p><\/a>\r\n<hr>\r\n<a href=\"https:\/\/www.confagricoltura.org\/bologna\/enti-associati\/enapa\/\" target=\"_self\"><p>Patronato Enapa<\/p><\/a>\r\n<hr>\r\n<a href=\"https:\/\/www.confagricoltura.org\/bologna\/enti-associati\/confagricoltura-donna\/\" target=\"_self\"><p>Confagricoltura Donna<\/p><\/a>\r\n<\/div><\/div><div class=\"textwidget custom-html-widget\"><div class=\"sidebar sidebar-blu sidebar-nomenu\">\r\n<h5>Link di interesse<\/h5>\r\n<hr>\r\n<a href=\"http:\/\/www.terredibologna.it\/\" target=\"_blank\"><p>Terre di Bologna<\/p><\/a>\r\n<hr>\r\n<a href=\"http:\/\/www.agrifidi.it\/\" target=\"_blank\"><p>Agrifidi<\/p><\/a>\r\n<hr>\r\n<a href=\"http:\/\/www.bo.camcom.it\/\" target=\"_blank\"><p>Camera di Commercio di Bologna<\/p><\/a>\r\n<hr>\r\n<a href=\"http:\/\/www.enterisi.it\/\" target=\"_blank\"><p>Ente Nazionale Risi<\/p><\/a>\r\n<hr>\r\n<a href=\"http:\/\/www.anb.it\/\" target=\"_blank\"><p>ANB Associazione Nazionale Bieticoltori<\/p><\/a>\r\n<hr>\r\n<a href=\"http:\/\/www.coprob.com\/\" target=\"_blank\"><p>COPROB Zuccherificio cooperativo<\/p><\/a>\r\n<\/div><\/div><\/ul>\n\n\n\t\t<\/div>\n\t\t\t\t\t<\/div>\n\n\t\n\n\t<div id=\"col-884898826\" class=\"col medium-9 small-12 large-9\"  >\n\t\t\t\t<div class=\"col-inner\"  >\n\t\t\t\n\t\t\t\n\n<ul class=\"sidebar-wrapper ul-reset\"><div class=\"breadcrumbs\" itemscope itemtype=\"https:\/\/schema.org\/BreadcrumbList\"><span property=\"itemListElement\" typeof=\"ListItem\"><a property=\"item\" typeof=\"WebPage\" title=\"Vai a Confagricoltura Bologna.\" href=\"https:\/\/www.confagricoltura.org\/bologna\" class=\"home\" aria-current=\"page\"><span property=\"name\">Confagricoltura Bologna<\/span><\/a><meta property=\"position\" content=\"1\"><\/span><\/div><\/ul>\n\n<h1>Miglioramento genetico NBT<\/h1>\n\t<div id=\"gap-1683402502\" class=\"gap-element clearfix\" style=\"display:block; height:auto;\">\n\t\t\n<style>\n#gap-1683402502 {\n  padding-top: 21px;\n}\n<\/style>\n\t<\/div>\n\t\n\n<h2>Maglia poderale, interferenze e reticolo idraulico: gli effetti indiretti e indesiderati dell&#8217;urbanizzazione!<\/h2>\n\t<div id=\"gap-1117401506\" class=\"gap-element clearfix\" style=\"display:block; height:auto;\">\n\t\t\n<style>\n#gap-1117401506 {\n  padding-top: 44px;\n}\n<\/style>\n\t<\/div>\n\t\n\n<div class=\"row\"  id=\"row-282108189\">\n\n\n\t<div id=\"col-1350233068\" class=\"col medium-4 small-12 large-4\"  >\n\t\t\t\t<div class=\"col-inner\"  >\n\t\t\t\n\t\t\t\n\n\t<div class=\"img has-hover x md-x lg-x y md-y lg-y\" id=\"image_1907334024\">\n\t\t\t\t\t\t\t\t<div class=\"img-inner dark\" >\n\t\t\t<img loading=\"lazy\" decoding=\"async\" width=\"980\" height=\"653\" src=\"https:\/\/www.confagricoltura.org\/bologna\/wp-content\/uploads\/sites\/12\/2021\/03\/pexels-edward-jenner-4033304-1-980x653.jpg\" class=\"attachment-large size-large\" alt=\"\" srcset=\"https:\/\/www.confagricoltura.org\/bologna\/wp-content\/uploads\/sites\/12\/2021\/03\/pexels-edward-jenner-4033304-1-980x653.jpg 980w, https:\/\/www.confagricoltura.org\/bologna\/wp-content\/uploads\/sites\/12\/2021\/03\/pexels-edward-jenner-4033304-1-768x512.jpg 768w, https:\/\/www.confagricoltura.org\/bologna\/wp-content\/uploads\/sites\/12\/2021\/03\/pexels-edward-jenner-4033304-1-1536x1024.jpg 1536w, https:\/\/www.confagricoltura.org\/bologna\/wp-content\/uploads\/sites\/12\/2021\/03\/pexels-edward-jenner-4033304-1-2048x1365.jpg 2048w, https:\/\/www.confagricoltura.org\/bologna\/wp-content\/uploads\/sites\/12\/2021\/03\/pexels-edward-jenner-4033304-1-100x67.jpg 100w\" sizes=\"auto, (max-width: 980px) 100vw, 980px\" \/>\t\t\t\t\t\t\n\t\t\t\t\t<\/div>\n\t\t\t\t\t\t\t\t\n<style>\n#image_1907334024 {\n  width: 100%;\n}\n<\/style>\n\t<\/div>\n\t\n\n\n\t\t<\/div>\n\t\t\t\t\t<\/div>\n\n\t\n\n\t<div id=\"col-1949505753\" class=\"col medium-8 small-12 large-8\"  >\n\t\t\t\t<div class=\"col-inner\"  >\n\t\t\t\n\t\t\t\n\n<h3>La sigla NBT sta per New Breeding Techniques, cio\u00e8 nuove tecniche di miglioramento genetico.<\/h3>\n\n\t\t<\/div>\n\t\t\t\t\t<\/div>\n\n\t\n\n<\/div>\n<p>Essa comprende tutte le tecniche di correzione mirata del genoma, nota anche come genome editing. La pi\u00f9 famosa \u00e8 probabilmente CRISPR-Cas9, ma ce ne sono anche altre, come TALEN, ZFN, ecc. e i ricercatori periodicamente ne mettono a punto di nuove: la pi\u00f9 recente \u00e8 il prime editing. Sono tecniche accomunate dal fatto di fornire strumenti in grado di modificare una o poche basi del genoma della pianta con lo scopo di migliorarla a vari fini. Sono molto precise e relativamente semplici da usare, a patto di conoscere il DNA della pianta da editare e di aver un buon supporto da parte dell\u2019informatica. Sono efficienti per il costo contenuto ed efficaci per le tante possibilit\u00e0 che offrono.<\/p>\n<p>Da un punto di vista giuridico sono regolamentate in modo diverso a seconda del Paese. Molte nazioni le hanno gi\u00e0 introdotte in commercio senza richiedere alcuna etichettatura, per l\u2019equivalenza sostanziale con le piante che abbiamo sempre ottenuto per mutazione. In UE invece la Corte di Giustizia Europea ha sentenziato nel luglio 2018 che i prodotti delle NBT ricadono negli scopi della Dir. 18\/2001, quella che regolamenta gli OGM. Cio\u00e8 per la legge europea le piante frutto di editing sono da considerarsi s\u00ec equiparabili alla mutagenesi, ma vanno regolamentate come OGM essendo queste tecniche ancora recenti.<\/p>\n<p>Da un punto di vista scientifico, invece, il mondo della ricerca ritiene fondamentalmente privo di senso un approccio che valuti la tecnica invece che il prodotto ottenuto. Pertanto buona parte del mondo scientifico sta chiedendo che l\u2019UE riveda la propria posizione sulle NBT e le esenti dagli scopi della 18\/2001; cio\u00e8 chiede che non siano considerate OGM.<\/p>\n<p>Sono nate a questo scopo molte iniziative, per esempio quella della Societ\u00e0 Italiana di Genetica Agraria \u201cPrima i Geni\u201d (https:\/\/primaigeni.it\/) e quella di Crops Matter, dei ricercatori dell\u2019Universit\u00e0 di Wageningen (https:\/\/www.growscientificprogress.org\/?lang=it), entrambe attivamente sostenute e promosse da Confagricoltura.<\/p>\n<p>N\u00e9 il mondo della scienza n\u00e9 Confagricoltura intendono abbandonare gli OGM, anzi si continua a ribadire che essi sono uno strumento utile ad affrontare alcune avversit\u00e0 tipiche dell\u2019agricoltura italiana e si sottolinea come la normativa in essere sia ormai obsoleta e il principio di precauzione non necessario ormai da tempo. Queste iniziative sottolineano anche le differenze fra OGM e NBT, soprattutto per efficacia e tipo di intervento. Confagricoltura da parte sua ritiene che tutte queste tecniche siano da considerarsi come strumenti nella cassetta degli attrezzi che i genetisti devono poter avere a loro disposizione per aiutare gli agricoltori a rispondere alle grandi sfide che hanno davanti: sfide di sostenibilit\u00e0 economica, di crescita demografica, di clima in cambiamento, di nuove avversit\u00e0 e patologie; sempre in un\u2019ottica di sostenibilit\u00e0 ambientale. Il tutto in un contesto di comunicazione complesso, spesso governato da messaggi volti a sfruttare le paure dei consumatori con finalit\u00e0 di marketing.<\/p>\n<p>Tra le ricerche in corso pi\u00f9 promettenti citiamo per esempio quella per mettere a punto variet\u00e0 di frumento resistenti all\u2019oidio, frumento duro a basso contenuto di glutine, pomodoro tollerante terreni moderatamente salini, riso resistente al brusone, riso tollerante periodi prolungati di sommersione totale, modifica del fotoperiodo del riso; in generale diversi studi sono in corso per lavorare sulla resistenza a insetti e funghi, e sulla tolleranza ala siccit\u00e0.<\/p>\n<p>Confagricoltura si \u00e8 sempre affidata alla scienza e ha sempre chiesto libert\u00e0 di ricerca e di sperimentazione in campo.<\/p>\n<p>E soprattutto chiede libert\u00e0 di impresa, perch\u00e9 lasciare le aziende agricole libere di scegliere gli strumenti per stare sul mercato \u00e8 il modo migliore per garantirne la vitalit\u00e0.<\/p>\n<p>Contributo a cura della Dr.ssa Deborah Piovan<\/p>\n<div class=\"social-icons share-icons share-row relative full-width text-right icon-style-outline\" style=\"font-size:101%\"><a href=\"whatsapp:\/\/send?text=Miglioramento%20genetico%20NBT - https:\/\/www.confagricoltura.org\/bologna\/politiche-sindacali\/miglioramento-genetico-nbt\/\" data-action=\"share\/whatsapp\/share\" class=\"icon button circle is-outline tooltip whatsapp show-for-medium\" title=\"Condividi su WhatsApp\" aria-label=\"Condividi su WhatsApp\" ><i class=\"icon-whatsapp\" ><\/i><\/a><a href=\"https:\/\/www.facebook.com\/sharer.php?u=https:\/\/www.confagricoltura.org\/bologna\/politiche-sindacali\/miglioramento-genetico-nbt\/\" data-label=\"Facebook\" onclick=\"window.open(this.href,this.title,'width=500,height=500,top=300px,left=300px'); return false;\" target=\"_blank\" class=\"icon button circle is-outline tooltip facebook\" title=\"Condividi su Facebook\" aria-label=\"Condividi su Facebook\" rel=\"noopener nofollow\" ><i class=\"icon-facebook\" ><\/i><\/a><a href=\"https:\/\/twitter.com\/share?url=https:\/\/www.confagricoltura.org\/bologna\/politiche-sindacali\/miglioramento-genetico-nbt\/\" onclick=\"window.open(this.href,this.title,'width=500,height=500,top=300px,left=300px'); return false;\" target=\"_blank\" class=\"icon button circle is-outline tooltip twitter\" title=\"Condividi su Twitter\" aria-label=\"Condividi su Twitter\" rel=\"noopener nofollow\" ><i class=\"icon-twitter\" ><\/i><\/a><a href=\"mailto:?subject=Miglioramento%20genetico%20NBT&body=Dai%20un%26%23039%3Bocchiata%3A%20https%3A%2F%2Fwww.confagricoltura.org%2Fbologna%2Fpolitiche-sindacali%2Fmiglioramento-genetico-nbt%2F\" class=\"icon button circle is-outline tooltip email\" title=\"Invia per email ad un Amico\" aria-label=\"Invia per email ad un Amico\" rel=\"nofollow\" ><i class=\"icon-envelop\" ><\/i><\/a><a href=\"https:\/\/www.linkedin.com\/shareArticle?mini=true&url=https:\/\/www.confagricoltura.org\/bologna\/politiche-sindacali\/miglioramento-genetico-nbt\/&title=Miglioramento%20genetico%20NBT\" onclick=\"window.open(this.href,this.title,'width=500,height=500,top=300px,left=300px'); return false;\" target=\"_blank\" class=\"icon button circle is-outline tooltip linkedin\" title=\"Condividi su LinkedIn\" aria-label=\"Condividi su LinkedIn\" rel=\"noopener nofollow\" ><i class=\"icon-linkedin\" ><\/i><\/a><\/div>\n\n\n\t\t<\/div>\n\t\t\t\t\t<\/div>\n\n\t\n\n<\/div>\n<div class=\"row row-collapse last-update-page\"  id=\"row-1806537110\">\n\n\n\t<div id=\"col-2080009502\" class=\"col small-12 large-12\"  >\n\t\t\t\t<div class=\"col-inner\"  >\n\t\t\t\n\t\t\t\n\n<hr>\n<p style=\"text-align: center\"><span data-text-color=\"primary\">Ultima modifica: 15 Marzo 2021<\/span><\/p>\n\n\t\t<\/div>\n\t\t\t\t\t<\/div>\n\n\t\n\n<\/div>\n\n","protected":false},"excerpt":{"rendered":"","protected":false},"author":1,"featured_media":0,"parent":1113,"menu_order":0,"comment_status":"closed","ping_status":"closed","template":"","meta":{"wp_mapbox_gl_js_media":[],"footnotes":""},"class_list":["post-1123","page","type-page","status-publish","hentry"],"yoast_head":"<!-- This site is optimized with the Yoast SEO plugin v26.8 - https:\/\/yoast.com\/product\/yoast-seo-wordpress\/ -->\n<title>Miglioramento genetico NBT - Confagricoltura Bologna<\/title>\n<meta name=\"robots\" content=\"index, follow, max-snippet:-1, max-image-preview:large, max-video-preview:-1\" \/>\n<link rel=\"canonical\" href=\"https:\/\/www.confagricoltura.org\/bologna\/politiche-sindacali\/miglioramento-genetico-nbt\/\" \/>\n<meta property=\"og:locale\" content=\"it_IT\" \/>\n<meta property=\"og:type\" content=\"article\" \/>\n<meta property=\"og:title\" content=\"Miglioramento genetico NBT - Confagricoltura Bologna\" \/>\n<meta property=\"og:url\" content=\"https:\/\/www.confagricoltura.org\/bologna\/politiche-sindacali\/miglioramento-genetico-nbt\/\" \/>\n<meta property=\"og:site_name\" content=\"Confagricoltura Bologna\" \/>\n<meta property=\"article:modified_time\" content=\"2021-03-15T15:43:21+00:00\" \/>\n<meta name=\"twitter:card\" content=\"summary_large_image\" \/>\n<meta name=\"twitter:label1\" content=\"Tempo di lettura stimato\" \/>\n\t<meta name=\"twitter:data1\" content=\"3 minuti\" \/>\n<script type=\"application\/ld+json\" class=\"yoast-schema-graph\">{\"@context\":\"https:\/\/schema.org\",\"@graph\":[{\"@type\":\"WebPage\",\"@id\":\"https:\/\/www.confagricoltura.org\/bologna\/politiche-sindacali\/miglioramento-genetico-nbt\/\",\"url\":\"https:\/\/www.confagricoltura.org\/bologna\/politiche-sindacali\/miglioramento-genetico-nbt\/\",\"name\":\"Miglioramento genetico NBT - Confagricoltura Bologna\",\"isPartOf\":{\"@id\":\"https:\/\/www.confagricoltura.org\/bologna\/#website\"},\"datePublished\":\"2021-03-03T12:00:02+00:00\",\"dateModified\":\"2021-03-15T15:43:21+00:00\",\"breadcrumb\":{\"@id\":\"https:\/\/www.confagricoltura.org\/bologna\/politiche-sindacali\/miglioramento-genetico-nbt\/#breadcrumb\"},\"inLanguage\":\"it-IT\",\"potentialAction\":[{\"@type\":\"ReadAction\",\"target\":[\"https:\/\/www.confagricoltura.org\/bologna\/politiche-sindacali\/miglioramento-genetico-nbt\/\"]}]},{\"@type\":\"BreadcrumbList\",\"@id\":\"https:\/\/www.confagricoltura.org\/bologna\/politiche-sindacali\/miglioramento-genetico-nbt\/#breadcrumb\",\"itemListElement\":[{\"@type\":\"ListItem\",\"position\":1,\"name\":\"Home\",\"item\":\"https:\/\/www.confagricoltura.org\/bologna\/\"},{\"@type\":\"ListItem\",\"position\":2,\"name\":\"Politiche sindacali\",\"item\":\"https:\/\/www.confagricoltura.org\/bologna\/politiche-sindacali\/\"},{\"@type\":\"ListItem\",\"position\":3,\"name\":\"Miglioramento genetico NBT\"}]},{\"@type\":\"WebSite\",\"@id\":\"https:\/\/www.confagricoltura.org\/bologna\/#website\",\"url\":\"https:\/\/www.confagricoltura.org\/bologna\/\",\"name\":\"Confagricoltura Bologna\",\"description\":\"Dalla parte degli Agricoltori\",\"potentialAction\":[{\"@type\":\"SearchAction\",\"target\":{\"@type\":\"EntryPoint\",\"urlTemplate\":\"https:\/\/www.confagricoltura.org\/bologna\/?s={search_term_string}\"},\"query-input\":{\"@type\":\"PropertyValueSpecification\",\"valueRequired\":true,\"valueName\":\"search_term_string\"}}],\"inLanguage\":\"it-IT\"}]}<\/script>\n<!-- \/ Yoast SEO plugin. -->","yoast_head_json":{"title":"Miglioramento genetico NBT - Confagricoltura Bologna","robots":{"index":"index","follow":"follow","max-snippet":"max-snippet:-1","max-image-preview":"max-image-preview:large","max-video-preview":"max-video-preview:-1"},"canonical":"https:\/\/www.confagricoltura.org\/bologna\/politiche-sindacali\/miglioramento-genetico-nbt\/","og_locale":"it_IT","og_type":"article","og_title":"Miglioramento genetico NBT - Confagricoltura Bologna","og_url":"https:\/\/www.confagricoltura.org\/bologna\/politiche-sindacali\/miglioramento-genetico-nbt\/","og_site_name":"Confagricoltura Bologna","article_modified_time":"2021-03-15T15:43:21+00:00","twitter_card":"summary_large_image","twitter_misc":{"Tempo di lettura stimato":"3 minuti"},"schema":{"@context":"https:\/\/schema.org","@graph":[{"@type":"WebPage","@id":"https:\/\/www.confagricoltura.org\/bologna\/politiche-sindacali\/miglioramento-genetico-nbt\/","url":"https:\/\/www.confagricoltura.org\/bologna\/politiche-sindacali\/miglioramento-genetico-nbt\/","name":"Miglioramento genetico NBT - Confagricoltura Bologna","isPartOf":{"@id":"https:\/\/www.confagricoltura.org\/bologna\/#website"},"datePublished":"2021-03-03T12:00:02+00:00","dateModified":"2021-03-15T15:43:21+00:00","breadcrumb":{"@id":"https:\/\/www.confagricoltura.org\/bologna\/politiche-sindacali\/miglioramento-genetico-nbt\/#breadcrumb"},"inLanguage":"it-IT","potentialAction":[{"@type":"ReadAction","target":["https:\/\/www.confagricoltura.org\/bologna\/politiche-sindacali\/miglioramento-genetico-nbt\/"]}]},{"@type":"BreadcrumbList","@id":"https:\/\/www.confagricoltura.org\/bologna\/politiche-sindacali\/miglioramento-genetico-nbt\/#breadcrumb","itemListElement":[{"@type":"ListItem","position":1,"name":"Home","item":"https:\/\/www.confagricoltura.org\/bologna\/"},{"@type":"ListItem","position":2,"name":"Politiche sindacali","item":"https:\/\/www.confagricoltura.org\/bologna\/politiche-sindacali\/"},{"@type":"ListItem","position":3,"name":"Miglioramento genetico NBT"}]},{"@type":"WebSite","@id":"https:\/\/www.confagricoltura.org\/bologna\/#website","url":"https:\/\/www.confagricoltura.org\/bologna\/","name":"Confagricoltura Bologna","description":"Dalla parte degli Agricoltori","potentialAction":[{"@type":"SearchAction","target":{"@type":"EntryPoint","urlTemplate":"https:\/\/www.confagricoltura.org\/bologna\/?s={search_term_string}"},"query-input":{"@type":"PropertyValueSpecification","valueRequired":true,"valueName":"search_term_string"}}],"inLanguage":"it-IT"}]}},"_links":{"self":[{"href":"https:\/\/www.confagricoltura.org\/bologna\/wp-json\/wp\/v2\/pages\/1123","targetHints":{"allow":["GET"]}}],"collection":[{"href":"https:\/\/www.confagricoltura.org\/bologna\/wp-json\/wp\/v2\/pages"}],"about":[{"href":"https:\/\/www.confagricoltura.org\/bologna\/wp-json\/wp\/v2\/types\/page"}],"author":[{"embeddable":true,"href":"https:\/\/www.confagricoltura.org\/bologna\/wp-json\/wp\/v2\/users\/1"}],"replies":[{"embeddable":true,"href":"https:\/\/www.confagricoltura.org\/bologna\/wp-json\/wp\/v2\/comments?post=1123"}],"version-history":[{"count":5,"href":"https:\/\/www.confagricoltura.org\/bologna\/wp-json\/wp\/v2\/pages\/1123\/revisions"}],"predecessor-version":[{"id":5355,"href":"https:\/\/www.confagricoltura.org\/bologna\/wp-json\/wp\/v2\/pages\/1123\/revisions\/5355"}],"up":[{"embeddable":true,"href":"https:\/\/www.confagricoltura.org\/bologna\/wp-json\/wp\/v2\/pages\/1113"}],"wp:attachment":[{"href":"https:\/\/www.confagricoltura.org\/bologna\/wp-json\/wp\/v2\/media?parent=1123"}],"curies":[{"name":"wp","href":"https:\/\/api.w.org\/{rel}","templated":true}]}}