{"id":1115,"date":"2021-03-03T12:53:37","date_gmt":"2021-03-03T11:53:37","guid":{"rendered":"https:\/\/www.confagricoltura.org\/bologna\/?page_id=1115"},"modified":"2021-03-15T16:43:34","modified_gmt":"2021-03-15T15:43:34","slug":"primo-insediamento-societa","status":"publish","type":"page","link":"https:\/\/www.confagricoltura.org\/bologna\/politiche-sindacali\/primo-insediamento-societa\/","title":{"rendered":"Primo insediamento e Societ\u00e0"},"content":{"rendered":"\n<div class=\"row\"  id=\"row-1244418208\">\n\n\n\t<div id=\"col-921189445\" class=\"col medium-3 small-12 large-3\"  >\n\t\t\t\t<div class=\"col-inner\"  >\n\t\t\t\n\t\t\t\n\n\n\t\t<\/div>\n\t\t\t\t\t<\/div>\n\n\t\n\n\t<div id=\"col-1416846997\" class=\"col medium-9 small-12 large-9\"  >\n\t\t\t\t<div class=\"col-inner\"  >\n\t\t\t\n\t\t\t\n\n<div class=\"is-divider divider clearfix\" style=\"margin-top:0px;margin-bottom:0px;max-width:100%;height:1px;\"><\/div>\n\n\n\t\t<\/div>\n\t\t\t\t\t<\/div>\n\n\t\n\n<\/div>\n<div class=\"row generic-page\"  id=\"row-2007875972\">\n\n\n\t<div id=\"col-746419588\" class=\"col medium-3 small-12 large-3\"  >\n\t\t\t\t<div class=\"col-inner\"  >\n\t\t\t\n\t\t\t\n\n<ul class=\"sidebar-wrapper ul-reset\"><div class=\"textwidget custom-html-widget\"><div class=\"sidebar first-el sidebar-transp\">\r\n<hr>\r\n<p><a href=\"https:\/\/www.confagricoltura.org\/bologna\/chi-siamo\/\" target=\"_self\">Confagricoltura Bologna<\/a><\/p>\r\n<hr>\r\n<p><a href=\"https:\/\/www.confagricoltura.org\/bologna\/dirigenti\/\" target=\"_self\">Dirigenza<\/a><\/p>\r\n<hr>\r\n<p><a href=\"https:\/\/www.confagricoltura.org\/bologna\/servizi\/\" target=\"_self\">Servizi<\/a><\/p>\r\n<hr>\r\n<p><a href=\"https:\/\/www.confagricoltura.org\/bologna\/attivita-sindacali\/\" target=\"_self\">Attivit\u00e0 sindacali<\/a><\/p>\r\n<hr>\r\n<p><a href=\"https:\/\/www.confagricoltura.org\/bologna\/organigramma\/\" target=\"_self\">Organigramma<\/a><\/p>\r\n<hr>\r\n<p><a href=\"https:\/\/www.confagricoltura.org\/bologna\/enti-collegati\/\" target=\"_self\">Enti collegati<\/a><\/p>\r\n<hr>\r\n<p><a href=\"https:\/\/www.confagricoltura.org\/bologna\/contatti\/\" target=\"_self\">Contatti<\/a><\/p>\r\n<hr>\r\n\t<p><a href=\"https:\/\/www.confagricoltura.org\/bologna\/link-di-interesse\/\" target=\"_self\">Link di interesse<\/a><\/p>\r\n<hr>\r\n<p><a href=\"https:\/\/www.confagricoltura.org\/bologna\/whistleblowing\/\" target=\"_self\">Whistleblowing<\/a><\/p>\r\n<hr>\r\n<\/div><\/div><div class=\"textwidget custom-html-widget\"><div class=\"sidebar sidebar-blu sidebar-nomenu\">\r\n<h5>Link<\/h5>\r\n<hr>\r\n<a href=\"https:\/\/www.confagricoltura.org\/bologna\/enti-associati\/caa-confagricoltura\/\" target=\"_self\"><p>CAA Confagricoltura Emilia Romagna<\/p><\/a>\r\n<hr>\r\n<a href=\"https:\/\/www.confagricoltura.org\/bologna\/enti-associati\/agriturist\/\" target=\"_self\"><p>Agriturist Bologna<\/p><\/a>\r\n<hr>\r\n<a href=\"https:\/\/www.confagricoltura.org\/bologna\/enti-associati\/anga\/\" target=\"_self\"><p>Anga Giovani Agricoltori<\/p><\/a>\r\n<hr>\r\n<a href=\"https:\/\/www.confagricoltura.org\/bologna\/enti-associati\/enapa\/\" target=\"_self\"><p>Patronato Enapa<\/p><\/a>\r\n<hr>\r\n<a href=\"https:\/\/www.confagricoltura.org\/bologna\/enti-associati\/confagricoltura-donna\/\" target=\"_self\"><p>Confagricoltura Donna<\/p><\/a>\r\n<\/div><\/div><div class=\"textwidget custom-html-widget\"><div class=\"sidebar sidebar-blu sidebar-nomenu\">\r\n<h5>Link di interesse<\/h5>\r\n<hr>\r\n<a href=\"http:\/\/www.terredibologna.it\/\" target=\"_blank\"><p>Terre di Bologna<\/p><\/a>\r\n<hr>\r\n<a href=\"http:\/\/www.agrifidi.it\/\" target=\"_blank\"><p>Agrifidi<\/p><\/a>\r\n<hr>\r\n<a href=\"http:\/\/www.bo.camcom.it\/\" target=\"_blank\"><p>Camera di Commercio di Bologna<\/p><\/a>\r\n<hr>\r\n<a href=\"http:\/\/www.enterisi.it\/\" target=\"_blank\"><p>Ente Nazionale Risi<\/p><\/a>\r\n<hr>\r\n<a href=\"http:\/\/www.anb.it\/\" target=\"_blank\"><p>ANB Associazione Nazionale Bieticoltori<\/p><\/a>\r\n<hr>\r\n<a href=\"http:\/\/www.coprob.com\/\" target=\"_blank\"><p>COPROB Zuccherificio cooperativo<\/p><\/a>\r\n<\/div><\/div><\/ul>\n\n\n\t\t<\/div>\n\t\t\t\t\t<\/div>\n\n\t\n\n\t<div id=\"col-1296100535\" class=\"col medium-9 small-12 large-9\"  >\n\t\t\t\t<div class=\"col-inner\"  >\n\t\t\t\n\t\t\t\n\n<ul class=\"sidebar-wrapper ul-reset\"><div class=\"breadcrumbs\" itemscope itemtype=\"https:\/\/schema.org\/BreadcrumbList\"><span property=\"itemListElement\" typeof=\"ListItem\"><a property=\"item\" typeof=\"WebPage\" title=\"Vai a Confagricoltura Bologna.\" href=\"https:\/\/www.confagricoltura.org\/bologna\" class=\"home\" aria-current=\"page\"><span property=\"name\">Confagricoltura Bologna<\/span><\/a><meta property=\"position\" content=\"1\"><\/span><\/div><\/ul>\n\n<h1>Primo insediamento e Societ\u00e0<\/h1>\n<h2>L\u2019attuale piano di sviluppo rurale nella misura relativa ai primi insediamenti prevede, nel caso di insediamento del giovane in una societ\u00e0, un forte squilibrio dei poteri della societ\u00e0 che divengono, di fatto, tutti a favore dello stesso rendendo praticamente terza la figura degli altri soci.<\/h2>\n\t<div id=\"gap-1605044282\" class=\"gap-element clearfix\" style=\"display:block; height:auto;\">\n\t\t\n<style>\n#gap-1605044282 {\n  padding-top: 21px;\n}\n<\/style>\n\t<\/div>\n\t\n\n<div class=\"row\"  id=\"row-546346041\">\n\n\n\t<div id=\"col-804335766\" class=\"col medium-4 small-12 large-4\"  >\n\t\t\t\t<div class=\"col-inner\"  >\n\t\t\t\n\t\t\t\n\n\t<div class=\"img has-hover x md-x lg-x y md-y lg-y\" id=\"image_1121671705\">\n\t\t\t\t\t\t\t\t<div class=\"img-inner dark\" >\n\t\t\t<img loading=\"lazy\" decoding=\"async\" width=\"980\" height=\"551\" src=\"https:\/\/www.confagricoltura.org\/bologna\/wp-content\/uploads\/sites\/12\/2021\/03\/pexels-pixabay-67211-980x551.jpg\" class=\"attachment-large size-large\" alt=\"\" srcset=\"https:\/\/www.confagricoltura.org\/bologna\/wp-content\/uploads\/sites\/12\/2021\/03\/pexels-pixabay-67211-980x551.jpg 980w, https:\/\/www.confagricoltura.org\/bologna\/wp-content\/uploads\/sites\/12\/2021\/03\/pexels-pixabay-67211-768x432.jpg 768w, https:\/\/www.confagricoltura.org\/bologna\/wp-content\/uploads\/sites\/12\/2021\/03\/pexels-pixabay-67211-1536x863.jpg 1536w, https:\/\/www.confagricoltura.org\/bologna\/wp-content\/uploads\/sites\/12\/2021\/03\/pexels-pixabay-67211-2048x1151.jpg 2048w, https:\/\/www.confagricoltura.org\/bologna\/wp-content\/uploads\/sites\/12\/2021\/03\/pexels-pixabay-67211-100x56.jpg 100w\" sizes=\"auto, (max-width: 980px) 100vw, 980px\" \/>\t\t\t\t\t\t\n\t\t\t\t\t<\/div>\n\t\t\t\t\t\t\t\t\n<style>\n#image_1121671705 {\n  width: 100%;\n}\n<\/style>\n\t<\/div>\n\t\n\n\n\t\t<\/div>\n\t\t\t\t\t<\/div>\n\n\t\n\n\t<div id=\"col-1302273462\" class=\"col medium-8 small-12 large-8\"  >\n\t\t\t\t<div class=\"col-inner\"  >\n\t\t\t\n\t\t\t\n\n\n\t\t<\/div>\n\t\t\t\t\t<\/div>\n\n\t\n\n<\/div>\n<p>La normativa in vigore infatti cita:<\/p>\n<p><em>se il\/i giovani agricoltori si insediano in qualit\u00e0 di contitolare in societ\u00e0 di persone, il premio viene corrisposto a condizione che la responsabilit\u00e0 per la gestione ordinaria e per quella straordinaria, quale risultante dal patto societario, sia in capo al\/ai soci giovani agricoltori\u00a0<strong><u>in modo tale per cui le decisioni del\/dei giovani agricoltori non possano essere inficiate dagli ulteriori soci<\/u><\/strong>. Pertanto, nelle forme di societ\u00e0 semplice (s.s.) e di societ\u00e0 in nome collettivo (s.n.c), il\/i soci giovani agricoltori dovranno essere anche amministratori della societ\u00e0. Qualora il socio giovane agricoltore non sia amministratore unico, dovr\u00e0 inoltre avere la maggioranza di quote di ripartizione degli utili, nonch\u00e9 quella delle quote sociali qualora la responsabilit\u00e0 di amministrazione sia ricondotta a queste ultime. Si precisa altres\u00ec che la responsabilit\u00e0 dell\u2019amministratore giovane agricoltore non potr\u00e0 risultare limitata da ulteriori previsioni statutarie che riconducano in capo ad altri soci specifiche responsabilit\u00e0 in ordine ad ambiti gestionali\/operativi dell\u2019impresa, inclusi gli adempimenti relativi ai rapporti di lavoro, in materia di collocamento, contributivi, previdenziali, fiscali.<\/em><\/p>\n<p><em>Nella societ\u00e0 in accomandita semplice (s.a.s.) il\/i soci giovani agricoltori dovranno ricoprire il ruolo di socio accomandatario ed esercitare l<\/em><em>\u2019<\/em><em>ufficio di amministratore, avendo la maggioranza di quote di ripartizione degli utili, nonch\u00e9 quella delle quote sociali qualora la responsabilit\u00e0 di amministrazione sia ricondotta a queste ultime. Si precisa altres\u00ec che la responsabilit\u00e0 dell\u2019amministratore giovane agricoltore non potr\u00e0 risultare limitata da ulteriori previsioni statutarie che riconducano in capo ad altri soci specifiche responsabilit\u00e0 in ordine ad ambiti gestionali\/operativi\u00a0<\/em><em>dell\u2019impresa.<\/em><\/p>\n<p><em>Le condizioni sopraesposte dovranno essere mantenute almeno per l\u2019intero periodo di vincolo alla conduzione aziendale.<\/em><\/p>\n<p>Detta norma, molto probabilmente redatta con intento antielusivo o con la funzione di evitare interposizioni di persone, nella realt\u00e0 si trasforma in un boomerang in quanto riduce di fatto l\u2019inserimento dei giovani nelle compagini sociali. Le societ\u00e0 infatti sono sistemi complessi e che vivono di equilibri interni che necessitano di pesi e contrappesi che non possono essere sbilanciati.<br \/>Il problema diventa ancora pi\u00f9 cogente nel caso di societ\u00e0 di persone senza legame di parentela.<\/p>\n<p>Quale socio infatti accetterebbe una societ\u00e0 cos\u00ec sbilanciata dove il giovane, talvolta magari meno esperto, ha i pieni ed esclusivi poteri? In questo senso urge da parte della Regione nel prossimo PSR una revisione della norma affinch\u00e9 ci possa essere il giusto rapporto nella compagne sociale affinch\u00e9 la stessa possa costituirsi e vivere una vita sociale equilibrata.<\/p>\n<div class=\"social-icons share-icons share-row relative full-width text-right icon-style-outline\" style=\"font-size:101%\"><a href=\"whatsapp:\/\/send?text=Primo%20insediamento%20e%20Societ%C3%A0 - https:\/\/www.confagricoltura.org\/bologna\/politiche-sindacali\/primo-insediamento-societa\/\" data-action=\"share\/whatsapp\/share\" class=\"icon button circle is-outline tooltip whatsapp show-for-medium\" title=\"Condividi su WhatsApp\" aria-label=\"Condividi su WhatsApp\" ><i class=\"icon-whatsapp\" ><\/i><\/a><a href=\"https:\/\/www.facebook.com\/sharer.php?u=https:\/\/www.confagricoltura.org\/bologna\/politiche-sindacali\/primo-insediamento-societa\/\" data-label=\"Facebook\" onclick=\"window.open(this.href,this.title,'width=500,height=500,top=300px,left=300px'); return false;\" target=\"_blank\" class=\"icon button circle is-outline tooltip facebook\" title=\"Condividi su Facebook\" aria-label=\"Condividi su Facebook\" rel=\"noopener nofollow\" ><i class=\"icon-facebook\" ><\/i><\/a><a href=\"https:\/\/twitter.com\/share?url=https:\/\/www.confagricoltura.org\/bologna\/politiche-sindacali\/primo-insediamento-societa\/\" onclick=\"window.open(this.href,this.title,'width=500,height=500,top=300px,left=300px'); return false;\" target=\"_blank\" class=\"icon button circle is-outline tooltip twitter\" title=\"Condividi su Twitter\" aria-label=\"Condividi su Twitter\" rel=\"noopener nofollow\" ><i class=\"icon-twitter\" ><\/i><\/a><a href=\"mailto:?subject=Primo%20insediamento%20e%20Societ%C3%A0&body=Dai%20un%26%23039%3Bocchiata%3A%20https%3A%2F%2Fwww.confagricoltura.org%2Fbologna%2Fpolitiche-sindacali%2Fprimo-insediamento-societa%2F\" class=\"icon button circle is-outline tooltip email\" title=\"Invia per email ad un Amico\" aria-label=\"Invia per email ad un Amico\" rel=\"nofollow\" ><i class=\"icon-envelop\" ><\/i><\/a><a href=\"https:\/\/www.linkedin.com\/shareArticle?mini=true&url=https:\/\/www.confagricoltura.org\/bologna\/politiche-sindacali\/primo-insediamento-societa\/&title=Primo%20insediamento%20e%20Societ%C3%A0\" onclick=\"window.open(this.href,this.title,'width=500,height=500,top=300px,left=300px'); return false;\" target=\"_blank\" class=\"icon button circle is-outline tooltip linkedin\" title=\"Condividi su LinkedIn\" aria-label=\"Condividi su LinkedIn\" rel=\"noopener nofollow\" ><i class=\"icon-linkedin\" ><\/i><\/a><\/div>\n\n\n\t\t<\/div>\n\t\t\t\t\t<\/div>\n\n\t\n\n<\/div>\n<div class=\"row row-collapse last-update-page\"  id=\"row-2074981119\">\n\n\n\t<div id=\"col-1375470508\" class=\"col small-12 large-12\"  >\n\t\t\t\t<div class=\"col-inner\"  >\n\t\t\t\n\t\t\t\n\n<hr>\n<p style=\"text-align: center\"><span data-text-color=\"primary\">Ultima modifica: 15 Marzo 2021<\/span><\/p>\n\n\t\t<\/div>\n\t\t\t\t\t<\/div>\n\n\t\n\n<\/div>\n\n","protected":false},"excerpt":{"rendered":"","protected":false},"author":1,"featured_media":0,"parent":1113,"menu_order":0,"comment_status":"closed","ping_status":"closed","template":"","meta":{"wp_mapbox_gl_js_media":[],"footnotes":""},"class_list":["post-1115","page","type-page","status-publish","hentry"],"yoast_head":"<!-- This site is optimized with the Yoast SEO plugin v26.8 - https:\/\/yoast.com\/product\/yoast-seo-wordpress\/ -->\n<title>Primo insediamento e Societ\u00e0 - Confagricoltura Bologna<\/title>\n<meta name=\"robots\" content=\"index, follow, max-snippet:-1, max-image-preview:large, max-video-preview:-1\" \/>\n<link rel=\"canonical\" href=\"https:\/\/www.confagricoltura.org\/bologna\/politiche-sindacali\/primo-insediamento-societa\/\" \/>\n<meta property=\"og:locale\" content=\"it_IT\" \/>\n<meta property=\"og:type\" content=\"article\" \/>\n<meta property=\"og:title\" content=\"Primo insediamento e Societ\u00e0 - Confagricoltura Bologna\" \/>\n<meta property=\"og:url\" content=\"https:\/\/www.confagricoltura.org\/bologna\/politiche-sindacali\/primo-insediamento-societa\/\" \/>\n<meta property=\"og:site_name\" content=\"Confagricoltura Bologna\" \/>\n<meta property=\"article:modified_time\" content=\"2021-03-15T15:43:34+00:00\" \/>\n<meta name=\"twitter:card\" content=\"summary_large_image\" \/>\n<meta name=\"twitter:label1\" content=\"Tempo di lettura stimato\" \/>\n\t<meta name=\"twitter:data1\" content=\"3 minuti\" \/>\n<script type=\"application\/ld+json\" class=\"yoast-schema-graph\">{\"@context\":\"https:\/\/schema.org\",\"@graph\":[{\"@type\":\"WebPage\",\"@id\":\"https:\/\/www.confagricoltura.org\/bologna\/politiche-sindacali\/primo-insediamento-societa\/\",\"url\":\"https:\/\/www.confagricoltura.org\/bologna\/politiche-sindacali\/primo-insediamento-societa\/\",\"name\":\"Primo insediamento e Societ\u00e0 - Confagricoltura Bologna\",\"isPartOf\":{\"@id\":\"https:\/\/www.confagricoltura.org\/bologna\/#website\"},\"datePublished\":\"2021-03-03T11:53:37+00:00\",\"dateModified\":\"2021-03-15T15:43:34+00:00\",\"breadcrumb\":{\"@id\":\"https:\/\/www.confagricoltura.org\/bologna\/politiche-sindacali\/primo-insediamento-societa\/#breadcrumb\"},\"inLanguage\":\"it-IT\",\"potentialAction\":[{\"@type\":\"ReadAction\",\"target\":[\"https:\/\/www.confagricoltura.org\/bologna\/politiche-sindacali\/primo-insediamento-societa\/\"]}]},{\"@type\":\"BreadcrumbList\",\"@id\":\"https:\/\/www.confagricoltura.org\/bologna\/politiche-sindacali\/primo-insediamento-societa\/#breadcrumb\",\"itemListElement\":[{\"@type\":\"ListItem\",\"position\":1,\"name\":\"Home\",\"item\":\"https:\/\/www.confagricoltura.org\/bologna\/\"},{\"@type\":\"ListItem\",\"position\":2,\"name\":\"Politiche sindacali\",\"item\":\"https:\/\/www.confagricoltura.org\/bologna\/politiche-sindacali\/\"},{\"@type\":\"ListItem\",\"position\":3,\"name\":\"Primo insediamento e Societ\u00e0\"}]},{\"@type\":\"WebSite\",\"@id\":\"https:\/\/www.confagricoltura.org\/bologna\/#website\",\"url\":\"https:\/\/www.confagricoltura.org\/bologna\/\",\"name\":\"Confagricoltura Bologna\",\"description\":\"Dalla parte degli Agricoltori\",\"potentialAction\":[{\"@type\":\"SearchAction\",\"target\":{\"@type\":\"EntryPoint\",\"urlTemplate\":\"https:\/\/www.confagricoltura.org\/bologna\/?s={search_term_string}\"},\"query-input\":{\"@type\":\"PropertyValueSpecification\",\"valueRequired\":true,\"valueName\":\"search_term_string\"}}],\"inLanguage\":\"it-IT\"}]}<\/script>\n<!-- \/ Yoast SEO plugin. -->","yoast_head_json":{"title":"Primo insediamento e Societ\u00e0 - Confagricoltura Bologna","robots":{"index":"index","follow":"follow","max-snippet":"max-snippet:-1","max-image-preview":"max-image-preview:large","max-video-preview":"max-video-preview:-1"},"canonical":"https:\/\/www.confagricoltura.org\/bologna\/politiche-sindacali\/primo-insediamento-societa\/","og_locale":"it_IT","og_type":"article","og_title":"Primo insediamento e Societ\u00e0 - Confagricoltura Bologna","og_url":"https:\/\/www.confagricoltura.org\/bologna\/politiche-sindacali\/primo-insediamento-societa\/","og_site_name":"Confagricoltura Bologna","article_modified_time":"2021-03-15T15:43:34+00:00","twitter_card":"summary_large_image","twitter_misc":{"Tempo di lettura stimato":"3 minuti"},"schema":{"@context":"https:\/\/schema.org","@graph":[{"@type":"WebPage","@id":"https:\/\/www.confagricoltura.org\/bologna\/politiche-sindacali\/primo-insediamento-societa\/","url":"https:\/\/www.confagricoltura.org\/bologna\/politiche-sindacali\/primo-insediamento-societa\/","name":"Primo insediamento e Societ\u00e0 - Confagricoltura Bologna","isPartOf":{"@id":"https:\/\/www.confagricoltura.org\/bologna\/#website"},"datePublished":"2021-03-03T11:53:37+00:00","dateModified":"2021-03-15T15:43:34+00:00","breadcrumb":{"@id":"https:\/\/www.confagricoltura.org\/bologna\/politiche-sindacali\/primo-insediamento-societa\/#breadcrumb"},"inLanguage":"it-IT","potentialAction":[{"@type":"ReadAction","target":["https:\/\/www.confagricoltura.org\/bologna\/politiche-sindacali\/primo-insediamento-societa\/"]}]},{"@type":"BreadcrumbList","@id":"https:\/\/www.confagricoltura.org\/bologna\/politiche-sindacali\/primo-insediamento-societa\/#breadcrumb","itemListElement":[{"@type":"ListItem","position":1,"name":"Home","item":"https:\/\/www.confagricoltura.org\/bologna\/"},{"@type":"ListItem","position":2,"name":"Politiche sindacali","item":"https:\/\/www.confagricoltura.org\/bologna\/politiche-sindacali\/"},{"@type":"ListItem","position":3,"name":"Primo insediamento e Societ\u00e0"}]},{"@type":"WebSite","@id":"https:\/\/www.confagricoltura.org\/bologna\/#website","url":"https:\/\/www.confagricoltura.org\/bologna\/","name":"Confagricoltura Bologna","description":"Dalla parte degli Agricoltori","potentialAction":[{"@type":"SearchAction","target":{"@type":"EntryPoint","urlTemplate":"https:\/\/www.confagricoltura.org\/bologna\/?s={search_term_string}"},"query-input":{"@type":"PropertyValueSpecification","valueRequired":true,"valueName":"search_term_string"}}],"inLanguage":"it-IT"}]}},"_links":{"self":[{"href":"https:\/\/www.confagricoltura.org\/bologna\/wp-json\/wp\/v2\/pages\/1115","targetHints":{"allow":["GET"]}}],"collection":[{"href":"https:\/\/www.confagricoltura.org\/bologna\/wp-json\/wp\/v2\/pages"}],"about":[{"href":"https:\/\/www.confagricoltura.org\/bologna\/wp-json\/wp\/v2\/types\/page"}],"author":[{"embeddable":true,"href":"https:\/\/www.confagricoltura.org\/bologna\/wp-json\/wp\/v2\/users\/1"}],"replies":[{"embeddable":true,"href":"https:\/\/www.confagricoltura.org\/bologna\/wp-json\/wp\/v2\/comments?post=1115"}],"version-history":[{"count":7,"href":"https:\/\/www.confagricoltura.org\/bologna\/wp-json\/wp\/v2\/pages\/1115\/revisions"}],"predecessor-version":[{"id":5356,"href":"https:\/\/www.confagricoltura.org\/bologna\/wp-json\/wp\/v2\/pages\/1115\/revisions\/5356"}],"up":[{"embeddable":true,"href":"https:\/\/www.confagricoltura.org\/bologna\/wp-json\/wp\/v2\/pages\/1113"}],"wp:attachment":[{"href":"https:\/\/www.confagricoltura.org\/bologna\/wp-json\/wp\/v2\/media?parent=1115"}],"curies":[{"name":"wp","href":"https:\/\/api.w.org\/{rel}","templated":true}]}}