{"id":1040,"date":"2021-02-16T15:16:16","date_gmt":"2021-02-16T14:16:16","guid":{"rendered":"https:\/\/www.confagricoltura.org\/bologna\/?page_id=1040"},"modified":"2022-05-11T14:31:23","modified_gmt":"2022-05-11T12:31:23","slug":"servizi","status":"publish","type":"page","link":"https:\/\/www.confagricoltura.org\/bologna\/servizi\/","title":{"rendered":"Servizi"},"content":{"rendered":"\n<div class=\"row\"  id=\"row-696090084\">\n\n\n\t<div id=\"col-612121560\" class=\"col medium-3 small-12 large-3\"  >\n\t\t\t\t<div class=\"col-inner\"  >\n\t\t\t\n\t\t\t\n\n\n\t\t<\/div>\n\t\t\t\t\t<\/div>\n\n\t\n\n\t<div id=\"col-1935081519\" class=\"col medium-9 small-12 large-9\"  >\n\t\t\t\t<div class=\"col-inner\"  >\n\t\t\t\n\t\t\t\n\n<div class=\"is-divider divider clearfix\" style=\"margin-top:0px;margin-bottom:0px;max-width:100%;height:1px;\"><\/div>\n\n\n\t\t<\/div>\n\t\t\t\t\n<style>\n#col-1935081519 > .col-inner {\n  padding: 0 0px 0px 0px;\n  margin: 0 0px 0px 0px;\n}\n<\/style>\n\t<\/div>\n\n\t\n\n<\/div>\n<div class=\"row\"  id=\"row-609535323\">\n\n\n\t<div id=\"col-1310133268\" class=\"col medium-3 small-12 large-3\"  >\n\t\t\t\t<div class=\"col-inner\"  >\n\t\t\t\n\t\t\t\n\n\n\t\t<\/div>\n\t\t\t\t\t<\/div>\n\n\t\n\n\t<div id=\"col-47578218\" class=\"col medium-9 small-12 large-9\"  >\n\t\t\t\t<div class=\"col-inner\"  >\n\t\t\t\n\t\t\t\n\n<ul class=\"sidebar-wrapper ul-reset\"><div class=\"breadcrumbs\" itemscope itemtype=\"https:\/\/schema.org\/BreadcrumbList\"><span property=\"itemListElement\" typeof=\"ListItem\"><a property=\"item\" typeof=\"WebPage\" title=\"Vai a Confagricoltura Bologna.\" href=\"https:\/\/www.confagricoltura.org\/bologna\" class=\"home\" aria-current=\"page\"><span property=\"name\">Confagricoltura Bologna<\/span><\/a><meta property=\"position\" content=\"1\"><\/span><\/div><\/ul>\n\n<h1>I Servizi<\/h1>\n\n\t\t<\/div>\n\t\t\t\t\t<\/div>\n\n\t\n\n<\/div>\n\n  <div class=\"banner has-hover banner-pages\" id=\"banner-1869985129\">\n          <div class=\"banner-inner fill\">\n        <div class=\"banner-bg fill\" >\n            <div class=\"bg fill bg-fill \"><\/div>\n                                    \n                    <\/div>\n\t\t\n        <div class=\"banner-layers container\">\n            <div class=\"fill banner-link\"><\/div>            \n\n   <div id=\"text-box-473005407\" class=\"text-box banner-layer banner-paragraph x5 md-x5 lg-x5 y50 md-y50 lg-y50 res-text\">\n                                <div class=\"text-box-content text dark\">\n              \n              <div class=\"text-inner text-center\">\n                  \n\n\n              <\/div>\n           <\/div>\n                            \n<style>\n#text-box-473005407 {\n  width: 60%;\n}\n#text-box-473005407 .text-box-content {\n  font-size: 100%;\n}\n<\/style>\n    <\/div>\n \n\n        <\/div>\n      <\/div>\n\n            \n<style>\n#banner-1869985129 {\n  padding-top: 280px;\n}\n#banner-1869985129 .bg.bg-loaded {\n  background-image: url(https:\/\/www.confagricoltura.org\/bologna\/wp-content\/uploads\/sites\/12\/2021\/01\/dirigenti-strada.jpg);\n}\n<\/style>\n  <\/div>\n\n\n\t<section class=\"section\" id=\"section_1822014367\">\n\t\t<div class=\"bg section-bg fill bg-fill  bg-loaded\" >\n\n\t\t\t\n\t\t\t\n\t\t\t\n\n\t\t<\/div>\n\n\t\t\n\n\t\t<div class=\"section-content relative\">\n\t\t\t\n\n<div class=\"row\"  id=\"row-559758794\">\n\n\n\t<div id=\"col-1121864394\" class=\"col medium-3 small-12 large-3\"  >\n\t\t\t\t<div class=\"col-inner\"  >\n\t\t\t\n\t\t\t\n\n<ul class=\"sidebar-wrapper ul-reset\"><div class=\"textwidget custom-html-widget\"><div class=\"sidebar first-el sidebar-transp\">\r\n<hr>\r\n<p><a href=\"https:\/\/www.confagricoltura.org\/bologna\/chi-siamo\/\" target=\"_self\">Confagricoltura Bologna<\/a><\/p>\r\n<hr>\r\n<p><a href=\"https:\/\/www.confagricoltura.org\/bologna\/dirigenti\/\" target=\"_self\">Dirigenza<\/a><\/p>\r\n<hr>\r\n<p><a href=\"https:\/\/www.confagricoltura.org\/bologna\/servizi\/\" target=\"_self\">Servizi<\/a><\/p>\r\n<hr>\r\n<p><a href=\"https:\/\/www.confagricoltura.org\/bologna\/attivita-sindacali\/\" target=\"_self\">Attivit\u00e0 sindacali<\/a><\/p>\r\n<hr>\r\n<p><a href=\"https:\/\/www.confagricoltura.org\/bologna\/organigramma\/\" target=\"_self\">Organigramma<\/a><\/p>\r\n<hr>\r\n<p><a href=\"https:\/\/www.confagricoltura.org\/bologna\/enti-collegati\/\" target=\"_self\">Enti collegati<\/a><\/p>\r\n<hr>\r\n<p><a href=\"https:\/\/www.confagricoltura.org\/bologna\/contatti\/\" target=\"_self\">Contatti<\/a><\/p>\r\n<hr>\r\n\t<p><a href=\"https:\/\/www.confagricoltura.org\/bologna\/link-di-interesse\/\" target=\"_self\">Link di interesse<\/a><\/p>\r\n<hr>\r\n<p><a href=\"https:\/\/www.confagricoltura.org\/bologna\/whistleblowing\/\" target=\"_self\">Whistleblowing<\/a><\/p>\r\n<hr>\r\n<\/div><\/div><div class=\"textwidget custom-html-widget\"><div class=\"sidebar sidebar-blu sidebar-nomenu\">\r\n<h5>Link<\/h5>\r\n<hr>\r\n<a href=\"https:\/\/www.confagricoltura.org\/bologna\/enti-associati\/caa-confagricoltura\/\" target=\"_self\"><p>CAA Confagricoltura Emilia Romagna<\/p><\/a>\r\n<hr>\r\n<a href=\"https:\/\/www.confagricoltura.org\/bologna\/enti-associati\/agriturist\/\" target=\"_self\"><p>Agriturist Bologna<\/p><\/a>\r\n<hr>\r\n<a href=\"https:\/\/www.confagricoltura.org\/bologna\/enti-associati\/anga\/\" target=\"_self\"><p>Anga Giovani Agricoltori<\/p><\/a>\r\n<hr>\r\n<a href=\"https:\/\/www.confagricoltura.org\/bologna\/enti-associati\/enapa\/\" target=\"_self\"><p>Patronato Enapa<\/p><\/a>\r\n<hr>\r\n<a href=\"https:\/\/www.confagricoltura.org\/bologna\/enti-associati\/confagricoltura-donna\/\" target=\"_self\"><p>Confagricoltura Donna<\/p><\/a>\r\n<\/div><\/div><div class=\"textwidget custom-html-widget\"><div class=\"sidebar sidebar-blu sidebar-nomenu\">\r\n<h5>Link di interesse<\/h5>\r\n<hr>\r\n<a href=\"http:\/\/www.terredibologna.it\/\" target=\"_blank\"><p>Terre di Bologna<\/p><\/a>\r\n<hr>\r\n<a href=\"http:\/\/www.agrifidi.it\/\" target=\"_blank\"><p>Agrifidi<\/p><\/a>\r\n<hr>\r\n<a href=\"http:\/\/www.bo.camcom.it\/\" target=\"_blank\"><p>Camera di Commercio di Bologna<\/p><\/a>\r\n<hr>\r\n<a href=\"http:\/\/www.enterisi.it\/\" target=\"_blank\"><p>Ente Nazionale Risi<\/p><\/a>\r\n<hr>\r\n<a href=\"http:\/\/www.anb.it\/\" target=\"_blank\"><p>ANB Associazione Nazionale Bieticoltori<\/p><\/a>\r\n<hr>\r\n<a href=\"http:\/\/www.coprob.com\/\" target=\"_blank\"><p>COPROB Zuccherificio cooperativo<\/p><\/a>\r\n<\/div><\/div><\/ul>\n\n\n\t\t<\/div>\n\t\t\t\t\t<\/div>\n\n\t\n\n\t<div id=\"col-11700446\" class=\"col medium-9 small-12 large-9\"  >\n\t\t\t\t<div class=\"col-inner\"  >\n\t\t\t\n\t\t\t\n\n<h2>Confagricoltura Bologna e le sue strutture collegate svolgono azioni di assistenza e consulenza in ogni campo alle Aziende associate<\/h2>\n<h3>Assistenza tributario \u2013 fiscale<\/h3>\n<p>L\u2019Ufficio tributario fornisce assistenza agli agricoltori in merito alla legislazione fiscale. Nel suo interno operano il servizio IVA, il servizio dichiarazioni dei redditi ed Irap, oltre che al servizio relativo al calcolo I.C.I.<\/p>\n<p>Inoltre si occupa delle varie pratiche inerenti i ricorsi con gli uffici tributari e dell\u2019assistenza nelle successioni.<\/p>\n<h3>Assistenza sindacale<\/h3>\n<p>L\u2019Ufficio Sindacale dell\u2019Unione svolge assistenza in merito ai problemi di ordine sindacale, contributivi e di diritto del lavoro. Nel suo interno opera il Servizio paghe, che provvede per conto dell\u2019imprese a redigere le buste paga dei dipendenti.<\/p>\n<h3>Assistenza legale<\/h3>\n<p>Confagricoltura Bologna fornisce, attraverso propri legali, un servizio di consulenza per tutte le principali problematiche di carattere legale.<\/p>\n<h3>Servizio helpline legale<\/h3>\n<p>Con il supporto dei nostri legali esterni, Studio Legale Associato Mazzanti, ed in aggiunta alal consulenza gi\u00e0 fornita dall\u2019avv. Massimo Mazzanti, Confagricoltura Bologna ha attivato un nuovo servizio di consulenza continuativa via e-mail all\u2019indirizzo\u00a0<a href=\"mailto:infolegaleconfagricolturabo@mazzantilex.com\">infolegaleconfagricolturabo@mazzantilex.com<\/a>, al quale le Aziende Associate potranno rivolgere quesiti sulle principali tematiche del diritto del lavoro e sindacale, diritto agrario, diritto alimentare (responsabilit\u00e0 da prodotto, normative regolamentari europee e nazionali, ispezioni autorit\u00e0 competenti etc.). Il servizio, gratuito e riservato ai Soci, \u00e8 finalizzato a fornire brevi pareri preliminari ed un primo orientamento e supporto alle Aziende Associate nei quesiti di volta in volta sottoposti.<\/p>\n<p>L\u2019assistenza in fase pre-contenziosa o conteziosa, l\u2019analisi di questione complesse o la pianificazione di particolari progetti \u00e8 esclusa dal servizio di helpline e verr\u00e0 fornito, come di consueto, previo contatto diretto con i nostri consulenti.<\/p>\n<p><span class=\"link-with-arrow\"><a href=\"https:\/\/www.confagricoltura.org\/bologna\/wp-content\/uploads\/sites\/12\/2021\/03\/Termini-e-condizioni-servizio-di-helpline.pdf\">Scarica Termini e condizioni servizio di helpline (PDF, 37 Kb )<\/a><\/span><\/p>\n<h3>Assistenza professionale<\/h3>\n<p>Confagricoltura Bologna organizza, attraverso il coordinamento di professionisti e utilizzando la professionalit\u00e0 interdisciplinare presente, i servizi relativi a:<\/p>\n<ul>\n<li>Relazioni tecniche giurate<\/li>\n<li>Assistenza alla compravendita<\/li>\n<li>Assistenza alla divisione patrimoniale<\/li>\n<li>Accatastamenti di fabbricati rurali<\/li>\n<li>Stima consegne e riconsegne di fondi rustici<\/li>\n<li>Assistenza agli espropri e servit\u00f9 prediali<\/li>\n<li>Assistenza nella rivalutazione del valore aree edificabili<\/li>\n<li>Assistenza nella successione ereditaria<\/li>\n<li>Assistenza alla sicurezza sul lavoro e indagini fonometriche<\/li>\n<li>Stima di fondi rustici<\/li>\n<\/ul>\n<h3>Assistenza tecnica ed ambientale<\/h3>\n<p>L\u2019Ufficio tecnico \u00e8 formato da vari comparti organizzati tra di loro che si occupano dei problemi tecnici, ambientali ed economici delle aziende. In particolare le aziende vengono seguite ed assistete lungo tutto l\u2019iter delle varie pratiche di finanziamenti comunitari, nazionali e regionali. Vengono redatte tutte le pratiche di accesso ai vari finanziamenti previsti nei comparti dei seminativi e degli allevamenti. Consiglia sull\u2019ammodernamento delle strutture, della razionalizzazione aziendale ed assiste i soci nei vari Enti Pubblici e nelle amministrazioni locali.<\/p>\n<p>In tale ambito opera\u00a0<u>il C.A.A. Confagricoltura Emilia Romagna s.r.l.<\/u>, societ\u00e0 di servizi che vanno dall\u2019inserimento e aggiornamento delle informazioni contenute nella \u201canagrafe informatica delle aziende agricole&#8221; istituita dalla Regione Emilia Romagna, alla ricezione, validazione ed inoltro di domande per conto di AGREA (ente pagatore regionale) relative a tutte le attivit\u00e0 che transitano da questo organismo con il quale siamo convenzionati: in particolare per accedere ai contributi comunitari, nazionali e regionali nel settore agricolo, seguendo, ovviamente, la delicatissima fase delle istanze presentate alla Pubblica Amministrazione. Inoltre, si occupa di servizi per le aziende che comprendono consulenza normativa in merito ai finanziamenti in agricoltura, consulenza specialistica per settori economici, fornitura di modulistica e documentazione, assistenza in fase istruttoria e nella gestione dei contributi.<\/p>\n<h3>Assistenza contrattuale<\/h3>\n<p>All\u2019interno di Confagricoltura Bologna viene erogata un\u2019assistenza contrattuale alle aziende che conducono in affitto terreni e fondi rustici attraverso l\u2019assistenza fornita dai responsabili dei rispettivi Sindacati di categoria.<\/p>\n<h3>Area espropri e servit\u00f9 territoriali<\/h3>\n<p>Nell\u2019ambito dell\u2019assistenza contrattuale Confagricoltura di Bologna assiste i proprietari dei fondi (siano essi aziende agricole o proprietari che affittano) nelle varie fasi dei procedimenti espropriativi o di pubbliche servit\u00f9, in conformit\u00e0 con leggi vigenti in materia.<\/p>\n<h3>Utenza motori agricoli<\/h3>\n<p>All\u2019interno di Confagricoltura Bologna opera un apposito Ufficio che si occupa di tutte le pratiche inerenti le incombenze delle aziende relative ai fabbisogni e consumi di carburanti agricoli, ne effettua le dichiarazioni annuali e svolge le pratiche relative alle variazioni del parco macchine aziendale.<\/p>\n<h3>Comunicazione e stampa<\/h3>\n<p>Confagricoltura Bologna, fin dalla sua fondazione ha al proprio interno un ufficio stampa che si occupa della comunicazione esterna, attraverso la redazione del quindicinale \u201c<u>Bologna Agricola<\/u>\u201d e cura i rapporti con l\u2019informazione esterna provinciale.<\/p>\n\n\t\t<\/div>\n\t\t\t\t\t<\/div>\n\n\t\n\n<\/div>\n<div class=\"row text-center upper-footer\"  id=\"row-1427754332\">\n\n\n\t<div id=\"col-1652213518\" class=\"col small-12 large-12\"  >\n\t\t\t\t<div class=\"col-inner\"  >\n\t\t\t\n\t\t\t\n\n<hr \/>\n<h1>Ultime notizie<\/h1>\n\n\t\t<\/div>\n\t\t\t\t\t<\/div>\n\n\t\n\n<\/div>\n\n  \n    <div class=\"row blog-post footer-page-post large-columns-4 medium-columns-1 small-columns-1\" >\n  <\/div>\n\n\n\t\t<\/div>\n\n\t\t\n<style>\n#section_1822014367 {\n  padding-top: 30px;\n  padding-bottom: 30px;\n}\n<\/style>\n\t<\/section>\n\t\n<div class=\"row last-update-page\"  id=\"row-1232502863\">\n\n\n\t<div id=\"col-306736818\" class=\"col small-12 large-12\"  >\n\t\t\t\t<div class=\"col-inner\"  >\n\t\t\t\n\t\t\t\n\n<hr>\n<p style=\"text-align: center\"><span data-text-color=\"primary\">Ultima modifica: 11 Maggio 2022<\/span><\/p>\n\n\t\t<\/div>\n\t\t\t\t\t<\/div>\n\n\t\n\n<\/div>\n\n","protected":false},"excerpt":{"rendered":"","protected":false},"author":1,"featured_media":0,"parent":0,"menu_order":0,"comment_status":"closed","ping_status":"closed","template":"page-blank.php","meta":{"wp_mapbox_gl_js_media":[],"footnotes":""},"class_list":["post-1040","page","type-page","status-publish","hentry"],"yoast_head":"<!-- This site is optimized with the Yoast SEO plugin v26.8 - https:\/\/yoast.com\/product\/yoast-seo-wordpress\/ -->\n<title>Servizi - Confagricoltura Bologna<\/title>\n<meta name=\"robots\" content=\"index, follow, max-snippet:-1, max-image-preview:large, max-video-preview:-1\" \/>\n<link rel=\"canonical\" href=\"https:\/\/www.confagricoltura.org\/bologna\/servizi\/\" \/>\n<meta property=\"og:locale\" content=\"it_IT\" \/>\n<meta property=\"og:type\" content=\"article\" \/>\n<meta property=\"og:title\" content=\"Servizi - Confagricoltura Bologna\" \/>\n<meta property=\"og:url\" content=\"https:\/\/www.confagricoltura.org\/bologna\/servizi\/\" \/>\n<meta property=\"og:site_name\" content=\"Confagricoltura Bologna\" \/>\n<meta property=\"article:modified_time\" content=\"2022-05-11T12:31:23+00:00\" \/>\n<meta name=\"twitter:card\" content=\"summary_large_image\" \/>\n<meta name=\"twitter:label1\" content=\"Tempo di lettura stimato\" \/>\n\t<meta name=\"twitter:data1\" content=\"2 minuti\" \/>\n<script type=\"application\/ld+json\" class=\"yoast-schema-graph\">{\"@context\":\"https:\/\/schema.org\",\"@graph\":[{\"@type\":\"WebPage\",\"@id\":\"https:\/\/www.confagricoltura.org\/bologna\/servizi\/\",\"url\":\"https:\/\/www.confagricoltura.org\/bologna\/servizi\/\",\"name\":\"Servizi - Confagricoltura Bologna\",\"isPartOf\":{\"@id\":\"https:\/\/www.confagricoltura.org\/bologna\/#website\"},\"datePublished\":\"2021-02-16T14:16:16+00:00\",\"dateModified\":\"2022-05-11T12:31:23+00:00\",\"breadcrumb\":{\"@id\":\"https:\/\/www.confagricoltura.org\/bologna\/servizi\/#breadcrumb\"},\"inLanguage\":\"it-IT\",\"potentialAction\":[{\"@type\":\"ReadAction\",\"target\":[\"https:\/\/www.confagricoltura.org\/bologna\/servizi\/\"]}]},{\"@type\":\"BreadcrumbList\",\"@id\":\"https:\/\/www.confagricoltura.org\/bologna\/servizi\/#breadcrumb\",\"itemListElement\":[{\"@type\":\"ListItem\",\"position\":1,\"name\":\"Home\",\"item\":\"https:\/\/www.confagricoltura.org\/bologna\/\"},{\"@type\":\"ListItem\",\"position\":2,\"name\":\"Servizi\"}]},{\"@type\":\"WebSite\",\"@id\":\"https:\/\/www.confagricoltura.org\/bologna\/#website\",\"url\":\"https:\/\/www.confagricoltura.org\/bologna\/\",\"name\":\"Confagricoltura Bologna\",\"description\":\"Dalla parte degli Agricoltori\",\"potentialAction\":[{\"@type\":\"SearchAction\",\"target\":{\"@type\":\"EntryPoint\",\"urlTemplate\":\"https:\/\/www.confagricoltura.org\/bologna\/?s={search_term_string}\"},\"query-input\":{\"@type\":\"PropertyValueSpecification\",\"valueRequired\":true,\"valueName\":\"search_term_string\"}}],\"inLanguage\":\"it-IT\"}]}<\/script>\n<!-- \/ Yoast SEO plugin. -->","yoast_head_json":{"title":"Servizi - Confagricoltura Bologna","robots":{"index":"index","follow":"follow","max-snippet":"max-snippet:-1","max-image-preview":"max-image-preview:large","max-video-preview":"max-video-preview:-1"},"canonical":"https:\/\/www.confagricoltura.org\/bologna\/servizi\/","og_locale":"it_IT","og_type":"article","og_title":"Servizi - Confagricoltura Bologna","og_url":"https:\/\/www.confagricoltura.org\/bologna\/servizi\/","og_site_name":"Confagricoltura Bologna","article_modified_time":"2022-05-11T12:31:23+00:00","twitter_card":"summary_large_image","twitter_misc":{"Tempo di lettura stimato":"2 minuti"},"schema":{"@context":"https:\/\/schema.org","@graph":[{"@type":"WebPage","@id":"https:\/\/www.confagricoltura.org\/bologna\/servizi\/","url":"https:\/\/www.confagricoltura.org\/bologna\/servizi\/","name":"Servizi - Confagricoltura Bologna","isPartOf":{"@id":"https:\/\/www.confagricoltura.org\/bologna\/#website"},"datePublished":"2021-02-16T14:16:16+00:00","dateModified":"2022-05-11T12:31:23+00:00","breadcrumb":{"@id":"https:\/\/www.confagricoltura.org\/bologna\/servizi\/#breadcrumb"},"inLanguage":"it-IT","potentialAction":[{"@type":"ReadAction","target":["https:\/\/www.confagricoltura.org\/bologna\/servizi\/"]}]},{"@type":"BreadcrumbList","@id":"https:\/\/www.confagricoltura.org\/bologna\/servizi\/#breadcrumb","itemListElement":[{"@type":"ListItem","position":1,"name":"Home","item":"https:\/\/www.confagricoltura.org\/bologna\/"},{"@type":"ListItem","position":2,"name":"Servizi"}]},{"@type":"WebSite","@id":"https:\/\/www.confagricoltura.org\/bologna\/#website","url":"https:\/\/www.confagricoltura.org\/bologna\/","name":"Confagricoltura Bologna","description":"Dalla parte degli Agricoltori","potentialAction":[{"@type":"SearchAction","target":{"@type":"EntryPoint","urlTemplate":"https:\/\/www.confagricoltura.org\/bologna\/?s={search_term_string}"},"query-input":{"@type":"PropertyValueSpecification","valueRequired":true,"valueName":"search_term_string"}}],"inLanguage":"it-IT"}]}},"_links":{"self":[{"href":"https:\/\/www.confagricoltura.org\/bologna\/wp-json\/wp\/v2\/pages\/1040","targetHints":{"allow":["GET"]}}],"collection":[{"href":"https:\/\/www.confagricoltura.org\/bologna\/wp-json\/wp\/v2\/pages"}],"about":[{"href":"https:\/\/www.confagricoltura.org\/bologna\/wp-json\/wp\/v2\/types\/page"}],"author":[{"embeddable":true,"href":"https:\/\/www.confagricoltura.org\/bologna\/wp-json\/wp\/v2\/users\/1"}],"replies":[{"embeddable":true,"href":"https:\/\/www.confagricoltura.org\/bologna\/wp-json\/wp\/v2\/comments?post=1040"}],"version-history":[{"count":11,"href":"https:\/\/www.confagricoltura.org\/bologna\/wp-json\/wp\/v2\/pages\/1040\/revisions"}],"predecessor-version":[{"id":6177,"href":"https:\/\/www.confagricoltura.org\/bologna\/wp-json\/wp\/v2\/pages\/1040\/revisions\/6177"}],"wp:attachment":[{"href":"https:\/\/www.confagricoltura.org\/bologna\/wp-json\/wp\/v2\/media?parent=1040"}],"curies":[{"name":"wp","href":"https:\/\/api.w.org\/{rel}","templated":true}]}}